{"id":10,"date":"2024-04-02T10:52:59","date_gmt":"2024-04-02T08:52:59","guid":{"rendered":"http:\/\/junikorn.lkwebs.cz\/?page_id=10"},"modified":"2024-05-18T12:13:34","modified_gmt":"2024-05-18T10:13:34","slug":"o-nas","status":"publish","type":"page","link":"https:\/\/www.junikorn.cz\/domains\/junikorn.cz\/o-nas\/","title":{"rendered":"O n\u00e1s"},"content":{"rendered":"\n<p>V\u00edt\u00e1me V\u00e1s na&nbsp;str\u00e1nk\u00e1ch \u010cesko-n\u011bmeck\u00e9 \u0161kolky Junikorn!&nbsp;<\/p>\n\n\n\n<p>Jsme <strong>1. \u010desko-n\u011bmeck\u00e1 \u0161kolka<\/strong> v&nbsp;Plzni pro&nbsp;d\u011bti od 2,5 \u2013 6&nbsp;let, kde o&nbsp;Va\u0161e d\u011bti pe\u010duj\u00ed zku\u0161en\u00ed pedagogov\u00e9, \u010de\u0161t\u00ed a&nbsp;n\u011bme\u010dt\u00ed rodil\u00ed mluv\u010d\u00ed.<strong> Na\u0161\u00ed dom\u00e9nou je bilingu\u00e1ln\u00ed v\u00fdchova, kvalitn\u00ed pedagogick\u00fd pl\u00e1n, vlastn\u00ed zahrada a&nbsp;individu\u00e1ln\u00ed p\u0159\u00edstup.&nbsp;<\/strong>Ka\u017ed\u00fdm rokem utu\u017eujeme na\u0161e vazby s&nbsp;N\u011bmeckem a&nbsp;n\u011bmeck\u00fdmi rodil\u00fdmi mluv\u010d\u00edmi skrze <strong>pravideln\u00e1 setk\u00e1v\u00e1n\u00ed s&nbsp;partnerskou \u0161kolku z&nbsp;Neunkirchenu<\/strong>,&nbsp;<strong>praktikanty<\/strong> a&nbsp;<strong>dobrovoln\u00edky.<\/strong><\/p>\n\n\n\n<p>Na\u0161e d\u011btsk\u00e1 skupina JUNIKORN PLZE\u0147 provozuje kvalitn\u00ed DS jako alternativu k mate\u0159sk\u00fdm \u0161kol\u00e1m. Mezi na\u0161e c\u00edle pat\u0159\u00ed roz\u0161\u00ed\u0159en\u00ed slu\u017eeb p\u00e9\u010de o&nbsp;d\u00edt\u011b v&nbsp;m\u00edst\u011b realizace, sn\u00ed\u017een\u00ed rozd\u00edl\u016f v&nbsp;postaven\u00ed \u017een a&nbsp;mu\u017e\u016f na&nbsp;trhu pr\u00e1ce a&nbsp;slad\u011bn\u00ed pracovn\u00edho a&nbsp;soukrom\u00e9ho \u017eivota. Za mo\u017enost poskytov\u00e1n\u00ed na\u0161ich slu\u017eeb vd\u011b\u010d\u00edme <a href=\"https:\/\/www.junikorn.cz\/domains\/junikorn.cz\/o-nas\/nasi-partneri-2\/\">Evropsk\u00e9mu soci\u00e1ln\u00edmu fondu<\/a>.<\/p>\n\n\n\n<p>Jsme tak\u00e9 centrum pro&nbsp;celou rodinu s&nbsp;\u0161irokou nab\u00eddkou <strong>kurz\u016f a&nbsp;krou\u017ek\u016f pro&nbsp;d\u011bti a&nbsp;dosp\u011bl\u00e9. <\/strong><\/p>\n\n\n\n<p>R\u00e1di V\u00e1m <strong>pronajmeme prostory<\/strong> pro&nbsp;Va\u0161e oslavy, p\u0159edn\u00e1\u0161ky a&nbsp;akce <a href=\"https:\/\/www.junikorn.cz\/domains\/junikorn.cz\/pronajem\/\" target=\"_blank\" rel=\"noopener\" title=\"\">ZDE<\/a>.<\/p>\n\n\n\n<p>D\u011bl\u00e1me v\u0161e tak, jak nejl\u00e9pe um\u00edme ke&nbsp;spokojenosti V\u00e1s a&nbsp;Va\u0161ich d\u011bt\u00ed! A&nbsp;to p\u0159edev\u0161\u00edm proto, \u017ee&nbsp;na\u0161e pr\u00e1ce n\u00e1s bav\u00ed a&nbsp;d\u00e1v\u00e1 n\u00e1m smysl. \u2764\ufe0f<\/p>\n\n\n\n<p><br><\/p>\n\n\n\n<figure class=\"wp-block-image size-large\"><img loading=\"lazy\" decoding=\"async\" width=\"800\" height=\"534\" src=\"https:\/\/www.junikorn.cz\/domains\/junikorn.cz\/domains\/junikorn.cz\/wp-content\/uploads\/2020\/03\/junikorn-o-skolce.jpg\" alt=\"\u010cesko n\u011bmeck\u00e1 \u0161kolka Junikorn Plze\u0148\" class=\"wp-image-346\" srcset=\"https:\/\/www.junikorn.cz\/wp-content\/uploads\/2020\/03\/junikorn-o-skolce.jpg 800w, https:\/\/www.junikorn.cz\/wp-content\/uploads\/2020\/03\/junikorn-o-skolce-300x200.jpg 300w, https:\/\/www.junikorn.cz\/wp-content\/uploads\/2020\/03\/junikorn-o-skolce-768x513.jpg 768w\" sizes=\"auto, (max-width: 800px) 100vw, 800px\" \/><figcaption class=\"wp-element-caption\">Setk\u00e1n\u00ed s&nbsp;partnerskou \u0161kolkou z&nbsp;Neunkirchenu<\/figcaption><\/figure>\n\n\n\n<p><\/p>\n","protected":false},"excerpt":{"rendered":"<p>V\u00edt\u00e1me V\u00e1s na&nbsp;str\u00e1nk\u00e1ch \u010cesko-n\u011bmeck\u00e9 \u0161kolky Junikorn!&nbsp; Jsme 1. \u010desko-n\u011bmeck\u00e1 \u0161kolka v&nbsp;Plzni pro&nbsp;d\u011bti od 2,5 \u2013 6&nbsp;let, kde o&nbsp;Va\u0161e d\u011bti pe\u010duj\u00ed zku\u0161en\u00ed pedagogov\u00e9, \u010de\u0161t\u00ed a&nbsp;n\u011bme\u010dt\u00ed rodil\u00ed mluv\u010d\u00ed. Na\u0161\u00ed dom\u00e9nou je bilingu\u00e1ln\u00ed v\u00fdchova, kvalitn\u00ed pedagogick\u00fd pl\u00e1n, vlastn\u00ed zahrada a&nbsp;individu\u00e1ln\u00ed p\u0159\u00edstup.&nbsp;Ka\u017ed\u00fdm rokem utu\u017eujeme na\u0161e vazby s&nbsp;N\u011bmeckem a&nbsp;n\u011bmeck\u00fdmi rodil\u00fdmi mluv\u010d\u00edmi skrze pravideln\u00e1 setk\u00e1v\u00e1n\u00ed s&nbsp;partnerskou \u0161kolku z&nbsp;Neunkirchenu,&nbsp;praktikanty a&nbsp;dobrovoln\u00edky. Na\u0161e d\u011btsk\u00e1 [&hellip;]<\/p>\n","protected":false},"author":1,"featured_media":0,"parent":0,"menu_order":0,"comment_status":"closed","ping_status":"closed","template":"","meta":{"_uag_custom_page_level_css":"","advgb_blocks_editor_width":"","advgb_blocks_columns_visual_guide":"","ngg_post_thumbnail":0,"footnotes":""},"class_list":["post-10","page","type-page","status-publish","hentry"],"aioseo_notices":[],"uagb_featured_image_src":{"full":false,"thumbnail":false,"medium":false,"medium_large":false,"large":false,"1536x1536":false,"2048x2048":false,"psacp-medium":false},"uagb_author_info":{"display_name":"kuldaoo","author_link":"https:\/\/www.junikorn.cz\/domains\/junikorn.cz\/author\/kuldaoo\/"},"uagb_comment_info":0,"uagb_excerpt":"V\u00edt\u00e1me V\u00e1s na&nbsp;str\u00e1nk\u00e1ch \u010cesko-n\u011bmeck\u00e9 \u0161kolky Junikorn!&nbsp; Jsme 1. \u010desko-n\u011bmeck\u00e1 \u0161kolka v&nbsp;Plzni pro&nbsp;d\u011bti od 2,5 \u2013 6&nbsp;let, kde o&nbsp;Va\u0161e d\u011bti pe\u010duj\u00ed zku\u0161en\u00ed pedagogov\u00e9, \u010de\u0161t\u00ed a&nbsp;n\u011bme\u010dt\u00ed rodil\u00ed mluv\u010d\u00ed. Na\u0161\u00ed dom\u00e9nou je bilingu\u00e1ln\u00ed v\u00fdchova, kvalitn\u00ed pedagogick\u00fd pl\u00e1n, vlastn\u00ed zahrada a&nbsp;individu\u00e1ln\u00ed p\u0159\u00edstup.&nbsp;Ka\u017ed\u00fdm rokem utu\u017eujeme na\u0161e vazby s&nbsp;N\u011bmeckem a&nbsp;n\u011bmeck\u00fdmi rodil\u00fdmi mluv\u010d\u00edmi skrze pravideln\u00e1 setk\u00e1v\u00e1n\u00ed s&nbsp;partnerskou \u0161kolku z&nbsp;Neunkirchenu,&nbsp;praktikanty a&nbsp;dobrovoln\u00edky. Na\u0161e d\u011btsk\u00e1&hellip;","coauthors":[],"author_meta":{"author_link":"https:\/\/www.junikorn.cz\/domains\/junikorn.cz\/author\/kuldaoo\/","display_name":"kuldaoo"},"relative_dates":{"created":"Posted 2 roky ago","modified":"Updated 2 roky ago"},"absolute_dates":{"created":"Posted on 2. 4. 2024","modified":"Updated on 18. 5. 2024"},"absolute_dates_time":{"created":"Posted on 2. 4. 2024 10:52","modified":"Updated on 18. 5. 2024 12:13"},"featured_img_caption":"","featured_img":false,"series_order":"","_links":{"self":[{"href":"https:\/\/www.junikorn.cz\/domains\/junikorn.cz\/wp-json\/wp\/v2\/pages\/10","targetHints":{"allow":["GET"]}}],"collection":[{"href":"https:\/\/www.junikorn.cz\/domains\/junikorn.cz\/wp-json\/wp\/v2\/pages"}],"about":[{"href":"https:\/\/www.junikorn.cz\/domains\/junikorn.cz\/wp-json\/wp\/v2\/types\/page"}],"author":[{"embeddable":true,"href":"https:\/\/www.junikorn.cz\/domains\/junikorn.cz\/wp-json\/wp\/v2\/users\/1"}],"replies":[{"embeddable":true,"href":"https:\/\/www.junikorn.cz\/domains\/junikorn.cz\/wp-json\/wp\/v2\/comments?post=10"}],"version-history":[{"count":18,"href":"https:\/\/www.junikorn.cz\/domains\/junikorn.cz\/wp-json\/wp\/v2\/pages\/10\/revisions"}],"predecessor-version":[{"id":4033,"href":"https:\/\/www.junikorn.cz\/domains\/junikorn.cz\/wp-json\/wp\/v2\/pages\/10\/revisions\/4033"}],"wp:attachment":[{"href":"https:\/\/www.junikorn.cz\/domains\/junikorn.cz\/wp-json\/wp\/v2\/media?parent=10"}],"curies":[{"name":"wp","href":"https:\/\/api.w.org\/{rel}","templated":true}]}}