{"id":1147,"date":"2020-04-24T19:08:05","date_gmt":"2020-04-24T17:08:05","guid":{"rendered":"http:\/\/junikorn.lkwebs.cz\/?page_id=1147"},"modified":"2024-04-02T11:01:41","modified_gmt":"2024-04-02T09:01:41","slug":"uber-uns","status":"publish","type":"page","link":"https:\/\/www.junikorn.cz\/domains\/junikorn.cz\/de\/uber-uns\/","title":{"rendered":"\u00dcBER UNS"},"content":{"rendered":"\n<p>Herzlich willkommen auf&nbsp;unserer Homepage! <\/p>\n\n\n\n<p>Wir sind der<strong> erste tschechisch-deutsche Kindergarten in&nbsp;Pilsen<\/strong> f\u00fcr Kinder von&nbsp;2,5 bis 6&nbsp;Jahren, in&nbsp;dem Ihre&nbsp;Kinder von&nbsp;erfahrenen Lehrern, tschechischen und&nbsp;deutschen Muttersprachlern betreut werden. Zudem\u00a0 treffen wir uns regelm\u00e4\u00dfig mit unserem Partnerkindergarten in&nbsp;Neunkirchen. Unsere Dom\u00e4ne ist <strong>zweisprachiger Unterricht, ein hochwertiger p\u00e4dagogischer Plan, ein eigener Garten sowie&nbsp;ein individueller Ansatz.<\/strong><\/p>\n\n\n\n<p>Wir sind auch ein Familienzentrum mit einer&nbsp;Auswahl an<strong> Kursen f\u00fcr Kinder und&nbsp;Erwachsene<\/strong>. <\/p>\n\n\n\n<p>Gerne<strong> vermieten wir R\u00e4umlichkeiten<\/strong> f\u00fcr Ihre&nbsp;Feiern, Vortr\u00e4ge und&nbsp;Veranstaltungen <a href=\"https:\/\/www.junikorn.cz\/domains\/junikorn.cz\/de\/zu-vermieten\/\" target=\"_blank\" rel=\"noopener\" title=\"\">HIER<\/a>.<\/p>\n\n\n\n<p>Wir tun alles, was wir k\u00f6nnen, f\u00fcr Ihre&nbsp;Zufriedenheit und&nbsp;die von&nbsp;Ihren Kindern! Dies liegt haupts\u00e4chlich daran, dass&nbsp;uns unsere Arbeit Spa\u00df macht und&nbsp;uns erf\u00fcllt.<\/p>\n\n\n\n<figure class=\"wp-block-image size-large\"><img loading=\"lazy\" decoding=\"async\" width=\"800\" height=\"534\" src=\"https:\/\/www.junikorn.cz\/domains\/junikorn.cz\/domains\/junikorn.cz\/wp-content\/uploads\/2020\/03\/junikorn-o-skolce.jpg\" alt=\"\u010cesko n\u011bmeck\u00e1 \u0161kolka Junikorn Plze\u0148\" class=\"wp-image-346\" srcset=\"https:\/\/www.junikorn.cz\/wp-content\/uploads\/2020\/03\/junikorn-o-skolce.jpg 800w, https:\/\/www.junikorn.cz\/wp-content\/uploads\/2020\/03\/junikorn-o-skolce-300x200.jpg 300w, https:\/\/www.junikorn.cz\/wp-content\/uploads\/2020\/03\/junikorn-o-skolce-768x513.jpg 768w\" sizes=\"auto, (max-width: 800px) 100vw, 800px\" \/><figcaption class=\"wp-element-caption\">Treffen mit der&nbsp;Partnerkindergarten aus&nbsp;Neunkirchen.<\/figcaption><\/figure>\n\n\n\n<p><\/p>\n","protected":false},"excerpt":{"rendered":"<p>Herzlich willkommen auf&nbsp;unserer Homepage! Wir sind der erste tschechisch-deutsche Kindergarten in&nbsp;Pilsen f\u00fcr Kinder von&nbsp;2,5 bis 6&nbsp;Jahren, in&nbsp;dem Ihre&nbsp;Kinder von&nbsp;erfahrenen Lehrern, tschechischen und&nbsp;deutschen Muttersprachlern betreut werden. Zudem\u00a0 treffen wir uns regelm\u00e4\u00dfig mit unserem Partnerkindergarten in&nbsp;Neunkirchen. Unsere Dom\u00e4ne ist zweisprachiger Unterricht, ein hochwertiger p\u00e4dagogischer Plan, ein eigener Garten sowie&nbsp;ein individueller Ansatz. Wir sind auch ein Familienzentrum mit [&hellip;]<\/p>\n","protected":false},"author":1,"featured_media":0,"parent":0,"menu_order":0,"comment_status":"closed","ping_status":"closed","template":"","meta":{"_uag_custom_page_level_css":"","advgb_blocks_editor_width":"","advgb_blocks_columns_visual_guide":"","ngg_post_thumbnail":0,"footnotes":""},"class_list":["post-1147","page","type-page","status-publish","hentry"],"aioseo_notices":[],"uagb_featured_image_src":{"full":false,"thumbnail":false,"medium":false,"medium_large":false,"large":false,"1536x1536":false,"2048x2048":false,"psacp-medium":false},"uagb_author_info":{"display_name":"kuldaoo","author_link":"https:\/\/www.junikorn.cz\/domains\/junikorn.cz\/author\/kuldaoo\/"},"uagb_comment_info":0,"uagb_excerpt":"Herzlich willkommen auf&nbsp;unserer Homepage! Wir sind der erste tschechisch-deutsche Kindergarten in&nbsp;Pilsen f\u00fcr Kinder von&nbsp;2,5 bis 6&nbsp;Jahren, in&nbsp;dem Ihre&nbsp;Kinder von&nbsp;erfahrenen Lehrern, tschechischen und&nbsp;deutschen Muttersprachlern betreut werden. Zudem\u00a0 treffen wir uns regelm\u00e4\u00dfig mit unserem Partnerkindergarten in&nbsp;Neunkirchen. Unsere Dom\u00e4ne ist zweisprachiger Unterricht, ein hochwertiger p\u00e4dagogischer Plan, ein eigener Garten sowie&nbsp;ein individueller Ansatz. Wir sind auch ein Familienzentrum mit&hellip;","coauthors":[],"author_meta":{"author_link":"https:\/\/www.junikorn.cz\/domains\/junikorn.cz\/author\/kuldaoo\/","display_name":"kuldaoo"},"relative_dates":{"created":"Posted 6 roky ago","modified":"Updated 2 roky ago"},"absolute_dates":{"created":"Posted on 24. 4. 2020","modified":"Updated on 2. 4. 2024"},"absolute_dates_time":{"created":"Posted on 24. 4. 2020 19:08","modified":"Updated on 2. 4. 2024 11:01"},"featured_img_caption":"","featured_img":false,"series_order":"","_links":{"self":[{"href":"https:\/\/www.junikorn.cz\/domains\/junikorn.cz\/wp-json\/wp\/v2\/pages\/1147","targetHints":{"allow":["GET"]}}],"collection":[{"href":"https:\/\/www.junikorn.cz\/domains\/junikorn.cz\/wp-json\/wp\/v2\/pages"}],"about":[{"href":"https:\/\/www.junikorn.cz\/domains\/junikorn.cz\/wp-json\/wp\/v2\/types\/page"}],"author":[{"embeddable":true,"href":"https:\/\/www.junikorn.cz\/domains\/junikorn.cz\/wp-json\/wp\/v2\/users\/1"}],"replies":[{"embeddable":true,"href":"https:\/\/www.junikorn.cz\/domains\/junikorn.cz\/wp-json\/wp\/v2\/comments?post=1147"}],"version-history":[{"count":7,"href":"https:\/\/www.junikorn.cz\/domains\/junikorn.cz\/wp-json\/wp\/v2\/pages\/1147\/revisions"}],"predecessor-version":[{"id":3990,"href":"https:\/\/www.junikorn.cz\/domains\/junikorn.cz\/wp-json\/wp\/v2\/pages\/1147\/revisions\/3990"}],"wp:attachment":[{"href":"https:\/\/www.junikorn.cz\/domains\/junikorn.cz\/wp-json\/wp\/v2\/media?parent=1147"}],"curies":[{"name":"wp","href":"https:\/\/api.w.org\/{rel}","templated":true}]}}