{"id":1149,"date":"2020-04-24T19:09:08","date_gmt":"2020-04-24T17:09:08","guid":{"rendered":"http:\/\/junikorn.lkwebs.cz\/?page_id=1149"},"modified":"2020-05-04T19:37:01","modified_gmt":"2020-05-04T17:37:01","slug":"kindergarten","status":"publish","type":"page","link":"https:\/\/www.junikorn.cz\/domains\/junikorn.cz\/de\/kindergarten\/","title":{"rendered":"KINDERGARTEN"},"content":{"rendered":"\n<p>Der&nbsp;tschechisch-deutsche Kindergarten Junikorn zeichnet sich durch sein zweisprachiges Bildungssystem aus, das&nbsp;sich auf&nbsp;die deutsche Sprache konzentriert, was uns in&nbsp;Pilsen einzigartig macht. Die&nbsp;regelm\u00e4\u00dfige Anwesenheit der&nbsp;Kinder und&nbsp;der direkte Kontakt mit der&nbsp;Sprache bringen Ergebnisse, die&nbsp;Sie&nbsp;bei der&nbsp;Kommunikation mit Erzieher oder zwischen den&nbsp;Kindern selbst verfolgen k\u00f6nnen. Nach einer&nbsp;bestimmter Zeit sind die&nbsp;Kinder selber f\u00e4hig die&nbsp;Sprachen zu&nbsp;unterscheiden und&nbsp;sie&nbsp;auch bei einem&nbsp;Gespr\u00e4ch richtig zu&nbsp;ben\u00fctzen.\u00a0<\/p>\n\n\n\n<p>Das&nbsp;Tempo des Fremdsprachenerwerbs ist nat\u00fcrlich sehr individuell und&nbsp;h\u00e4ngt von&nbsp;vielen Faktoren ab. Zu&nbsp;denen&nbsp;geh\u00f6ren z. B. Herkunft und&nbsp;Wohnsitz der&nbsp;Familie, Bilingualit\u00e4t in&nbsp;der Familie\/eines Verwandten aus&nbsp;einem anderem Land, Muttersprache des Kindes, den&nbsp;anf\u00e4nglichen Kenntnissen der&nbsp;Sprache, Regelm\u00e4\u00dfigkeit des Besuches der&nbsp;Kita, u.\u00e4. Nach etwa einem&nbsp;halben Jahr Anwesenheit des Kindes in&nbsp;der Kita k\u00f6nnen Sie&nbsp;die ersten Fortschritte sehen, indem das&nbsp;Kind deutsche\/tschechische W\u00f6rter verwendet, Gedichte oder Lieder wiederholt oder die&nbsp;Anweisungen des Lehrers versteht. Nach dem&nbsp;ersten Jahr in&nbsp;unserer Kita steigt der&nbsp;Grad des Verst\u00e4ndnisses erheblich und&nbsp;auch der&nbsp;Wortschatz erweitert sich.<\/p>\n\n\n\n<figure class=\"wp-block-image size-large\"><img loading=\"lazy\" decoding=\"async\" width=\"958\" height=\"519\" src=\"https:\/\/www.junikorn.cz\/domains\/junikorn.cz\/domains\/junikorn.cz\/wp-content\/uploads\/2020\/01\/IMG-20170805-WA0000-e1579448088225.jpg\" alt=\"\" class=\"wp-image-221\" srcset=\"https:\/\/www.junikorn.cz\/wp-content\/uploads\/2020\/01\/IMG-20170805-WA0000-e1579448088225.jpg 958w, https:\/\/www.junikorn.cz\/wp-content\/uploads\/2020\/01\/IMG-20170805-WA0000-e1579448088225-300x163.jpg 300w, https:\/\/www.junikorn.cz\/wp-content\/uploads\/2020\/01\/IMG-20170805-WA0000-e1579448088225-768x416.jpg 768w\" sizes=\"auto, (max-width: 958px) 100vw, 958px\" \/><figcaption>R\u00e4ume des Kindergartens Junikorn<\/figcaption><\/figure>\n","protected":false},"excerpt":{"rendered":"<p>Der&nbsp;tschechisch-deutsche Kindergarten Junikorn zeichnet sich durch sein zweisprachiges Bildungssystem aus, das&nbsp;sich auf&nbsp;die deutsche Sprache konzentriert, was uns in&nbsp;Pilsen einzigartig macht. Die&nbsp;regelm\u00e4\u00dfige Anwesenheit der&nbsp;Kinder und&nbsp;der direkte Kontakt mit der&nbsp;Sprache bringen Ergebnisse, die&nbsp;Sie&nbsp;bei der&nbsp;Kommunikation mit Erzieher oder zwischen den&nbsp;Kindern selbst verfolgen k\u00f6nnen. Nach einer&nbsp;bestimmter Zeit sind die&nbsp;Kinder selber f\u00e4hig die&nbsp;Sprachen zu&nbsp;unterscheiden und&nbsp;sie&nbsp;auch bei einem&nbsp;Gespr\u00e4ch richtig zu&nbsp;ben\u00fctzen.\u00a0 Das&nbsp;Tempo [&hellip;]<\/p>\n","protected":false},"author":1,"featured_media":0,"parent":0,"menu_order":0,"comment_status":"closed","ping_status":"closed","template":"","meta":{"_uag_custom_page_level_css":"","advgb_blocks_editor_width":"","advgb_blocks_columns_visual_guide":"","ngg_post_thumbnail":0,"footnotes":""},"class_list":["post-1149","page","type-page","status-publish","hentry"],"aioseo_notices":[],"uagb_featured_image_src":{"full":false,"thumbnail":false,"medium":false,"medium_large":false,"large":false,"1536x1536":false,"2048x2048":false,"psacp-medium":false},"uagb_author_info":{"display_name":"kuldaoo","author_link":"https:\/\/www.junikorn.cz\/domains\/junikorn.cz\/author\/kuldaoo\/"},"uagb_comment_info":0,"uagb_excerpt":"Der&nbsp;tschechisch-deutsche Kindergarten Junikorn zeichnet sich durch sein zweisprachiges Bildungssystem aus, das&nbsp;sich auf&nbsp;die deutsche Sprache konzentriert, was uns in&nbsp;Pilsen einzigartig macht. Die&nbsp;regelm\u00e4\u00dfige Anwesenheit der&nbsp;Kinder und&nbsp;der direkte Kontakt mit der&nbsp;Sprache bringen Ergebnisse, die&nbsp;Sie&nbsp;bei der&nbsp;Kommunikation mit Erzieher oder zwischen den&nbsp;Kindern selbst verfolgen k\u00f6nnen. Nach einer&nbsp;bestimmter Zeit sind die&nbsp;Kinder selber f\u00e4hig die&nbsp;Sprachen zu&nbsp;unterscheiden und&nbsp;sie&nbsp;auch bei einem&nbsp;Gespr\u00e4ch richtig zu&nbsp;ben\u00fctzen.\u00a0 Das&nbsp;Tempo&hellip;","coauthors":[],"author_meta":{"author_link":"https:\/\/www.junikorn.cz\/domains\/junikorn.cz\/author\/kuldaoo\/","display_name":"kuldaoo"},"relative_dates":{"created":"Posted 6 roky ago","modified":"Updated 6 roky ago"},"absolute_dates":{"created":"Posted on 24. 4. 2020","modified":"Updated on 4. 5. 2020"},"absolute_dates_time":{"created":"Posted on 24. 4. 2020 19:09","modified":"Updated on 4. 5. 2020 19:37"},"featured_img_caption":"","featured_img":false,"series_order":"","_links":{"self":[{"href":"https:\/\/www.junikorn.cz\/domains\/junikorn.cz\/wp-json\/wp\/v2\/pages\/1149","targetHints":{"allow":["GET"]}}],"collection":[{"href":"https:\/\/www.junikorn.cz\/domains\/junikorn.cz\/wp-json\/wp\/v2\/pages"}],"about":[{"href":"https:\/\/www.junikorn.cz\/domains\/junikorn.cz\/wp-json\/wp\/v2\/types\/page"}],"author":[{"embeddable":true,"href":"https:\/\/www.junikorn.cz\/domains\/junikorn.cz\/wp-json\/wp\/v2\/users\/1"}],"replies":[{"embeddable":true,"href":"https:\/\/www.junikorn.cz\/domains\/junikorn.cz\/wp-json\/wp\/v2\/comments?post=1149"}],"version-history":[{"count":3,"href":"https:\/\/www.junikorn.cz\/domains\/junikorn.cz\/wp-json\/wp\/v2\/pages\/1149\/revisions"}],"predecessor-version":[{"id":1377,"href":"https:\/\/www.junikorn.cz\/domains\/junikorn.cz\/wp-json\/wp\/v2\/pages\/1149\/revisions\/1377"}],"wp:attachment":[{"href":"https:\/\/www.junikorn.cz\/domains\/junikorn.cz\/wp-json\/wp\/v2\/media?parent=1149"}],"curies":[{"name":"wp","href":"https:\/\/api.w.org\/{rel}","templated":true}]}}