{"id":1151,"date":"2020-04-24T19:08:56","date_gmt":"2020-04-24T17:08:56","guid":{"rendered":"http:\/\/junikorn.lkwebs.cz\/?page_id=1151"},"modified":"2024-02-14T11:23:11","modified_gmt":"2024-02-14T10:23:11","slug":"zu-vermieten","status":"publish","type":"page","link":"https:\/\/www.junikorn.cz\/domains\/junikorn.cz\/de\/zu-vermieten\/","title":{"rendered":"ZU VERMIETEN"},"content":{"rendered":"\n<p>Suchen Sie&nbsp;einen Raum zum Turnen, f\u00fcr Sportkurse, Seminare oder eine Geburtstagsfeier? Zur kurzfristigen und&nbsp;langfristigen Miete bieten wir eine Turnhalle, ein Spielzimmer, eine K\u00fcche und&nbsp;einen Seminarraum an. Die&nbsp;R\u00e4umlichkeiten k\u00f6nnen die&nbsp;ganze Woche \u00fcber gemietet werden sowie&nbsp;am Wochenende. Bitte kontaktieren Sie&nbsp;uns mit Ihrer Absicht, wann und&nbsp;wie Sie&nbsp;die R\u00e4umlichkeiten nutzen m\u00f6chten und&nbsp;wir werden alles individuell arrangieren.<\/p>\n\n\n\n<div class=\"wp-block-advgb-adv-tabs advgb-tabs-wrapper advgb-tab-horz-desktop advgb-tab-horz-tablet advgb-tab-horz-mobile advgb-tabs-fe9930eb-d98f-48d5-a8d8-aa24178c5423\" data-tab-active=\"0\"><ul class=\"advgb-tabs-panel\"><li class=\"advgb-tab\" style=\"background-color:#c5c3ff;border-style:solid;border-width:1px;border-radius:0px\"><a id=\"\" href=\"#advgb-tabs-tab0\" style=\"color:#fff\"><span>Turnhalle<\/span><\/a><\/li><li class=\"advgb-tab\" style=\"background-color:#c5c3ff;border-style:solid;border-width:1px;border-radius:0px\"><a id=\"\" href=\"#advgb-tabs-tab1\" style=\"color:#fff\"><span>Kinderfeiern<\/span><\/a><\/li><\/ul><div class=\"advgb-tab-body-wrapper\" style=\"background-color:#f9f9f9;border-style:solid;border-width:1px;border-radius:0px\">\n<div class=\"wp-block-advgb-tab advgb-tab-body-container\"><div class=\"advgb-tab-body-header advgb-tab-class-\">Seminarraum<\/div><div class=\"advgb-tab-_59cf27-90 advgb-tab-body\" aria-labelledby=\"advgb-tabs-tab0\">\n<h3 class=\"wp-block-heading\">Turnhalle<\/h3>\n\n\n\n<section class=\"wp-block-uagb-columns uagb-columns__wrap uagb-columns__background-none uagb-columns__stack-mobile uagb-columns__valign- uagb-columns__gap-0 align uagb-block-ea747a3a uagb-columns__columns-2 uagb-columns__max_width-theme\"><div class=\"uagb-columns__overlay\"><\/div><div class=\"uagb-columns__inner-wrap uagb-columns__columns-2\">\n<div class=\"wp-block-uagb-column uagb-column__wrap uagb-column__background-undefined uagb-block-f6da475a\"><div class=\"uagb-column__overlay\"><\/div>\n<h4 class=\"wp-block-heading\">Ausstattung<\/h4>\n\n\n\n<ul class=\"wp-block-list\">\n<li>Gymnastikb\u00e4lle (9 St\u00fcck gro\u00df, 3&nbsp;St\u00fcck Kinder)<\/li>\n\n\n\n<li>Gummib\u00e4nder, Overballs<\/li>\n\n\n\n<li>CD-Player<\/li>\n\n\n\n<li>Matte<\/li>\n\n\n\n<li>B\u00e4nke, Wandstangen<\/li>\n\n\n\n<li>Trainingsmatten (7 Stk.)<\/li>\n\n\n\n<li>Umkleidekabine<\/li>\n<\/ul>\n<\/div>\n\n\n\n<div class=\"wp-block-uagb-column uagb-column__wrap uagb-column__background-undefined uagb-block-1f8f1345\"><div class=\"uagb-column__overlay\"><\/div>\n<h4 class=\"wp-block-heading\">Kapazit\u00e4t<\/h4>\n\n\n\n<ul class=\"wp-block-list\">\n<li>25 &#8211; 30 Pl\u00e4tze f\u00fcr Pr\u00e4sentationen und&nbsp;Seminare (mit St\u00fchlen)<\/li>\n\n\n\n<li>10 &#8211; 12 Pl\u00e4tze (Sportkurse,Yoga)<\/li>\n<\/ul>\n\n\n\n<p>Es&nbsp;steht Ihnen eine kleine K\u00fcche mit Erfrischung gegen eine geringe Geb\u00fchr zur Verf\u00fcgung<\/p>\n\n\n\n<h4 class=\"wp-block-heading\">Preisliste<\/h4>\n\n\n\n<p>Sportstunden ,&nbsp;Seminare und&nbsp;andere <\/p>\n\n\n\n<p>Kurse 1&nbsp;Stunde 250 CZK. <\/p>\n<\/div>\n<\/div><\/section>\n\n\n\n<section class=\"wp-block-uagb-columns uagb-columns__wrap uagb-columns__background-none uagb-columns__stack-mobile uagb-columns__valign- uagb-columns__gap-0 align uagb-block-1a59e6de uagb-columns__columns-2 uagb-columns__max_width-theme\"><div class=\"uagb-columns__overlay\"><\/div><div class=\"uagb-columns__inner-wrap uagb-columns__columns-2\">\n<div class=\"wp-block-uagb-column uagb-column__wrap uagb-column__background-undefined uagb-block-f2ef0bd0\"><div class=\"uagb-column__overlay\"><\/div>\n<figure class=\"wp-block-image size-large border-img\"><img loading=\"lazy\" decoding=\"async\" width=\"640\" height=\"427\" src=\"https:\/\/www.junikorn.cz\/domains\/junikorn.cz\/domains\/junikorn.cz\/wp-content\/uploads\/2020\/03\/telocvicna-1.jpeg\" alt=\"Pron\u00e1jem t\u011blocvi\u010dny Junikorn Plze\u0148\" class=\"wp-image-518\" srcset=\"https:\/\/www.junikorn.cz\/wp-content\/uploads\/2020\/03\/telocvicna-1.jpeg 640w, https:\/\/www.junikorn.cz\/wp-content\/uploads\/2020\/03\/telocvicna-1-300x200.jpeg 300w\" sizes=\"auto, (max-width: 640px) 100vw, 640px\" \/><\/figure>\n<\/div>\n\n\n\n<div class=\"wp-block-uagb-column uagb-column__wrap uagb-column__background-undefined uagb-block-3b8fe566\"><div class=\"uagb-column__overlay\"><\/div>\n<figure class=\"wp-block-image size-large border-img\"><img loading=\"lazy\" decoding=\"async\" width=\"640\" height=\"427\" src=\"https:\/\/www.junikorn.cz\/domains\/junikorn.cz\/domains\/junikorn.cz\/wp-content\/uploads\/2020\/03\/telocvicna-2.jpeg\" alt=\"Pron\u00e1jem t\u011blocvi\u010dny Junikorn Plze\u0148\" class=\"wp-image-519\" srcset=\"https:\/\/www.junikorn.cz\/wp-content\/uploads\/2020\/03\/telocvicna-2.jpeg 640w, https:\/\/www.junikorn.cz\/wp-content\/uploads\/2020\/03\/telocvicna-2-300x200.jpeg 300w\" sizes=\"auto, (max-width: 640px) 100vw, 640px\" \/><\/figure>\n<\/div>\n<\/div><\/section>\n<\/div><\/div>\n\n\n\n<div class=\"wp-block-advgb-tab advgb-tab-body-container\"><div class=\"advgb-tab-body-header advgb-tab-class-\">Turnhalle<\/div><div class=\"advgb-tab-_6547d3-28 advgb-tab-body\" aria-labelledby=\"advgb-tabs-tab1\">\n<h3 class=\"wp-block-heading\">Kinderfeiern<\/h3>\n\n\n\n<p>Gerne stellen wir Ihnen unsere Kindergartenr\u00e4ume zur Verf\u00fcgung &#8211; Kinderspielzimmer, Turnhalle und&nbsp;K\u00fcche w\u00e4hrend der&nbsp;Woche nachmittags ab 17:00 Uhr, am Wochenende jederzeit nach Vereinbarung. Erfrischungen k\u00f6nnen in&nbsp;der K\u00fcche gegen eine geringe Geb\u00fchr verwendet werden.<\/p>\n\n\n\n<h4 class=\"wp-block-heading\">Preisliste f\u00fcr die&nbsp;R\u00e4umlichkeiten f\u00fcr eine Kinderfeier<\/h4>\n\n\n\n<p>Veranstaltung an den&nbsp;Werktagen ab 17 Uhr: 500 CZK<br>Wochenendveranstaltung: 1&nbsp;500 CZK \/ Tag<\/p>\n\n\n\n<p>F\u00fcr die&nbsp;Organisation Ihrer Kinderfeier empfehlen wir die&nbsp;<a href=\"https:\/\/www.facebook.com\/spuntparty.cz\/\">\u0160punt-Party<\/a>,&nbsp;die&nbsp;die ganze Feier wunderbar f\u00fcr Sie&nbsp;vorbereitet und&nbsp;ein gro\u00dfartiges Programm f\u00fcr die&nbsp;Geburtstagsfeier und&nbsp;Ihre&nbsp;G\u00e4ste bietet.&nbsp;\ud83d\ude42 <\/p>\n\n\n\n<figure class=\"wp-block-gallery has-nested-images columns-2 is-cropped wp-block-gallery-1 is-layout-flex wp-block-gallery-is-layout-flex\">\n<figure class=\"wp-block-image size-large\"><img loading=\"lazy\" decoding=\"async\" width=\"640\" height=\"427\" data-id=\"3868\" src=\"https:\/\/www.junikorn.cz\/domains\/junikorn.cz\/wp-content\/uploads\/2024\/02\/junikorn-pronajem-detske-oslavy2.jpg\" alt=\"\" class=\"wp-image-3868\" srcset=\"https:\/\/www.junikorn.cz\/wp-content\/uploads\/2024\/02\/junikorn-pronajem-detske-oslavy2.jpg 640w, https:\/\/www.junikorn.cz\/wp-content\/uploads\/2024\/02\/junikorn-pronajem-detske-oslavy2-300x200.jpg 300w\" sizes=\"auto, (max-width: 640px) 100vw, 640px\" \/><\/figure>\n\n\n\n<figure class=\"wp-block-image size-large\"><img loading=\"lazy\" decoding=\"async\" width=\"1024\" height=\"823\" data-id=\"3838\" src=\"https:\/\/www.junikorn.cz\/domains\/junikorn.cz\/wp-content\/uploads\/2024\/02\/IMG_0891-1-1024x823.jpg\" alt=\"\" class=\"wp-image-3838\" srcset=\"https:\/\/www.junikorn.cz\/wp-content\/uploads\/2024\/02\/IMG_0891-1-1024x823.jpg 1024w, https:\/\/www.junikorn.cz\/wp-content\/uploads\/2024\/02\/IMG_0891-1-300x241.jpg 300w, https:\/\/www.junikorn.cz\/wp-content\/uploads\/2024\/02\/IMG_0891-1-768x617.jpg 768w, https:\/\/www.junikorn.cz\/wp-content\/uploads\/2024\/02\/IMG_0891-1-1536x1234.jpg 1536w, https:\/\/www.junikorn.cz\/wp-content\/uploads\/2024\/02\/IMG_0891-1-2048x1645.jpg 2048w\" sizes=\"auto, (max-width: 1024px) 100vw, 1024px\" \/><\/figure>\n\n\n\n<figure class=\"wp-block-image size-large\"><img loading=\"lazy\" decoding=\"async\" width=\"1024\" height=\"768\" data-id=\"3836\" src=\"https:\/\/www.junikorn.cz\/domains\/junikorn.cz\/wp-content\/uploads\/2024\/02\/IMG_0890-1024x768.jpg\" alt=\"\" class=\"wp-image-3836\" srcset=\"https:\/\/www.junikorn.cz\/wp-content\/uploads\/2024\/02\/IMG_0890-1024x768.jpg 1024w, https:\/\/www.junikorn.cz\/wp-content\/uploads\/2024\/02\/IMG_0890-300x225.jpg 300w, https:\/\/www.junikorn.cz\/wp-content\/uploads\/2024\/02\/IMG_0890-768x576.jpg 768w, https:\/\/www.junikorn.cz\/wp-content\/uploads\/2024\/02\/IMG_0890-1536x1152.jpg 1536w, https:\/\/www.junikorn.cz\/wp-content\/uploads\/2024\/02\/IMG_0890-2048x1536.jpg 2048w\" sizes=\"auto, (max-width: 1024px) 100vw, 1024px\" \/><\/figure>\n\n\n\n<figure class=\"wp-block-image size-large\"><img loading=\"lazy\" decoding=\"async\" width=\"1024\" height=\"768\" data-id=\"3837\" src=\"https:\/\/www.junikorn.cz\/domains\/junikorn.cz\/wp-content\/uploads\/2024\/02\/IMG_1151-1024x768.jpg\" alt=\"\" class=\"wp-image-3837\" srcset=\"https:\/\/www.junikorn.cz\/wp-content\/uploads\/2024\/02\/IMG_1151-1024x768.jpg 1024w, https:\/\/www.junikorn.cz\/wp-content\/uploads\/2024\/02\/IMG_1151-300x225.jpg 300w, https:\/\/www.junikorn.cz\/wp-content\/uploads\/2024\/02\/IMG_1151-768x576.jpg 768w, https:\/\/www.junikorn.cz\/wp-content\/uploads\/2024\/02\/IMG_1151-1536x1152.jpg 1536w, https:\/\/www.junikorn.cz\/wp-content\/uploads\/2024\/02\/IMG_1151-2048x1536.jpg 2048w\" sizes=\"auto, (max-width: 1024px) 100vw, 1024px\" \/><\/figure>\n<\/figure>\n<\/div><\/div>\n<\/div><\/div>\n\n\n\n<p><\/p>\n<style class=\"advgb-styles-renderer\">.advgb-tabs-fe9930eb-d98f-48d5-a8d8-aa24178c5423 ul.advgb-tabs-panel li.advgb-tab.advgb-tab-active {background-color:#5954d6&nbsp;!important;color:#fff&nbsp;!important;}#advgb-tabs-fe9930eb-d98f-48d5-a8d8-aa24178c5423 .advgb-tab-body-header.header-active, .advgb-tabs-fe9930eb-d98f-48d5-a8d8-aa24178c5423 .advgb-tab-body-header.header-active{background-color:#5954d6&nbsp;!important;color:#fff&nbsp;!important;}<\/style>","protected":false},"excerpt":{"rendered":"<p>Suchen Sie&nbsp;einen Raum zum Turnen, f\u00fcr Sportkurse, Seminare oder eine Geburtstagsfeier? Zur kurzfristigen und&nbsp;langfristigen Miete bieten wir eine Turnhalle, ein Spielzimmer, eine K\u00fcche und&nbsp;einen Seminarraum an. Die&nbsp;R\u00e4umlichkeiten k\u00f6nnen die&nbsp;ganze Woche \u00fcber gemietet werden sowie&nbsp;am Wochenende. Bitte kontaktieren Sie&nbsp;uns mit Ihrer Absicht, wann und&nbsp;wie Sie&nbsp;die R\u00e4umlichkeiten nutzen m\u00f6chten und&nbsp;wir werden alles individuell arrangieren.<\/p>\n","protected":false},"author":1,"featured_media":0,"parent":0,"menu_order":0,"comment_status":"closed","ping_status":"closed","template":"","meta":{"_uag_custom_page_level_css":"","advgb_blocks_editor_width":"","advgb_blocks_columns_visual_guide":"","ngg_post_thumbnail":0,"footnotes":""},"class_list":["post-1151","page","type-page","status-publish","hentry"],"aioseo_notices":[],"uagb_featured_image_src":{"full":false,"thumbnail":false,"medium":false,"medium_large":false,"large":false,"1536x1536":false,"2048x2048":false,"psacp-medium":false},"uagb_author_info":{"display_name":"kuldaoo","author_link":"https:\/\/www.junikorn.cz\/domains\/junikorn.cz\/author\/kuldaoo\/"},"uagb_comment_info":0,"uagb_excerpt":"Suchen Sie&nbsp;einen Raum zum Turnen, f\u00fcr Sportkurse, Seminare oder eine Geburtstagsfeier? Zur kurzfristigen und&nbsp;langfristigen Miete bieten wir eine Turnhalle, ein Spielzimmer, eine K\u00fcche und&nbsp;einen Seminarraum an. Die&nbsp;R\u00e4umlichkeiten k\u00f6nnen die&nbsp;ganze Woche \u00fcber gemietet werden sowie&nbsp;am Wochenende. Bitte kontaktieren Sie&nbsp;uns mit Ihrer Absicht, wann und&nbsp;wie Sie&nbsp;die R\u00e4umlichkeiten nutzen m\u00f6chten und&nbsp;wir werden alles individuell arrangieren.","coauthors":[],"author_meta":{"author_link":"https:\/\/www.junikorn.cz\/domains\/junikorn.cz\/author\/kuldaoo\/","display_name":"kuldaoo"},"relative_dates":{"created":"Posted 6 roky ago","modified":"Updated 2 roky ago"},"absolute_dates":{"created":"Posted on 24. 4. 2020","modified":"Updated on 14. 2. 2024"},"absolute_dates_time":{"created":"Posted on 24. 4. 2020 19:08","modified":"Updated on 14. 2. 2024 11:23"},"featured_img_caption":"","featured_img":false,"series_order":"","_links":{"self":[{"href":"https:\/\/www.junikorn.cz\/domains\/junikorn.cz\/wp-json\/wp\/v2\/pages\/1151","targetHints":{"allow":["GET"]}}],"collection":[{"href":"https:\/\/www.junikorn.cz\/domains\/junikorn.cz\/wp-json\/wp\/v2\/pages"}],"about":[{"href":"https:\/\/www.junikorn.cz\/domains\/junikorn.cz\/wp-json\/wp\/v2\/types\/page"}],"author":[{"embeddable":true,"href":"https:\/\/www.junikorn.cz\/domains\/junikorn.cz\/wp-json\/wp\/v2\/users\/1"}],"replies":[{"embeddable":true,"href":"https:\/\/www.junikorn.cz\/domains\/junikorn.cz\/wp-json\/wp\/v2\/comments?post=1151"}],"version-history":[{"count":14,"href":"https:\/\/www.junikorn.cz\/domains\/junikorn.cz\/wp-json\/wp\/v2\/pages\/1151\/revisions"}],"predecessor-version":[{"id":3877,"href":"https:\/\/www.junikorn.cz\/domains\/junikorn.cz\/wp-json\/wp\/v2\/pages\/1151\/revisions\/3877"}],"wp:attachment":[{"href":"https:\/\/www.junikorn.cz\/domains\/junikorn.cz\/wp-json\/wp\/v2\/media?parent=1151"}],"curies":[{"name":"wp","href":"https:\/\/api.w.org\/{rel}","templated":true}]}}