{"id":1152,"date":"2020-04-24T19:10:17","date_gmt":"2020-04-24T17:10:17","guid":{"rendered":"http:\/\/junikorn.lkwebs.cz\/?page_id=1152"},"modified":"2024-05-18T17:48:14","modified_gmt":"2024-05-18T15:48:14","slug":"kontakt","status":"publish","type":"page","link":"https:\/\/www.junikorn.cz\/domains\/junikorn.cz\/de\/kontakt\/","title":{"rendered":"KONTAKT"},"content":{"rendered":"\n<div class=\"wp-block-columns is-layout-flex wp-container-core-columns-is-layout-9d6595d7 wp-block-columns-is-layout-flex\">\n<div class=\"wp-block-column is-layout-flow wp-block-column-is-layout-flow\">\n<h2 class=\"wp-block-heading\"> Junikorn z. s. <\/h2>\n\n\n\n<p>Wir sind der&nbsp;1. tschechisch-deutsche Kindergarten in&nbsp;Pilsen f\u00fcr Kinder von&nbsp;2.5\u00a0bis 6\u00a0Jahren, in&nbsp;dem tschechische und&nbsp;deutsche Muttersprachler auf&nbsp;Ihre&nbsp;Kinder aufpassen. Wir sind seit 2014 Ihre&nbsp;Helfer, wenn&nbsp;es darum geht, Familie und&nbsp;Beruf in&nbsp;Einklang zu&nbsp;bringen. Unser Ziel ist f\u00fcr gl\u00fcckliche Kinder, Eltern und&nbsp;ein gl\u00fcckliches Team zu&nbsp;sorgen. Wir schaffen eine Gemeinschaft, die&nbsp;Kinder gemeinsam zu&nbsp;Liebe und&nbsp;Respekt erzieht. Wir legen Wert auf&nbsp;Umweltschutz und&nbsp;gesunde Ern\u00e4hrung.<\/p>\n\n\n\n<h3 class=\"wp-block-heading\">Kontaktieren Sie&nbsp;uns<\/h3>\n\n\n\n\n<div class=\"wpcf7 no-js\" id=\"wpcf7-f220-o1\" lang=\"cs-CZ\" dir=\"ltr\" data-wpcf7-id=\"220\">\n<div class=\"screen-reader-response\"><p role=\"status\" aria-live=\"polite\" aria-atomic=\"true\"><\/p> <ul><\/ul><\/div>\n<form action=\"\/domains\/junikorn.cz\/wp-json\/wp\/v2\/pages\/1152#wpcf7-f220-o1\" method=\"post\" class=\"wpcf7-form init\" aria-label=\"Kontaktn\u00ed formul\u00e1\u0159\" novalidate=\"novalidate\" data-status=\"init\">\n<fieldset class=\"hidden-fields-container\"><input type=\"hidden\" name=\"_wpcf7\" value=\"220\" \/><input type=\"hidden\" name=\"_wpcf7_version\" value=\"6.1.5\" \/><input type=\"hidden\" name=\"_wpcf7_locale\" value=\"cs_CZ\" \/><input type=\"hidden\" name=\"_wpcf7_unit_tag\" value=\"wpcf7-f220-o1\" \/><input type=\"hidden\" name=\"_wpcf7_container_post\" value=\"0\" \/><input type=\"hidden\" name=\"_wpcf7_posted_data_hash\" value=\"\" \/><input type=\"hidden\" name=\"_wpcf7_recaptcha_response\" value=\"\" \/>\n<\/fieldset>\n<p><label><span class=\"wpcf7-form-control-wrap\" data-name=\"your-name\"><input size=\"40\" maxlength=\"400\" class=\"wpcf7-form-control wpcf7-text wpcf7-validates-as-required\" aria-required=\"true\" aria-invalid=\"false\" placeholder=\"Va\u0161e jm\u00e9no (po\u017eadov\u00e1no) \/ Ihr Name (erforderlich)\" value=\"\" type=\"text\" name=\"your-name\" \/><\/span> <\/label>\n<\/p>\n<p><label><span class=\"wpcf7-form-control-wrap\" data-name=\"your-email\"><input size=\"40\" maxlength=\"400\" class=\"wpcf7-form-control wpcf7-email wpcf7-validates-as-required wpcf7-text wpcf7-validates-as-email\" aria-required=\"true\" aria-invalid=\"false\" placeholder=\"E-mail (po\u017eadov\u00e1no) \/ E-Mail (erforderlich)\" value=\"\" type=\"email\" name=\"your-email\" \/><\/span> <\/label>\n<\/p>\n<p><label><span class=\"wpcf7-form-control-wrap\" data-name=\"your-message\"><textarea cols=\"40\" rows=\"10\" maxlength=\"2000\" class=\"wpcf7-form-control wpcf7-textarea\" aria-invalid=\"false\" placeholder=\"Va\u0161e zpr\u00e1va (po\u017eadov\u00e1no) \/ Ihre Nachricht (erforderlich)\" name=\"your-message\"><\/textarea><\/span> <\/label>\n<\/p>\n<p><input class=\"wpcf7-form-control wpcf7-submit has-spinner\" type=\"submit\" value=\"Odeslat \/ senden\" \/>\n<\/p><div class=\"wpcf7-response-output\" aria-hidden=\"true\"><\/div>\n<\/form>\n<\/div>\n\n<\/div>\n\n\n\n<div class=\"wp-block-column is-layout-flow wp-block-column-is-layout-flow\">\n<iframe loading=\"lazy\" src=\"https:\/\/www.google.com\/maps\/embed?pb=!1m18!1m12!1m3!1d2577.146580841259!2d13.361660215926236!3d49.764499644432014!2m3!1f0!2f0!3f0!3m2!1i1024!2i768!4f13.1!3m3!1m2!1s0x470af1e5af0636ab%3A0x298da20602c9e503!2sJunikorn!5e0!3m2!1sen!2scz!4v1578335757859!5m2!1sen!2scz\" allowfullscreen=\"\" width=\"100%\" height=\"400\" frameborder=\"0\"><\/iframe>\n\n\n\n<p><strong>Adresa:<\/strong>&nbsp;Stra\u00dfe Bo\u017eeny N\u011bmcov\u00e9 3, 323 00 Plze\u0148 1<br><strong>E-mail:<\/strong>&nbsp;info@junikorn.cz<br><strong>I\u010cO:<\/strong>&nbsp;024 88&nbsp;311 <\/p>\n\n\n\n<div class=\"wp-block-columns is-layout-flex wp-container-core-columns-is-layout-9d6595d7 wp-block-columns-is-layout-flex\">\n<div class=\"wp-block-column is-layout-flow wp-block-column-is-layout-flow\">\n<h3 class=\"wp-block-heading\">Leitung<\/h3>\n\n\n\n<p><strong>Ing. Jana Kone\u010dn\u00e1<br><\/strong> +420 737 655 865<\/p>\n<\/div>\n\n\n\n<div class=\"wp-block-column is-layout-flow wp-block-column-is-layout-flow\">\n<h3 class=\"wp-block-heading\">Vertretung<\/h3>\n\n\n\n<p>I<strong>ng. Dagmar \u0160ourkov\u00e1<br><\/strong> +420 724 353 143<\/p>\n<\/div>\n<\/div>\n<\/div>\n<\/div>\n\n\n\n<hr class=\"wp-block-separator has-text-color has-vivid-cyan-blue-color has-css-opacity has-vivid-cyan-blue-background-color has-background\"\/>\n\n\n\n<h3 class=\"wp-block-heading\">Wie erreichen Sie&nbsp;uns?<\/h3>\n\n\n\n<div class=\"wp-block-columns is-layout-flex wp-container-core-columns-is-layout-9d6595d7 wp-block-columns-is-layout-flex\">\n<div class=\"wp-block-column is-layout-flow wp-block-column-is-layout-flow\"><div class=\"wp-block-image\">\n<figure class=\"aligncenter size-large\"><img loading=\"lazy\" decoding=\"async\" width=\"128\" height=\"128\" src=\"https:\/\/www.junikorn.cz\/domains\/junikorn.cz\/domains\/junikorn.cz\/wp-content\/uploads\/2020\/01\/electric-bus.png\" alt=\"\" class=\"wp-image-231\"\/><\/figure>\n<\/div>\n\n\n<p class=\"has-text-align-center\">Mit den&nbsp;\u00f6ffentlichen Verkehrsmitteln<\/p>\n\n\n\n<p>Wenn&nbsp;Sie&nbsp;aus der&nbsp;Innenstadt kommen, nehmen Sie&nbsp;die Stra\u00dfenbahnlinie Nr.&nbsp;4 in&nbsp;Richtung \u201cKo\u0161utka\u201d und&nbsp;steigen an der&nbsp;Haltestelle \u201cBo\u017eena&nbsp;N\u011bmcov\u00e1\u201d aus. Unsere Villa befindet sich nur 50 Meter von&nbsp;der&nbsp;Stra\u00dfenbahnhaltestelle entfernt. Auf&nbsp;der linken Seite befindet sich die&nbsp;erste gelbe Villa mit Garten und&nbsp;mit blauem Tor. Die&nbsp;Fahrzeit vom Stadtzentrum betr\u00e4gt 8&nbsp;Minuten. Bitte beachten Sie&nbsp;die Kindersicherung an der&nbsp;Gartent\u00fcre. <\/p>\n<\/div>\n\n\n\n<div class=\"wp-block-column is-layout-flow wp-block-column-is-layout-flow\"><div class=\"wp-block-image\">\n<figure class=\"aligncenter size-large is-resized\"><img loading=\"lazy\" decoding=\"async\" width=\"128\" height=\"128\" src=\"https:\/\/www.junikorn.cz\/domains\/junikorn.cz\/domains\/junikorn.cz\/wp-content\/uploads\/2020\/01\/car-e1579446255458.png\" alt=\"\" class=\"wp-image-233\" style=\"width:128px;height:128px\"\/><\/figure>\n<\/div>\n\n\n<p class=\"has-text-align-center\">Anfahrt mit dem&nbsp;Auto<\/p>\n\n\n\n<p>Wenn&nbsp;Sie&nbsp;vom Zentrum aus&nbsp;fahren, fahren Sie&nbsp;auf der&nbsp;\u201cKarlovarsk\u00e1\u201d in&nbsp;Richtung \u201cKo\u0161utka\u201d. Biegen Sie&nbsp;links in&nbsp;die \u201cNa Chmelnic\u00edch\u201d ab und&nbsp;sofort rechts in&nbsp;die \u201cKot\u00edkovsk\u00e1\u201d. Folgen Sie&nbsp;der Stra\u00dfe und&nbsp;parken sie&nbsp;in&nbsp;der \u201cChot\u00edkovsk\u00e1\u201d. Auf&nbsp;der linken Seite in&nbsp;Richtung des Krankenhauses \u201cPrivamed\u201d befinden sich einige kostenlose Parkpl\u00e4tze. Von&nbsp;dort gehen sie&nbsp;rechts in&nbsp;die Stra\u00dfe \u201cBo\u017eena N\u011bmcov\u00e1\u201d &#8211; nach 30 Metern erreichen Sie&nbsp;uns. Unsere Villa ist das&nbsp;letzte Geb\u00e4ude (gelb) mit einem&nbsp;gro\u00dfen Garten und&nbsp;blauem Tor auf&nbsp;der linken Seite. Bitte beachten Sie&nbsp;die Kindersicherung an der&nbsp;Gartent\u00fcre.<\/p>\n<\/div>\n<\/div>\n","protected":false},"excerpt":{"rendered":"<p>Junikorn z. s. Wir sind der&nbsp;1. tschechisch-deutsche Kindergarten in&nbsp;Pilsen f\u00fcr Kinder von&nbsp;2.5\u00a0bis 6\u00a0Jahren, in&nbsp;dem tschechische und&nbsp;deutsche Muttersprachler auf&nbsp;Ihre&nbsp;Kinder aufpassen. Wir sind seit 2014 Ihre&nbsp;Helfer, wenn&nbsp;es darum geht, Familie und&nbsp;Beruf in&nbsp;Einklang zu&nbsp;bringen. Unser Ziel ist f\u00fcr gl\u00fcckliche Kinder, Eltern und&nbsp;ein gl\u00fcckliches Team zu&nbsp;sorgen. Wir schaffen eine Gemeinschaft, die&nbsp;Kinder gemeinsam zu&nbsp;Liebe und&nbsp;Respekt erzieht. Wir legen Wert auf&nbsp;Umweltschutz [&hellip;]<\/p>\n","protected":false},"author":1,"featured_media":0,"parent":0,"menu_order":0,"comment_status":"closed","ping_status":"closed","template":"","meta":{"_uag_custom_page_level_css":"","advgb_blocks_editor_width":"","advgb_blocks_columns_visual_guide":"","ngg_post_thumbnail":0,"footnotes":""},"class_list":["post-1152","page","type-page","status-publish","hentry"],"aioseo_notices":[],"uagb_featured_image_src":{"full":false,"thumbnail":false,"medium":false,"medium_large":false,"large":false,"1536x1536":false,"2048x2048":false,"psacp-medium":false},"uagb_author_info":{"display_name":"kuldaoo","author_link":"https:\/\/www.junikorn.cz\/domains\/junikorn.cz\/author\/kuldaoo\/"},"uagb_comment_info":0,"uagb_excerpt":"Junikorn z. s. Wir sind der&nbsp;1. tschechisch-deutsche Kindergarten in&nbsp;Pilsen f\u00fcr Kinder von&nbsp;2.5\u00a0bis 6\u00a0Jahren, in&nbsp;dem tschechische und&nbsp;deutsche Muttersprachler auf&nbsp;Ihre&nbsp;Kinder aufpassen. Wir sind seit 2014 Ihre&nbsp;Helfer, wenn&nbsp;es darum geht, Familie und&nbsp;Beruf in&nbsp;Einklang zu&nbsp;bringen. Unser Ziel ist f\u00fcr gl\u00fcckliche Kinder, Eltern und&nbsp;ein gl\u00fcckliches Team zu&nbsp;sorgen. Wir schaffen eine Gemeinschaft, die&nbsp;Kinder gemeinsam zu&nbsp;Liebe und&nbsp;Respekt erzieht. Wir legen Wert auf&nbsp;Umweltschutz&hellip;","coauthors":[],"author_meta":{"author_link":"https:\/\/www.junikorn.cz\/domains\/junikorn.cz\/author\/kuldaoo\/","display_name":"kuldaoo"},"relative_dates":{"created":"Posted 6 roky ago","modified":"Updated 2 roky ago"},"absolute_dates":{"created":"Posted on 24. 4. 2020","modified":"Updated on 18. 5. 2024"},"absolute_dates_time":{"created":"Posted on 24. 4. 2020 19:10","modified":"Updated on 18. 5. 2024 17:48"},"featured_img_caption":"","featured_img":false,"series_order":"","_links":{"self":[{"href":"https:\/\/www.junikorn.cz\/domains\/junikorn.cz\/wp-json\/wp\/v2\/pages\/1152","targetHints":{"allow":["GET"]}}],"collection":[{"href":"https:\/\/www.junikorn.cz\/domains\/junikorn.cz\/wp-json\/wp\/v2\/pages"}],"about":[{"href":"https:\/\/www.junikorn.cz\/domains\/junikorn.cz\/wp-json\/wp\/v2\/types\/page"}],"author":[{"embeddable":true,"href":"https:\/\/www.junikorn.cz\/domains\/junikorn.cz\/wp-json\/wp\/v2\/users\/1"}],"replies":[{"embeddable":true,"href":"https:\/\/www.junikorn.cz\/domains\/junikorn.cz\/wp-json\/wp\/v2\/comments?post=1152"}],"version-history":[{"count":15,"href":"https:\/\/www.junikorn.cz\/domains\/junikorn.cz\/wp-json\/wp\/v2\/pages\/1152\/revisions"}],"predecessor-version":[{"id":4053,"href":"https:\/\/www.junikorn.cz\/domains\/junikorn.cz\/wp-json\/wp\/v2\/pages\/1152\/revisions\/4053"}],"wp:attachment":[{"href":"https:\/\/www.junikorn.cz\/domains\/junikorn.cz\/wp-json\/wp\/v2\/media?parent=1152"}],"curies":[{"name":"wp","href":"https:\/\/api.w.org\/{rel}","templated":true}]}}