{"id":1173,"date":"2020-04-24T19:42:56","date_gmt":"2020-04-24T17:42:56","guid":{"rendered":"http:\/\/junikorn.lkwebs.cz\/?page_id=1173"},"modified":"2024-05-18T13:05:46","modified_gmt":"2024-05-18T11:05:46","slug":"tagesablauf","status":"publish","type":"page","link":"https:\/\/www.junikorn.cz\/domains\/junikorn.cz\/de\/kindergarten\/tagesablauf\/","title":{"rendered":"TAGESABLAUF"},"content":{"rendered":"\n<p>Im&nbsp;Junikorn k\u00fcmmern wir uns von&nbsp;Montag bis Freitag von&nbsp;7:00 bis 17:00 Uhr um Ihre&nbsp;Kinder. Wir freuen uns, Ihre&nbsp;Bed\u00fcrfnisse erf\u00fcllen zu&nbsp;d\u00fcrfen. Daher ist der&nbsp;Kindergarten auch in&nbsp;den Sommermonaten &#8211; bis auf&nbsp;eine zweiw\u00f6chige Betriebspause &#8211; ge\u00f6ffnet, die&nbsp;immer in&nbsp;den ersten zwei Wochen im&nbsp;Juli ist. Wir laden Freunde und&nbsp;neugierige Familien mit Kindern in&nbsp;den Junikorn ein, deren Kindergarten w\u00e4hrend der&nbsp;Sommermonate geschlossen ist.<\/p>\n\n\n\n<p>Im&nbsp;Nachmittagsprogramm bieten wir im&nbsp;Rahmen unserer Kurse eine Reihe von&nbsp;Aktivit\u00e4ten f\u00fcr Kinder und&nbsp;Erwachsene an. Das&nbsp;aktuelle Angebot finden Sie&nbsp;<a href=\"https:\/\/www.junikorn.cz\/domains\/junikorn.cz\/kurzy-prihlasky\/\" target=\"_blank\" rel=\"noopener\" title=\"\">HIER<\/a>.<\/p>\n\n\n\n<figure class=\"wp-block-image size-large\"><img loading=\"lazy\" decoding=\"async\" width=\"800\" height=\"489\" src=\"https:\/\/www.junikorn.cz\/domains\/junikorn.cz\/domains\/junikorn.cz\/wp-content\/uploads\/2020\/03\/junikorn-denni-program.jpeg\" alt=\"Junikorn \u0161kolka denn\u00ed program\" class=\"wp-image-373\" srcset=\"https:\/\/www.junikorn.cz\/wp-content\/uploads\/2020\/03\/junikorn-denni-program.jpeg 800w, https:\/\/www.junikorn.cz\/wp-content\/uploads\/2020\/03\/junikorn-denni-program-300x183.jpeg 300w, https:\/\/www.junikorn.cz\/wp-content\/uploads\/2020\/03\/junikorn-denni-program-768x469.jpeg 768w\" sizes=\"auto, (max-width: 800px) 100vw, 800px\" \/><\/figure>\n\n\n\n<h2 class=\"wp-block-heading\">Tagesprogramm im&nbsp;Junikorn<\/h2>\n\n\n\n<figure class=\"wp-block-table is-style-stripes\"><table><tbody><tr><td><strong>7:00 \u2013 8:30*<\/strong><\/td><td><strong>Ankommen im&nbsp;Kindergarten <\/strong><\/td><td><strong>*Wir empfehlen, gegen 8:00 Uhr&nbsp;anzukommen, um <\/strong><br><strong>gen\u00fcgend Zeit f\u00fcr das&nbsp;freie Spiel Ihres Kindes zu&nbsp;schaffen.<\/strong><\/td><\/tr><tr><td>7:00 &#8211; 8:45<\/td><td>freies Spiel<\/td><td><\/td><\/tr><tr><td>8:45 \u2013 9:15<\/td><td>Morgenkreis<\/td><td>gegenseitige Begr\u00fc\u00dfung, Rituale und&nbsp;Lieder, Gespr\u00e4che <\/td><\/tr><tr><td>9:15 \u2013 9:45<\/td><td>Hygiene, Vormittagsbrotzeit<\/td><td><\/td><\/tr><tr><td>9:45 \u2013 11:30<\/td><td>&nbsp;Aktivit\u00e4tsblock* <\/td><td>basierend auf&nbsp;dem Thema des Monats,&nbsp;Pr\u00e4sentation des aktuellen Tagesplans.<br>&#8211; kreativer Teil (kreative Arbeit,basteln)<br>&#8211; musikalischer Teil (singen, tanzen)<br>&#8211; Aufenthalt im&nbsp;Garten oder in&nbsp;der&nbsp;<br>Turnhalle \/ Kinderyoga&nbsp;<br>&#8211; Ausfl\u00fcge, kulturelle Veranstaltungen<br>* Das&nbsp;Programm ist je nach Wochentag und&nbsp;Wetter unterschiedlich.<\/td><\/tr><tr><td><br>11:30 \u2013 12:00<\/td><td>Hygiene, Z\u00e4hne putzen, Mittagessen<\/td><td><\/td><\/tr><tr><td><strong>12:00 \u2013 12:30<\/strong><\/td><td><strong>Abholen der&nbsp;Kinder<\/strong><\/td><td><\/td><\/tr><tr><td>12:00 \u2013 14:00<\/td><td>Mittagsruhe<\/td><td>Ruhezeit: schlafen, M\u00e4rchen in&nbsp;beidenSprachen lesen, Kinder die&nbsp;nicht schlafen widmen sich den&nbsp;geplanten T\u00e4tigkeiten<\/td><\/tr><tr><td>14:30 \u2013 15:00<\/td><td>Hygiene, Nachmittagsbrotzeit<\/td><td><\/td><\/tr><tr><td><br>15:00 \u2013 16:30<\/td><td>Nachmittags-Block der&nbsp;Aktivit\u00e4ten:<\/td><td>Abschlie\u00dfen des Tages-Themas,&nbsp;&nbsp;spielen im&nbsp;Garten<\/td><\/tr><tr><td>15:30 \u2013 16:30<\/td><td><a href=\"https:\/\/www.junikorn.cz\/domains\/junikorn.cz\/kurzy-prihlasky\/\" target=\"_blank\" rel=\"noopener\" title=\"\">Nachmittags- Kurs<\/a><\/td><td>nach Zeitplan<\/td><\/tr><tr><td><strong>15:00 &#8211; 17:00<\/strong><\/td><td><strong>Abholen der&nbsp;Kinder <\/strong><\/td><td><strong>Wir empfehlen, Ihr\/ Ihre&nbsp;Kind\/ Kinder erst nach der&nbsp;Brotzeit ab 15:00 Uhr abzuholen.<\/strong><\/td><\/tr><\/tbody><\/table><\/figure>\n","protected":false},"excerpt":{"rendered":"<p>Im&nbsp;Junikorn k\u00fcmmern wir uns von&nbsp;Montag bis Freitag von&nbsp;7:00 bis 17:00 Uhr um Ihre&nbsp;Kinder. Wir freuen uns, Ihre&nbsp;Bed\u00fcrfnisse erf\u00fcllen zu&nbsp;d\u00fcrfen. Daher ist der&nbsp;Kindergarten auch in&nbsp;den Sommermonaten &#8211; bis auf&nbsp;eine zweiw\u00f6chige Betriebspause &#8211; ge\u00f6ffnet, die&nbsp;immer in&nbsp;den ersten zwei Wochen im&nbsp;Juli ist. Wir laden Freunde und&nbsp;neugierige Familien mit Kindern in&nbsp;den Junikorn ein, deren Kindergarten w\u00e4hrend der&nbsp;Sommermonate geschlossen ist. [&hellip;]<\/p>\n","protected":false},"author":1,"featured_media":0,"parent":1149,"menu_order":1,"comment_status":"closed","ping_status":"closed","template":"","meta":{"_uag_custom_page_level_css":"","advgb_blocks_editor_width":"","advgb_blocks_columns_visual_guide":"","ngg_post_thumbnail":0,"footnotes":""},"class_list":["post-1173","page","type-page","status-publish","hentry"],"aioseo_notices":[],"uagb_featured_image_src":{"full":false,"thumbnail":false,"medium":false,"medium_large":false,"large":false,"1536x1536":false,"2048x2048":false,"psacp-medium":false},"uagb_author_info":{"display_name":"kuldaoo","author_link":"https:\/\/www.junikorn.cz\/domains\/junikorn.cz\/author\/kuldaoo\/"},"uagb_comment_info":0,"uagb_excerpt":"Im&nbsp;Junikorn k\u00fcmmern wir uns von&nbsp;Montag bis Freitag von&nbsp;7:00 bis 17:00 Uhr um Ihre&nbsp;Kinder. Wir freuen uns, Ihre&nbsp;Bed\u00fcrfnisse erf\u00fcllen zu&nbsp;d\u00fcrfen. Daher ist der&nbsp;Kindergarten auch in&nbsp;den Sommermonaten &#8211; bis auf&nbsp;eine zweiw\u00f6chige Betriebspause &#8211; ge\u00f6ffnet, die&nbsp;immer in&nbsp;den ersten zwei Wochen im&nbsp;Juli ist. Wir laden Freunde und&nbsp;neugierige Familien mit Kindern in&nbsp;den Junikorn ein, deren Kindergarten w\u00e4hrend der&nbsp;Sommermonate geschlossen ist.&hellip;","coauthors":[],"author_meta":{"author_link":"https:\/\/www.junikorn.cz\/domains\/junikorn.cz\/author\/kuldaoo\/","display_name":"kuldaoo"},"relative_dates":{"created":"Posted 6 roky ago","modified":"Updated 2 roky ago"},"absolute_dates":{"created":"Posted on 24. 4. 2020","modified":"Updated on 18. 5. 2024"},"absolute_dates_time":{"created":"Posted on 24. 4. 2020 19:42","modified":"Updated on 18. 5. 2024 13:05"},"featured_img_caption":"","featured_img":false,"series_order":"","_links":{"self":[{"href":"https:\/\/www.junikorn.cz\/domains\/junikorn.cz\/wp-json\/wp\/v2\/pages\/1173","targetHints":{"allow":["GET"]}}],"collection":[{"href":"https:\/\/www.junikorn.cz\/domains\/junikorn.cz\/wp-json\/wp\/v2\/pages"}],"about":[{"href":"https:\/\/www.junikorn.cz\/domains\/junikorn.cz\/wp-json\/wp\/v2\/types\/page"}],"author":[{"embeddable":true,"href":"https:\/\/www.junikorn.cz\/domains\/junikorn.cz\/wp-json\/wp\/v2\/users\/1"}],"replies":[{"embeddable":true,"href":"https:\/\/www.junikorn.cz\/domains\/junikorn.cz\/wp-json\/wp\/v2\/comments?post=1173"}],"version-history":[{"count":6,"href":"https:\/\/www.junikorn.cz\/domains\/junikorn.cz\/wp-json\/wp\/v2\/pages\/1173\/revisions"}],"predecessor-version":[{"id":4041,"href":"https:\/\/www.junikorn.cz\/domains\/junikorn.cz\/wp-json\/wp\/v2\/pages\/1173\/revisions\/4041"}],"up":[{"embeddable":true,"href":"https:\/\/www.junikorn.cz\/domains\/junikorn.cz\/wp-json\/wp\/v2\/pages\/1149"}],"wp:attachment":[{"href":"https:\/\/www.junikorn.cz\/domains\/junikorn.cz\/wp-json\/wp\/v2\/media?parent=1173"}],"curies":[{"name":"wp","href":"https:\/\/api.w.org\/{rel}","templated":true}]}}