{"id":12,"date":"2020-01-06T17:32:42","date_gmt":"2020-01-06T16:32:42","guid":{"rendered":"http:\/\/junikorn.lkwebs.cz\/?page_id=12"},"modified":"2020-04-24T19:29:48","modified_gmt":"2020-04-24T17:29:48","slug":"skolicka","status":"publish","type":"page","link":"https:\/\/www.junikorn.cz\/domains\/junikorn.cz\/skolicka\/","title":{"rendered":"\u0160kolka"},"content":{"rendered":"\n<p>\u010cesko-n\u011bmeck\u00e1 \u0161kolka Junikorn je unik\u00e1tn\u00ed sv\u00fdm dvojjazy\u010dn\u00fdm syst\u00e9mem vzd\u011bl\u00e1v\u00e1n\u00ed se zam\u011b\u0159en\u00edm na&nbsp;n\u011bmeck\u00fd jazyk, \u010d\u00edm\u017e jsme v&nbsp;Plzni jedine\u010dn\u00ed. Pravideln\u00e1 doch\u00e1zka d\u011bt\u00ed a&nbsp;u\u010den\u00ed se jazyka p\u0159\u00edmou metodou p\u0159in\u00e1\u0161\u00ed sv\u00e9 v\u00fdsledky, kter\u00e9 m\u016f\u017eete sledovat p\u0159i komunikaci s&nbsp;pedagogy nebo mezi d\u011btmi samotn\u00fdmi. D\u011bti dok\u00e1\u017e\u00ed rozli\u0161it,&nbsp; s&nbsp;k\u00fdm maj\u00ed jak\u00fd jazyk pou\u017e\u00edt a&nbsp;dle toho n\u00e1sledn\u011b hovo\u0159\u00ed.<\/p>\n\n\n\n<p>Tempo osvojen\u00ed si ciz\u00edho jazyka je u&nbsp;ka\u017ed\u00e9ho jedince individu\u00e1ln\u00ed a&nbsp;z\u00e1visl\u00e9 na&nbsp;mnoha faktorech. Mezi n\u011b pat\u0159\u00ed nap\u0159. p\u016fvod rodiny a&nbsp;m\u00edsto pobytu, bilingualita v&nbsp;rodin\u011b\/rodinn\u00fd p\u0159\u00edslu\u0161n\u00edk v&nbsp;zahrani\u010d\u00ed, mate\u0159sk\u00fd jazyk d\u00edt\u011bte,&nbsp;v\u00fdchoz\u00ed znalost ciz\u00edho jazyka,&nbsp;pravidelnost doch\u00e1zky do&nbsp;\u0161kolky aj. Prvn\u00ed pozitivn\u00ed kr\u016f\u010dky m\u016f\u017eete u&nbsp;d\u00edt\u011bte za\u010d\u00edt sledovat zhruba po p\u016fl roce doch\u00e1zky a&nbsp;to v&nbsp;podob\u011b pou\u017e\u00edv\u00e1n\u00ed n\u011bmeck\u00fdch v\u00fdraz\u016f, prozp\u011bvov\u00e1n\u00ed&nbsp;si&nbsp; p\u00edsni\u010dek, b\u00e1sni\u010dek nebo porozum\u011bn\u00ed pokyn\u016f pedagoga\/rodil\u00e9ho mluv\u010d\u00edho. Po prvn\u00edm roce se m\u00edra porozum\u011bn\u00ed v\u00fdrazn\u011b zvy\u0161uje, d\u00edt\u011bti se roz\u0161i\u0159uje slovn\u00ed z\u00e1soba dle probran\u00fdch t\u00e9mat.<\/p>\n\n\n\n<figure class=\"wp-block-image size-large\"><img loading=\"lazy\" decoding=\"async\" width=\"958\" height=\"519\" src=\"https:\/\/www.junikorn.cz\/domains\/junikorn.cz\/domains\/junikorn.cz\/wp-content\/uploads\/2020\/01\/IMG-20170805-WA0000-e1579448088225.jpg\" alt=\"\" class=\"wp-image-221\" srcset=\"https:\/\/www.junikorn.cz\/wp-content\/uploads\/2020\/01\/IMG-20170805-WA0000-e1579448088225.jpg 958w, https:\/\/www.junikorn.cz\/wp-content\/uploads\/2020\/01\/IMG-20170805-WA0000-e1579448088225-300x163.jpg 300w, https:\/\/www.junikorn.cz\/wp-content\/uploads\/2020\/01\/IMG-20170805-WA0000-e1579448088225-768x416.jpg 768w\" sizes=\"auto, (max-width: 958px) 100vw, 958px\" \/><figcaption>Prostory \u0161kolky Junikorn<\/figcaption><\/figure>\n","protected":false},"excerpt":{"rendered":"<p>\u010cesko-n\u011bmeck\u00e1 \u0161kolka Junikorn je unik\u00e1tn\u00ed sv\u00fdm dvojjazy\u010dn\u00fdm syst\u00e9mem vzd\u011bl\u00e1v\u00e1n\u00ed se zam\u011b\u0159en\u00edm na&nbsp;n\u011bmeck\u00fd jazyk, \u010d\u00edm\u017e jsme v&nbsp;Plzni jedine\u010dn\u00ed. Pravideln\u00e1 doch\u00e1zka d\u011bt\u00ed a&nbsp;u\u010den\u00ed se jazyka p\u0159\u00edmou metodou p\u0159in\u00e1\u0161\u00ed sv\u00e9 v\u00fdsledky, kter\u00e9 m\u016f\u017eete sledovat p\u0159i komunikaci s&nbsp;pedagogy nebo mezi d\u011btmi samotn\u00fdmi. D\u011bti dok\u00e1\u017e\u00ed rozli\u0161it,&nbsp; s&nbsp;k\u00fdm maj\u00ed jak\u00fd jazyk pou\u017e\u00edt a&nbsp;dle toho n\u00e1sledn\u011b hovo\u0159\u00ed. Tempo osvojen\u00ed si ciz\u00edho jazyka [&hellip;]<\/p>\n","protected":false},"author":1,"featured_media":0,"parent":0,"menu_order":0,"comment_status":"closed","ping_status":"closed","template":"","meta":{"_uag_custom_page_level_css":"","advgb_blocks_editor_width":"","advgb_blocks_columns_visual_guide":"","ngg_post_thumbnail":0,"footnotes":""},"class_list":["post-12","page","type-page","status-publish","hentry"],"aioseo_notices":[],"uagb_featured_image_src":{"full":false,"thumbnail":false,"medium":false,"medium_large":false,"large":false,"1536x1536":false,"2048x2048":false,"psacp-medium":false},"uagb_author_info":{"display_name":"kuldaoo","author_link":"https:\/\/www.junikorn.cz\/domains\/junikorn.cz\/author\/kuldaoo\/"},"uagb_comment_info":0,"uagb_excerpt":"\u010cesko-n\u011bmeck\u00e1 \u0161kolka Junikorn je unik\u00e1tn\u00ed sv\u00fdm dvojjazy\u010dn\u00fdm syst\u00e9mem vzd\u011bl\u00e1v\u00e1n\u00ed se zam\u011b\u0159en\u00edm na&nbsp;n\u011bmeck\u00fd jazyk, \u010d\u00edm\u017e jsme v&nbsp;Plzni jedine\u010dn\u00ed. Pravideln\u00e1 doch\u00e1zka d\u011bt\u00ed a&nbsp;u\u010den\u00ed se jazyka p\u0159\u00edmou metodou p\u0159in\u00e1\u0161\u00ed sv\u00e9 v\u00fdsledky, kter\u00e9 m\u016f\u017eete sledovat p\u0159i komunikaci s&nbsp;pedagogy nebo mezi d\u011btmi samotn\u00fdmi. D\u011bti dok\u00e1\u017e\u00ed rozli\u0161it,&nbsp; s&nbsp;k\u00fdm maj\u00ed jak\u00fd jazyk pou\u017e\u00edt a&nbsp;dle toho n\u00e1sledn\u011b hovo\u0159\u00ed. Tempo osvojen\u00ed si ciz\u00edho jazyka&hellip;","coauthors":[],"author_meta":{"author_link":"https:\/\/www.junikorn.cz\/domains\/junikorn.cz\/author\/kuldaoo\/","display_name":"kuldaoo"},"relative_dates":{"created":"Posted 6 roky ago","modified":"Updated 6 roky ago"},"absolute_dates":{"created":"Posted on 6. 1. 2020","modified":"Updated on 24. 4. 2020"},"absolute_dates_time":{"created":"Posted on 6. 1. 2020 17:32","modified":"Updated on 24. 4. 2020 19:29"},"featured_img_caption":"","featured_img":false,"series_order":"","_links":{"self":[{"href":"https:\/\/www.junikorn.cz\/domains\/junikorn.cz\/wp-json\/wp\/v2\/pages\/12","targetHints":{"allow":["GET"]}}],"collection":[{"href":"https:\/\/www.junikorn.cz\/domains\/junikorn.cz\/wp-json\/wp\/v2\/pages"}],"about":[{"href":"https:\/\/www.junikorn.cz\/domains\/junikorn.cz\/wp-json\/wp\/v2\/types\/page"}],"author":[{"embeddable":true,"href":"https:\/\/www.junikorn.cz\/domains\/junikorn.cz\/wp-json\/wp\/v2\/users\/1"}],"replies":[{"embeddable":true,"href":"https:\/\/www.junikorn.cz\/domains\/junikorn.cz\/wp-json\/wp\/v2\/comments?post=12"}],"version-history":[{"count":7,"href":"https:\/\/www.junikorn.cz\/domains\/junikorn.cz\/wp-json\/wp\/v2\/pages\/12\/revisions"}],"predecessor-version":[{"id":1162,"href":"https:\/\/www.junikorn.cz\/domains\/junikorn.cz\/wp-json\/wp\/v2\/pages\/12\/revisions\/1162"}],"wp:attachment":[{"href":"https:\/\/www.junikorn.cz\/domains\/junikorn.cz\/wp-json\/wp\/v2\/media?parent=12"}],"curies":[{"name":"wp","href":"https:\/\/api.w.org\/{rel}","templated":true}]}}