{"id":1233,"date":"2020-04-24T21:49:56","date_gmt":"2020-04-24T19:49:56","guid":{"rendered":"http:\/\/junikorn.lkwebs.cz\/?page_id=1233"},"modified":"2020-04-24T21:50:20","modified_gmt":"2020-04-24T19:50:20","slug":"presse","status":"publish","type":"page","link":"https:\/\/www.junikorn.cz\/domains\/junikorn.cz\/de\/uber-uns\/presse\/","title":{"rendered":"PRESSE"},"content":{"rendered":"\n<p><\/p>\n\n\n\n<div class=\"wp-block-columns is-layout-flex wp-container-core-columns-is-layout-9d6595d7 wp-block-columns-is-layout-flex\">\n<div class=\"wp-block-column is-layout-flow wp-block-column-is-layout-flow\">\n<iframe loading=\"lazy\" src=\"https:\/\/www.youtube.com\/embed\/lzlqVupLs6Y\" allow=\"accelerometer; autoplay; encrypted-media; gyroscope; picture-in-picture\" allowfullscreen=\"\" width=\"560\" height=\"315\" frameborder=\"0\"><\/iframe>\n<\/div>\n\n\n\n<div class=\"wp-block-column is-layout-flow wp-block-column-is-layout-flow\">\n<iframe loading=\"lazy\" src=\"https:\/\/www.youtube.com\/embed\/kU1EoucEuvk\" allow=\"accelerometer; autoplay; encrypted-media; gyroscope; picture-in-picture\" allowfullscreen=\"\" width=\"560\" height=\"315\" frameborder=\"0\"><\/iframe>\n<\/div>\n<\/div>\n\n\n\n<h3 class=\"wp-block-heading\">Kde jste mohli vid\u011bt, sly\u0161et a&nbsp;\u010d\u00edst o&nbsp;Junikornu?<\/h3>\n\n\n\n<p>Presse- und&nbsp;\u00d6ffentlichkeitsarbeit von&nbsp;Junikorn&nbsp;<\/p>\n\n\n\n<p><strong>landesecho.cz<\/strong><br><a href=\"http:\/\/landesecho.cz\/index.php\/forum\/1129-mehr-als-ein-kindergarten-junikorn-feiert-seinen-5-geburtstag\">Mehr Als&nbsp;Ein Kindergarten \u2013 Junikorn Feiert Seinen 5. Geburtstag<\/a><\/p>\n\n\n\n<p><strong>www.plzen.eu<\/strong><br><a href=\"https:\/\/www.plzen.eu\/o-meste\/aktuality\/aktuality-z-mesta\/bilingvni-materska-skolka-v-plzni-oslavila-pate-narozeniny.aspx?fbclid=IwAR10kZYzZ34Vyz4cc4kz9biZHjHMjq956LarbxYOUvs4_CUYh1JUE5FgiFU\">Der&nbsp;zweisprachige Kindergarten in&nbsp;Pilsen feierte seinen f\u00fcnften Geburtstag<\/a><\/p>\n\n\n\n<p><strong>www.iDnes.cz<\/strong><br><a href=\"https:\/\/www.idnes.cz\/plzen\/zpravy\/materska-skola-skola-cesko-nemecka-plzen-nova-volna-mista.A140807_141543_plzen-zpravy_pp\">Der&nbsp;tschechisch-deutsche Kindergarten in&nbsp;Pilsen bietet Kindern Schwimmen und&nbsp;Yoga an.<\/a>\u00a0<\/p>\n\n\n\n<p><strong>Koordinierungszentrum Deutsch-Tschechischer Jugendaustausch Tandem <\/strong><br><a href=\"http:\/\/www.tandem-org.cz\/aktuality\/v-plzni-vznika-nove-cesko-nemecke-rodinne-centrum-junikorn\">Einladung zum Tag der&nbsp;offenen T\u00fcr in&nbsp;den tschechisch-deutschen Junikorn-Kindergarten.\u00a0<\/a><\/p>\n\n\n\n<p><strong>Tschechischer Rundfunk Plze\u0148<\/strong><br><a href=\"https:\/\/prehravac.rozhlas.cz\/audio\/3145375\">Interview mit Jana Kone\u010dn\u00e1 \u00fcber zweisprachige Kinderg\u00e4rten und&nbsp;ihre&nbsp;Bed\u00fcrfnisse in&nbsp;der Region Pilsen.\u00a0<\/a><\/p>\n\n\n\n<div class=\"wp-block-columns is-layout-flex wp-container-core-columns-is-layout-9d6595d7 wp-block-columns-is-layout-flex\">\n<div class=\"wp-block-column is-layout-flow wp-block-column-is-layout-flow\" style=\"flex-basis:33.33%\">\n<p><strong>Mlad\u00e1 Fronta DNES<\/strong><\/p>\n<p><a href=\"https:\/\/www.junikorn.cz\/domains\/junikorn.cz\/domains\/junikorn.cz\/wp-content\/uploads\/2020\/03\/dodmfd.jpg\"><img loading=\"lazy\" decoding=\"async\" class=\"alignnone size-medium wp-image-457\" src=\"https:\/\/www.junikorn.cz\/domains\/junikorn.cz\/domains\/junikorn.cz\/wp-content\/uploads\/2020\/03\/dodmfd-283x300.jpg\" alt=\"\" width=\"283\" height=\"300\" srcset=\"https:\/\/www.junikorn.cz\/wp-content\/uploads\/2020\/03\/dodmfd-283x300.jpg 283w, https:\/\/www.junikorn.cz\/wp-content\/uploads\/2020\/03\/dodmfd.jpg 642w\" sizes=\"auto, (max-width: 283px) 100vw, 283px\" \/><\/a><\/p>\n<\/div>\n\n\n\n<div class=\"wp-block-column is-layout-flow wp-block-column-is-layout-flow\" style=\"flex-basis:66.66%\">\n<p><strong>Plze\u0148sk\u00e1 1<\/strong><\/p>\n<iframe loading=\"lazy\" src=\"https:\/\/www.youtube.com\/embed\/xYNXGya46DI\" allow=\"accelerometer; autoplay; encrypted-media; gyroscope; picture-in-picture\" allowfullscreen=\"\" width=\"560\" height=\"295\" frameborder=\"0\"><\/iframe>\n<\/div>\n<\/div>\n\n\n<p><strong>Andere Berichte<\/strong><\/p>\n<p><a href=\"https:\/\/www.junikorn.cz\/domains\/junikorn.cz\/domains\/junikorn.cz\/wp-content\/uploads\/2020\/03\/Junikorn-oslava-5-let-tiskov\u00e1-zpr\u00e1va-14.10.2019.pdf\">Junikorn &#8211; oslava 5&nbsp;let &#8211; tiskov\u00e1 zpr\u00e1va 14.10.2019 (pdf)<\/a><\/p>\n<p><a href=\"https:\/\/www.junikorn.cz\/domains\/junikorn.cz\/domains\/junikorn.cz\/wp-content\/uploads\/2020\/03\/Oslava-5-let-\u0161kolky-Plze\u0148sk\u00e1-jedni\u010dka.pdf\">Oslava 5&nbsp;let \u0161kolky &#8211; Plze\u0148sk\u00e1 jedni\u010dka (pdf)<\/a><\/p>","protected":false},"excerpt":{"rendered":"<p>Kde jste mohli vid\u011bt, sly\u0161et a&nbsp;\u010d\u00edst o&nbsp;Junikornu? Presse- und&nbsp;\u00d6ffentlichkeitsarbeit von&nbsp;Junikorn&nbsp; landesecho.czMehr Als&nbsp;Ein Kindergarten \u2013 Junikorn Feiert Seinen 5. Geburtstag www.plzen.euDer&nbsp;zweisprachige Kindergarten in&nbsp;Pilsen feierte seinen f\u00fcnften Geburtstag www.iDnes.czDer&nbsp;tschechisch-deutsche Kindergarten in&nbsp;Pilsen bietet Kindern Schwimmen und&nbsp;Yoga an.\u00a0 Koordinierungszentrum Deutsch-Tschechischer Jugendaustausch Tandem Einladung zum Tag der&nbsp;offenen T\u00fcr in&nbsp;den tschechisch-deutschen Junikorn-Kindergarten.\u00a0 Tschechischer Rundfunk Plze\u0148Interview mit Jana Kone\u010dn\u00e1 \u00fcber zweisprachige Kinderg\u00e4rten [&hellip;]<\/p>\n","protected":false},"author":1,"featured_media":0,"parent":1147,"menu_order":0,"comment_status":"closed","ping_status":"closed","template":"","meta":{"_uag_custom_page_level_css":"","advgb_blocks_editor_width":"","advgb_blocks_columns_visual_guide":"","ngg_post_thumbnail":0,"footnotes":""},"class_list":["post-1233","page","type-page","status-publish","hentry"],"aioseo_notices":[],"uagb_featured_image_src":{"full":false,"thumbnail":false,"medium":false,"medium_large":false,"large":false,"1536x1536":false,"2048x2048":false,"psacp-medium":false},"uagb_author_info":{"display_name":"kuldaoo","author_link":"https:\/\/www.junikorn.cz\/domains\/junikorn.cz\/author\/kuldaoo\/"},"uagb_comment_info":0,"uagb_excerpt":"Kde jste mohli vid\u011bt, sly\u0161et a&nbsp;\u010d\u00edst o&nbsp;Junikornu? Presse- und&nbsp;\u00d6ffentlichkeitsarbeit von&nbsp;Junikorn&nbsp; landesecho.czMehr Als&nbsp;Ein Kindergarten \u2013 Junikorn Feiert Seinen 5. Geburtstag www.plzen.euDer&nbsp;zweisprachige Kindergarten in&nbsp;Pilsen feierte seinen f\u00fcnften Geburtstag www.iDnes.czDer&nbsp;tschechisch-deutsche Kindergarten in&nbsp;Pilsen bietet Kindern Schwimmen und&nbsp;Yoga an.\u00a0 Koordinierungszentrum Deutsch-Tschechischer Jugendaustausch Tandem Einladung zum Tag der&nbsp;offenen T\u00fcr in&nbsp;den tschechisch-deutschen Junikorn-Kindergarten.\u00a0 Tschechischer Rundfunk Plze\u0148Interview mit Jana Kone\u010dn\u00e1 \u00fcber zweisprachige Kinderg\u00e4rten&hellip;","coauthors":[],"author_meta":{"author_link":"https:\/\/www.junikorn.cz\/domains\/junikorn.cz\/author\/kuldaoo\/","display_name":"kuldaoo"},"relative_dates":{"created":"Posted 6 roky ago","modified":"Updated 6 roky ago"},"absolute_dates":{"created":"Posted on 24. 4. 2020","modified":"Updated on 24. 4. 2020"},"absolute_dates_time":{"created":"Posted on 24. 4. 2020 21:49","modified":"Updated on 24. 4. 2020 21:50"},"featured_img_caption":"","featured_img":false,"series_order":"","_links":{"self":[{"href":"https:\/\/www.junikorn.cz\/domains\/junikorn.cz\/wp-json\/wp\/v2\/pages\/1233","targetHints":{"allow":["GET"]}}],"collection":[{"href":"https:\/\/www.junikorn.cz\/domains\/junikorn.cz\/wp-json\/wp\/v2\/pages"}],"about":[{"href":"https:\/\/www.junikorn.cz\/domains\/junikorn.cz\/wp-json\/wp\/v2\/types\/page"}],"author":[{"embeddable":true,"href":"https:\/\/www.junikorn.cz\/domains\/junikorn.cz\/wp-json\/wp\/v2\/users\/1"}],"replies":[{"embeddable":true,"href":"https:\/\/www.junikorn.cz\/domains\/junikorn.cz\/wp-json\/wp\/v2\/comments?post=1233"}],"version-history":[{"count":2,"href":"https:\/\/www.junikorn.cz\/domains\/junikorn.cz\/wp-json\/wp\/v2\/pages\/1233\/revisions"}],"predecessor-version":[{"id":1236,"href":"https:\/\/www.junikorn.cz\/domains\/junikorn.cz\/wp-json\/wp\/v2\/pages\/1233\/revisions\/1236"}],"up":[{"embeddable":true,"href":"https:\/\/www.junikorn.cz\/domains\/junikorn.cz\/wp-json\/wp\/v2\/pages\/1147"}],"wp:attachment":[{"href":"https:\/\/www.junikorn.cz\/domains\/junikorn.cz\/wp-json\/wp\/v2\/media?parent=1233"}],"curies":[{"name":"wp","href":"https:\/\/api.w.org\/{rel}","templated":true}]}}