{"id":1285,"date":"2020-04-24T22:12:44","date_gmt":"2020-04-24T20:12:44","guid":{"rendered":"http:\/\/junikorn.lkwebs.cz\/?page_id=1285"},"modified":"2024-06-23T17:42:36","modified_gmt":"2024-06-23T15:42:36","slug":"klassen","status":"publish","type":"page","link":"https:\/\/www.junikorn.cz\/domains\/junikorn.cz\/de\/kindergarten\/klassen\/","title":{"rendered":"KLASSEN"},"content":{"rendered":"\n<p>Die&nbsp;Kapazit\u00e4t der&nbsp;Kindergruppe Junikorn betr\u00e4gt 24 Kinder. Wir arbeiten in&nbsp;zwei Klassen:<\/p>\n\n\n\n<div class=\"wp-block-uagb-info-box uagb-block-f927d007-c628-4de4-9b36-735d44793a6f uagb-infobox__content-wrap  uagb-infobox-icon-above-title uagb-infobox-image-valign-top\"><div class=\"uagb-ifb-content\"><div class=\"uagb-ifb-image-content\"><img decoding=\"async\" src=\"https:\/\/www.junikorn.cz\/domains\/junikorn.cz\/domains\/junikorn.cz\/wp-content\/uploads\/2020\/03\/junikorn-tridy.jpeg\" alt=\"\" width=\"120\" height=\"110\" loading=\"lazy\"\/><\/div><div class=\"uagb-ifb-title-wrap\"><h3 class=\"uagb-ifb-title\">Sonnenklasse<strong> (2,5 &#8211; 3,5 Jahre)<\/strong><\/h3><\/div><div class=\"uagb-ifb-separator\"><\/div><p class=\"uagb-ifb-desc\">Es&nbsp;sind maximal 8&nbsp;Kinder in&nbsp;der Klasse. Die&nbsp;Kinder werden von&nbsp;einem&nbsp;tschechischen Erzieher\/in und&nbsp;einem deutschen Muttersprachler betreut. Auf&nbsp;diese Weise kommen Kinder auf&nbsp;nat\u00fcrlichem Wege zum ersten Mal mit Deutsch\/Tschechisch in&nbsp;Ber\u00fchrung und&nbsp;kn\u00fcpfen Kontakte mit Gleichaltrigen. Dank der&nbsp;geringen Kapazit\u00e4t der&nbsp;Gruppe ist ein individueller Ansatz gew\u00e4hrleistet. Wir k\u00fcmmern uns um die&nbsp;Unabh\u00e4ngigkeit des Kindes. Wir helfen Kindern, die&nbsp;richtigen Gewohnheiten zur Selbstst\u00e4ndigkeit zu&nbsp;erwerben &#8211; beim Essen, Anziehen, Toilettengang. Wir bringen Kindern bei, ihre&nbsp;Bed\u00fcrfnisse und&nbsp;Gef\u00fchle auszudr\u00fccken und&nbsp;zu definieren. Die&nbsp;Sonnenklasse dient zudem auch zur Vorbereitung f\u00fcr den&nbsp;\u00dcbergang in&nbsp;die Sternenklasse.<\/p><\/div><\/div>\n\n\n\n<figure class=\"wp-block-image size-large\"><img loading=\"lazy\" decoding=\"async\" width=\"1024\" height=\"683\" src=\"https:\/\/www.junikorn.cz\/domains\/junikorn.cz\/wp-content\/uploads\/2024\/06\/13-ks-MS-Junikorn-jaro2024-026-1024x683.jpg\" alt=\"\" class=\"wp-image-4093\" srcset=\"https:\/\/www.junikorn.cz\/wp-content\/uploads\/2024\/06\/13-ks-MS-Junikorn-jaro2024-026-1024x683.jpg 1024w, https:\/\/www.junikorn.cz\/wp-content\/uploads\/2024\/06\/13-ks-MS-Junikorn-jaro2024-026-300x200.jpg 300w, https:\/\/www.junikorn.cz\/wp-content\/uploads\/2024\/06\/13-ks-MS-Junikorn-jaro2024-026-768x512.jpg 768w, https:\/\/www.junikorn.cz\/wp-content\/uploads\/2024\/06\/13-ks-MS-Junikorn-jaro2024-026-1536x1024.jpg 1536w, https:\/\/www.junikorn.cz\/wp-content\/uploads\/2024\/06\/13-ks-MS-Junikorn-jaro2024-026-2048x1366.jpg 2048w\" sizes=\"auto, (max-width: 1024px) 100vw, 1024px\" \/><\/figure>\n\n\n\n<div class=\"wp-block-uagb-info-box uagb-block-81b0ebdb-07b0-46fb-a544-5dad94792aaf uagb-infobox__content-wrap  uagb-infobox-icon-above-title uagb-infobox-image-valign-top\"><div class=\"uagb-ifb-content\"><div class=\"uagb-ifb-image-content\"><img decoding=\"async\" src=\"https:\/\/www.junikorn.cz\/domains\/junikorn.cz\/domains\/junikorn.cz\/wp-content\/uploads\/2020\/03\/junikorn-trida-hvezdicek-150x150.png\" alt=\"\" width=\"120\" height=\"120\" loading=\"lazy\"\/><\/div><div class=\"uagb-ifb-title-wrap\"><h3 class=\"uagb-ifb-title\">Sternenklasse (3,5 &#8211; 6&nbsp;Jahre)<\/h3><\/div><div class=\"uagb-ifb-separator\"><\/div><p class=\"uagb-ifb-desc\"> Die&nbsp;Kapazit\u00e4t der&nbsp;Sternenklasse betr\u00e4gt 16 Kinder. Kinder werden nach ihrem Alter w\u00e4hrend des Tages, in&nbsp;kleinere Gruppen aufgeteilt, in&nbsp;denen sie&nbsp;altersgem\u00e4\u00dfe Aktivit\u00e4ten durchf\u00fchren &#8211; z. B. in&nbsp;einen Vorschulkurs, als&nbsp;Vorbereitung f\u00fcr den&nbsp;Eintritt in&nbsp;die Grundschule. Das&nbsp;Bildungsprogramm soll das&nbsp;Kind auf&nbsp;vielf\u00e4ltige Weise entwickeln und&nbsp;ihm die&nbsp;notwendigen Impulse geben, in&nbsp;einer Gruppe zu&nbsp;arbeiten und&nbsp;Kontakte zu&nbsp;anderen Kindern herzustellen. Gleichzeitig achten wir auf&nbsp;die individuellen Bed\u00fcrfnisse des Einzelnen und&nbsp;seine Entwicklung. Im&nbsp;Laufe des Jahres konzentrieren wir uns auf&nbsp;Themenbereiche, die&nbsp;durch eine Geschichte ein ganzes Jahr lang miteinander verbunden sind. In&nbsp;einer altersheterogenen Gruppe lernen \u00e4ltere Kinder auf&nbsp; nat\u00fcrlichen und&nbsp;selbstverst\u00e4ndlichen Wege, den&nbsp;J\u00fcngeren zu&nbsp;helfen, und&nbsp;\u00e4ltere Kinder dienen in&nbsp;der Regel als&nbsp;Vorbilder f\u00fcr ihre&nbsp;kleinen Freunde. <br>T\u00e4glich k\u00fcmmern sich tschechische und&nbsp;deutsche Muttersprachler um die&nbsp;Kinder. Wir sprechen den&nbsp;ganzen Tag beide Sprachen und&nbsp;entwickeln so fr\u00fchzeitig die&nbsp;Sprachkompetenzen der&nbsp;Kinder in&nbsp;nat\u00fcrlichen und&nbsp;allt\u00e4glichen Situationen. Gleichzeitig w\u00e4chst das&nbsp;Kind in&nbsp;einem internationalen Umfeld auf&nbsp;und&nbsp;hat die&nbsp;M\u00f6glichkeit, Kinder aus&nbsp;anderen Kulturen kennenzulernen.<\/p><\/div><\/div>\n\n\n\n<figure class=\"wp-block-image size-large\"><img loading=\"lazy\" decoding=\"async\" width=\"1024\" height=\"683\" src=\"https:\/\/www.junikorn.cz\/domains\/junikorn.cz\/wp-content\/uploads\/2024\/06\/27ks-MS-Junikorn-jaro2024-043-1-1024x683.jpg\" alt=\"\" class=\"wp-image-4094\" srcset=\"https:\/\/www.junikorn.cz\/wp-content\/uploads\/2024\/06\/27ks-MS-Junikorn-jaro2024-043-1-1024x683.jpg 1024w, https:\/\/www.junikorn.cz\/wp-content\/uploads\/2024\/06\/27ks-MS-Junikorn-jaro2024-043-1-300x200.jpg 300w, https:\/\/www.junikorn.cz\/wp-content\/uploads\/2024\/06\/27ks-MS-Junikorn-jaro2024-043-1-768x512.jpg 768w, https:\/\/www.junikorn.cz\/wp-content\/uploads\/2024\/06\/27ks-MS-Junikorn-jaro2024-043-1-1536x1025.jpg 1536w, https:\/\/www.junikorn.cz\/wp-content\/uploads\/2024\/06\/27ks-MS-Junikorn-jaro2024-043-1-2048x1366.jpg 2048w\" sizes=\"auto, (max-width: 1024px) 100vw, 1024px\" \/><\/figure>\n\n\n\n<p><\/p>\n","protected":false},"excerpt":{"rendered":"<p>Die&nbsp;Kapazit\u00e4t der&nbsp;Kindergruppe Junikorn betr\u00e4gt 24 Kinder. Wir arbeiten in&nbsp;zwei Klassen:<\/p>\n","protected":false},"author":1,"featured_media":0,"parent":1149,"menu_order":2,"comment_status":"closed","ping_status":"closed","template":"","meta":{"_uag_custom_page_level_css":"","advgb_blocks_editor_width":"","advgb_blocks_columns_visual_guide":"","ngg_post_thumbnail":0,"footnotes":""},"class_list":["post-1285","page","type-page","status-publish","hentry"],"aioseo_notices":[],"uagb_featured_image_src":{"full":false,"thumbnail":false,"medium":false,"medium_large":false,"large":false,"1536x1536":false,"2048x2048":false,"psacp-medium":false},"uagb_author_info":{"display_name":"kuldaoo","author_link":"https:\/\/www.junikorn.cz\/domains\/junikorn.cz\/author\/kuldaoo\/"},"uagb_comment_info":0,"uagb_excerpt":"Die&nbsp;Kapazit\u00e4t der&nbsp;Kindergruppe Junikorn betr\u00e4gt 24 Kinder. Wir arbeiten in&nbsp;zwei Klassen:","coauthors":[],"author_meta":{"author_link":"https:\/\/www.junikorn.cz\/domains\/junikorn.cz\/author\/kuldaoo\/","display_name":"kuldaoo"},"relative_dates":{"created":"Posted 6 roky ago","modified":"Updated 2 roky ago"},"absolute_dates":{"created":"Posted on 24. 4. 2020","modified":"Updated on 23. 6. 2024"},"absolute_dates_time":{"created":"Posted on 24. 4. 2020 22:12","modified":"Updated on 23. 6. 2024 17:42"},"featured_img_caption":"","featured_img":false,"series_order":"","_links":{"self":[{"href":"https:\/\/www.junikorn.cz\/domains\/junikorn.cz\/wp-json\/wp\/v2\/pages\/1285","targetHints":{"allow":["GET"]}}],"collection":[{"href":"https:\/\/www.junikorn.cz\/domains\/junikorn.cz\/wp-json\/wp\/v2\/pages"}],"about":[{"href":"https:\/\/www.junikorn.cz\/domains\/junikorn.cz\/wp-json\/wp\/v2\/types\/page"}],"author":[{"embeddable":true,"href":"https:\/\/www.junikorn.cz\/domains\/junikorn.cz\/wp-json\/wp\/v2\/users\/1"}],"replies":[{"embeddable":true,"href":"https:\/\/www.junikorn.cz\/domains\/junikorn.cz\/wp-json\/wp\/v2\/comments?post=1285"}],"version-history":[{"count":4,"href":"https:\/\/www.junikorn.cz\/domains\/junikorn.cz\/wp-json\/wp\/v2\/pages\/1285\/revisions"}],"predecessor-version":[{"id":4095,"href":"https:\/\/www.junikorn.cz\/domains\/junikorn.cz\/wp-json\/wp\/v2\/pages\/1285\/revisions\/4095"}],"up":[{"embeddable":true,"href":"https:\/\/www.junikorn.cz\/domains\/junikorn.cz\/wp-json\/wp\/v2\/pages\/1149"}],"wp:attachment":[{"href":"https:\/\/www.junikorn.cz\/domains\/junikorn.cz\/wp-json\/wp\/v2\/media?parent=1285"}],"curies":[{"name":"wp","href":"https:\/\/api.w.org\/{rel}","templated":true}]}}