{"id":1290,"date":"2020-04-24T22:22:48","date_gmt":"2020-04-24T20:22:48","guid":{"rendered":"http:\/\/junikorn.lkwebs.cz\/?page_id=1290"},"modified":"2020-05-04T19:41:09","modified_gmt":"2020-05-04T17:41:09","slug":"kindergartenverpflegung","status":"publish","type":"page","link":"https:\/\/www.junikorn.cz\/domains\/junikorn.cz\/de\/kindergarten\/kindergartenverpflegung\/","title":{"rendered":"KINDERGARTENVERPFLEGUNG"},"content":{"rendered":"\n<p>Im&nbsp;Kontext der&nbsp;Bildung halten wir es&nbsp;f\u00fcr wichtig, mit den&nbsp;Kindern an der&nbsp;Frage der&nbsp;gesunden Ern\u00e4hrung zu&nbsp;arbeiten. Wir sprechen mit ihnen dar\u00fcber, wo und&nbsp;wie Pflanzen und&nbsp;Rohstoffe erzeugt werden, wie man mit ihnen umgeht und&nbsp;sie&nbsp;verarbeitet. Dazu geh\u00f6rten regelm\u00e4\u00dfig Aktivit\u00e4ten bei denen&nbsp;die&nbsp;Kinder mit Hilfe eines&nbsp;Lehrers z.B. einen Snack zubereiten, ihn verzieren, Brote schmieren, backen u.\u00e4. lernen. W\u00e4hrend des Jahres beobachten wir unser Blumenbeet im&nbsp;Garten, wo wir frische Kr\u00e4uter, Tomaten, Erbsen, Erdbeeren usw. anbauen und&nbsp;nat\u00fcrlich auch ernten.<\/p>\n\n\n\n<div class=\"wp-block-image\"><figure class=\"aligncenter size-medium\"><img loading=\"lazy\" decoding=\"async\" width=\"300\" height=\"273\" src=\"https:\/\/www.junikorn.cz\/domains\/junikorn.cz\/domains\/junikorn.cz\/wp-content\/uploads\/2020\/03\/junikorn-stravovani-300x273.jpeg\" alt=\"\" class=\"wp-image-380\" srcset=\"https:\/\/www.junikorn.cz\/wp-content\/uploads\/2020\/03\/junikorn-stravovani-300x273.jpeg 300w, https:\/\/www.junikorn.cz\/wp-content\/uploads\/2020\/03\/junikorn-stravovani-768x700.jpeg 768w, https:\/\/www.junikorn.cz\/wp-content\/uploads\/2020\/03\/junikorn-stravovani.jpeg 800w\" sizes=\"auto, (max-width: 300px) 100vw, 300px\" \/><\/figure><\/div>\n\n\n\n<p>Die&nbsp;Snacks am Morgen und&nbsp;am Nachmittag bestehen aus&nbsp;zwei G\u00e4ngen &#8211; einem&nbsp;Obst- \/ Gem\u00fcseteller und&nbsp;einem Snackgericht (verschiedene Arten von&nbsp;Brei, Joghurt, M\u00fcsli, verschiedene Brotsorten mit Aufstrichen), die&nbsp;frisch in&nbsp;unserer K\u00fcche zubereitet werden. Bei der&nbsp;Zusammenstellung der&nbsp;Brotzeiten im&nbsp;Zuge einer&nbsp;gesunden Ern\u00e4hrung und&nbsp;deren regelm\u00e4\u00dfigen Variationen hilft uns unsere <a href=\"https:\/\/www.pani-dyne.cz\/\" target=\"_blank\" rel=\"noreferrer noopener\">Ern\u00e4hrungsberaterin Mgr. Lenka Roj\u00edkova, DiS. &#8211; aka Frau K\u00fcrbis<\/a>. <\/p>\n\n\n\n<div class=\"wp-block-uagb-team uagb-team__image-position-left uagb-team__align-center uagb-team__stack-tablet uagb-block-3c244108-382c-4791-b805-836e66c1c851\"><img decoding=\"async\" class=\"uagb-team__image-crop-circle\" src=\"https:\/\/www.junikorn.cz\/wp-content\/uploads\/2026\/01\/pani-dyne.jpg\" alt=\"junikorn pan\u00ed D\u00fdn\u011b\" height=\"350\" width=\"350\" loading=\"lazy\"\/><div class=\"uagb-team__content\"><h3 class=\"uagb-team__title\">Mgr. Lenka Roj\u00edkov\u00e1, DiS<\/h3><span class=\"uagb-team__prefix\">&#8222;Frau K\u00fcrbis&#8220; &#8211; &#8222;pan\u00ed D\u00fdn\u011b&#8220;<\/span><p class=\"uagb-team__desc\">&#8222;Cht\u011bla bych V\u00e1m uk\u00e1zat, \u017ee&nbsp;zdrav\u00e1 v\u00fd\u017eiva m\u016f\u017ee b\u00fdt pestr\u00e1, chutn\u00e1 a&nbsp;vyv\u00e1\u017een\u00e1. Cht\u011bla bych V\u00e1m to uleh\u010dit, proto s&nbsp;V\u00e1mi sd\u00edl\u00edm sv\u00e9 dlouholet\u00e9 zku\u0161enosti a&nbsp;praktick\u00e9 rady, kter\u00e9 jsem na&nbsp;sv\u00e9 profesn\u00ed cest\u011b z\u00edskala.&#8220;<\/p><\/div><\/div>\n\n\n\n<p>Das&nbsp;Mittagessen wird vom \u201c<a href=\"https:\/\/www.obchodulidusky.cz\/bistro\/\" target=\"_blank\" rel=\"noreferrer noopener\" aria-label=\"Bistro U&nbsp;Lidu\u0161ky (otev\u0159e se na&nbsp;nov\u00e9 z\u00e1lo\u017ece)\">Bistro U&nbsp;Lidu\u0161ky<\/a>\u201d geliefert, das&nbsp;aus&nbsp;regionalen Nahrungsmitteln kocht. Der&nbsp;Preis f\u00fcr eine Kinderportion betr\u00e4gt 60, &#8211; CZK\/Tag und&nbsp;ist zus\u00e4tzlich zu&nbsp;der&nbsp;Kindergartengeb\u00fchr zu&nbsp;zahlen.<\/p>\n\n\n\n<div class=\"wp-block-uagb-team uagb-team uagb-team__outer-wrap uagb-team__image-position-right uagb-team__align-center uagb-team__stack-tablet uagb-block-30e8ef14-b4db-4c6b-8d11-9680c6342300\"><div class=\"uagb-team__wrap\"><div class=\"uagb-team__content\"><div class=\"uagb-team__title-wrap\"><h3 class=\"uagb-team__title\">Bistro U&nbsp;Lidu\u0161ky<\/h3><span class=\"uagb-team__prefix\">Iveta Churav\u00e1<\/span><\/div><div class=\"uagb-team__desc-wrap\"><p class=\"uagb-team__desc\">\u201cWir bieten gesunde Lebensmittel an, unterst\u00fctzen famili\u00e4re Bauernbetriebe und&nbsp;lokale Produzenten. Wir verkaufen tschechische Qualit\u00e4tsprodukte &#8211; Geb\u00e4ck, Milchprodukte, Fleisch, Fisch, W\u00fcrstchen, Apfelwein, Wein, Lebensmittel gegen Allergien u.s.w.. Bei uns k\u00f6nnen Sie&nbsp;alles f\u00fcr die&nbsp;ganze Familie kaufen.\u201d<\/p><\/div><\/div><div class=\"uagb-team__image-wrap uagb-team__image-crop-circle\"><img decoding=\"async\" class=\"\" src=\"https:\/\/www.junikorn.cz\/domains\/junikorn.cz\/domains\/junikorn.cz\/wp-content\/uploads\/2020\/03\/junikorn-stravovani-u-lidusky-e1584139027682.jpg\" alt=\"Junikorn Stravovani u&nbsp;Lidusky \"\/><\/div><\/div><\/div>\n\n\n\n<p>Wir, die&nbsp;Kindergruppe Junikorn, sind in&nbsp;der Lage auf&nbsp;die Ern\u00e4hrungsgewohnheiten (Allergien, Vegetarier) Ihrer Kinder einzugehen und&nbsp;Sie&nbsp;bei einer&nbsp;gesunden und&nbsp;abwechslungsreichen Ern\u00e4hrung Ihrer Kinder zu&nbsp;unterst\u00fctzen. Bitte sprechen Sie&nbsp;uns an!<br><\/p>\n","protected":false},"excerpt":{"rendered":"<p>Im&nbsp;Kontext der&nbsp;Bildung halten wir es&nbsp;f\u00fcr wichtig, mit den&nbsp;Kindern an der&nbsp;Frage der&nbsp;gesunden Ern\u00e4hrung zu&nbsp;arbeiten. Wir sprechen mit ihnen dar\u00fcber, wo und&nbsp;wie Pflanzen und&nbsp;Rohstoffe erzeugt werden, wie man mit ihnen umgeht und&nbsp;sie&nbsp;verarbeitet. Dazu geh\u00f6rten regelm\u00e4\u00dfig Aktivit\u00e4ten bei denen&nbsp;die&nbsp;Kinder mit Hilfe eines&nbsp;Lehrers z.B. einen Snack zubereiten, ihn verzieren, Brote schmieren, backen u.\u00e4. lernen. W\u00e4hrend des Jahres beobachten wir [&hellip;]<\/p>\n","protected":false},"author":1,"featured_media":0,"parent":1149,"menu_order":3,"comment_status":"closed","ping_status":"closed","template":"","meta":{"_uag_custom_page_level_css":"","advgb_blocks_editor_width":"","advgb_blocks_columns_visual_guide":"","ngg_post_thumbnail":0,"footnotes":""},"class_list":["post-1290","page","type-page","status-publish","hentry"],"aioseo_notices":[],"uagb_featured_image_src":{"full":false,"thumbnail":false,"medium":false,"medium_large":false,"large":false,"1536x1536":false,"2048x2048":false,"psacp-medium":false},"uagb_author_info":{"display_name":"kuldaoo","author_link":"https:\/\/www.junikorn.cz\/domains\/junikorn.cz\/author\/kuldaoo\/"},"uagb_comment_info":0,"uagb_excerpt":"Im&nbsp;Kontext der&nbsp;Bildung halten wir es&nbsp;f\u00fcr wichtig, mit den&nbsp;Kindern an der&nbsp;Frage der&nbsp;gesunden Ern\u00e4hrung zu&nbsp;arbeiten. Wir sprechen mit ihnen dar\u00fcber, wo und&nbsp;wie Pflanzen und&nbsp;Rohstoffe erzeugt werden, wie man mit ihnen umgeht und&nbsp;sie&nbsp;verarbeitet. Dazu geh\u00f6rten regelm\u00e4\u00dfig Aktivit\u00e4ten bei denen&nbsp;die&nbsp;Kinder mit Hilfe eines&nbsp;Lehrers z.B. einen Snack zubereiten, ihn verzieren, Brote schmieren, backen u.\u00e4. lernen. W\u00e4hrend des Jahres beobachten wir&hellip;","coauthors":[],"author_meta":{"author_link":"https:\/\/www.junikorn.cz\/domains\/junikorn.cz\/author\/kuldaoo\/","display_name":"kuldaoo"},"relative_dates":{"created":"Posted 6 roky ago","modified":"Updated 6 roky ago"},"absolute_dates":{"created":"Posted on 24. 4. 2020","modified":"Updated on 4. 5. 2020"},"absolute_dates_time":{"created":"Posted on 24. 4. 2020 22:22","modified":"Updated on 4. 5. 2020 19:41"},"featured_img_caption":"","featured_img":false,"series_order":"","_links":{"self":[{"href":"https:\/\/www.junikorn.cz\/domains\/junikorn.cz\/wp-json\/wp\/v2\/pages\/1290","targetHints":{"allow":["GET"]}}],"collection":[{"href":"https:\/\/www.junikorn.cz\/domains\/junikorn.cz\/wp-json\/wp\/v2\/pages"}],"about":[{"href":"https:\/\/www.junikorn.cz\/domains\/junikorn.cz\/wp-json\/wp\/v2\/types\/page"}],"author":[{"embeddable":true,"href":"https:\/\/www.junikorn.cz\/domains\/junikorn.cz\/wp-json\/wp\/v2\/users\/1"}],"replies":[{"embeddable":true,"href":"https:\/\/www.junikorn.cz\/domains\/junikorn.cz\/wp-json\/wp\/v2\/comments?post=1290"}],"version-history":[{"count":2,"href":"https:\/\/www.junikorn.cz\/domains\/junikorn.cz\/wp-json\/wp\/v2\/pages\/1290\/revisions"}],"predecessor-version":[{"id":1380,"href":"https:\/\/www.junikorn.cz\/domains\/junikorn.cz\/wp-json\/wp\/v2\/pages\/1290\/revisions\/1380"}],"up":[{"embeddable":true,"href":"https:\/\/www.junikorn.cz\/domains\/junikorn.cz\/wp-json\/wp\/v2\/pages\/1149"}],"wp:attachment":[{"href":"https:\/\/www.junikorn.cz\/domains\/junikorn.cz\/wp-json\/wp\/v2\/media?parent=1290"}],"curies":[{"name":"wp","href":"https:\/\/api.w.org\/{rel}","templated":true}]}}