{"id":1292,"date":"2020-04-24T22:25:24","date_gmt":"2020-04-24T20:25:24","guid":{"rendered":"http:\/\/junikorn.lkwebs.cz\/?page_id=1292"},"modified":"2020-04-24T22:25:27","modified_gmt":"2020-04-24T20:25:27","slug":"zum-downloaden","status":"publish","type":"page","link":"https:\/\/www.junikorn.cz\/domains\/junikorn.cz\/de\/kindergarten\/zum-downloaden\/","title":{"rendered":"ZUM DOWNLOADEN"},"content":{"rendered":"\n<div class='w3eden'>\n    <div class=''>\n\n        \n        <div id=\"content_wpdm_package_1\">\n            <div class='row'><div class='col-lg-4 col-md-6 col-12'><div class=\"link-template-default card mb-2\">\n    <div class=\"card-body\">\n        <div class=\"media stack-xs\">\n            <div class=\"media-body\">\n                <div class=\"media\">\n                    <div class=\"mr-3 img-48\"><img decoding=\"async\" class=\"wpdm_icon\" alt=\"Ikona\" src=\"https:\/\/www.junikorn.cz\/wp-content\/plugins\/download-manager\/assets\/file-type-icons\/pdf.svg\" \/><\/div>\n                    <div class=\"media-body\">\n                        <h3 class=\"package-title\">Cen\u00edk 2026\/27<\/h3>\n                        <div class=\"text-muted text-small\"><i class=\"fas fa-copy\"><\/i> Sta\u017eeno: 131x <i class=\"fas fa-hdd ml-3\"><\/i> 140.48 KB<\/div>\n                    <\/div>\n                <\/div>\n            <\/div>\n            <div class=\"ml-3 wpdmdl-btn\">\n                <a class='wpdm-download-link download-on-click btn btn-primary ' rel='nofollow' href='#' data-downloadurl=\"https:\/\/www.junikorn.cz\/domains\/junikorn.cz\/download\/cenik-2024-2025\/?wpdmdl=4051&refresh=6a07eeb2ec4841778904754\">St\u00e1hnout<\/a>\n            <\/div>\n        <\/div>\n    <\/div>\n<\/div>\n\n<\/div><div class='col-lg-4 col-md-6 col-12'><div class=\"link-template-default card mb-2\">\n    <div class=\"card-body\">\n        <div class=\"media stack-xs\">\n            <div class=\"media-body\">\n                <div class=\"media\">\n                    <div class=\"mr-3 img-48\"><img decoding=\"async\" class=\"wpdm_icon\" alt=\"Ikona\" src=\"https:\/\/www.junikorn.cz\/wp-content\/plugins\/download-manager\/assets\/file-type-icons\/pdf.svg\" \/><\/div>\n                    <div class=\"media-body\">\n                        <h3 class=\"package-title\">Provozn\u00ed \u0159\u00e1d DS Junikorn<\/h3>\n                        <div class=\"text-muted text-small\"><i class=\"fas fa-copy\"><\/i> Sta\u017eeno: 42x <i class=\"fas fa-hdd ml-3\"><\/i> 424.68 KB<\/div>\n                    <\/div>\n                <\/div>\n            <\/div>\n            <div class=\"ml-3 wpdmdl-btn\">\n                <a class='wpdm-download-link download-on-click btn btn-primary ' rel='nofollow' href='#' data-downloadurl=\"https:\/\/www.junikorn.cz\/domains\/junikorn.cz\/download\/provozni-rad-ds-junikorn\/?wpdmdl=3393&refresh=6a07eeb2ee97d1778904754\">St\u00e1hnout<\/a>\n            <\/div>\n        <\/div>\n    <\/div>\n<\/div>\n\n<\/div><div class='col-lg-4 col-md-6 col-12'><div class=\"link-template-default card mb-2\">\n    <div class=\"card-body\">\n        <div class=\"media stack-xs\">\n            <div class=\"media-body\">\n                <div class=\"media\">\n                    <div class=\"mr-3 img-48\"><img decoding=\"async\" class=\"wpdm_icon\" alt=\"Ikona\" src=\"https:\/\/www.junikorn.cz\/wp-content\/plugins\/download-manager\/assets\/file-type-icons\/pdf.svg\" \/><\/div>\n                    <div class=\"media-body\">\n                        <h3 class=\"package-title\">Potvrzen\u00ed od l\u00e9ka\u0159e<\/h3>\n                        <div class=\"text-muted text-small\"><i class=\"fas fa-copy\"><\/i> Sta\u017eeno: 33x <i class=\"fas fa-hdd ml-3\"><\/i> 753.52 KB<\/div>\n                    <\/div>\n                <\/div>\n            <\/div>\n            <div class=\"ml-3 wpdmdl-btn\">\n                <a class='wpdm-download-link download-on-click btn btn-primary ' rel='nofollow' href='#' data-downloadurl=\"https:\/\/www.junikorn.cz\/domains\/junikorn.cz\/download\/potvrzeni-od-lekare\/?wpdmdl=3354&refresh=6a07eeb2efa8b1778904754\">St\u00e1hnout<\/a>\n            <\/div>\n        <\/div>\n    <\/div>\n<\/div>\n\n<\/div><div class='col-lg-4 col-md-6 col-12'><div class=\"link-template-default card mb-2\">\n    <div class=\"card-body\">\n        <div class=\"media stack-xs\">\n            <div class=\"media-body\">\n                <div class=\"media\">\n                    <div class=\"mr-3 img-48\"><img decoding=\"async\" class=\"wpdm_icon\" alt=\"Ikona\" src=\"https:\/\/www.junikorn.cz\/wp-content\/plugins\/download-manager\/assets\/file-type-icons\/pdf.svg\" \/><\/div>\n                    <div class=\"media-body\">\n                        <h3 class=\"package-title\">Potvrzen\u00ed o postaven\u00ed na trhu pr\u00e1ce<\/h3>\n                        <div class=\"text-muted text-small\"><i class=\"fas fa-copy\"><\/i> Sta\u017eeno: 59x <i class=\"fas fa-hdd ml-3\"><\/i> 120.72 KB<\/div>\n                    <\/div>\n                <\/div>\n            <\/div>\n            <div class=\"ml-3 wpdmdl-btn\">\n                <a class='wpdm-download-link download-on-click btn btn-primary ' rel='nofollow' href='#' data-downloadurl=\"https:\/\/www.junikorn.cz\/domains\/junikorn.cz\/download\/potvrzeni-o-postaveni-na-trhu-prace\/?wpdmdl=3353&refresh=6a07eeb2f0c9e1778904754\">St\u00e1hnout<\/a>\n            <\/div>\n        <\/div>\n    <\/div>\n<\/div>\n\n<\/div><div class='col-lg-4 col-md-6 col-12'><div class=\"link-template-default card mb-2\">\n    <div class=\"card-body\">\n        <div class=\"media stack-xs\">\n            <div class=\"media-body\">\n                <div class=\"media\">\n                    <div class=\"mr-3 img-48\"><img decoding=\"async\" class=\"wpdm_icon\" alt=\"Ikona\" src=\"https:\/\/www.junikorn.cz\/wp-content\/plugins\/download-manager\/assets\/file-type-icons\/pdf.svg\" \/><\/div>\n                    <div class=\"media-body\">\n                        <h3 class=\"package-title\">Twigsee - manu\u00e1l pro rodi\u010de<\/h3>\n                        <div class=\"text-muted text-small\"><i class=\"fas fa-copy\"><\/i> Sta\u017eeno: 30x <i class=\"fas fa-hdd ml-3\"><\/i> 571.98 KB<\/div>\n                    <\/div>\n                <\/div>\n            <\/div>\n            <div class=\"ml-3 wpdmdl-btn\">\n                <a class='wpdm-download-link download-on-click btn btn-primary ' rel='nofollow' href='#' data-downloadurl=\"https:\/\/www.junikorn.cz\/domains\/junikorn.cz\/download\/twigsee-manual-pro-rodice\/?wpdmdl=2974&refresh=6a07eeb2f217c1778904754\">St\u00e1hnout<\/a>\n            <\/div>\n        <\/div>\n    <\/div>\n<\/div>\n\n<\/div><div class='col-lg-4 col-md-6 col-12'><div class=\"link-template-default card mb-2\">\n    <div class=\"card-body\">\n        <div class=\"media stack-xs\">\n            <div class=\"media-body\">\n                <div class=\"media\">\n                    <div class=\"mr-3 img-48\"><img decoding=\"async\" class=\"wpdm_icon\" alt=\"Ikona\" src=\"https:\/\/www.junikorn.cz\/wp-content\/plugins\/download-manager\/assets\/file-type-icons\/pdf.svg\" \/><\/div>\n                    <div class=\"media-body\">\n                        <h3 class=\"package-title\">Betriebsordnung DS Junikorn 2026\/27<\/h3>\n                        <div class=\"text-muted text-small\"><i class=\"fas fa-copy\"><\/i> Sta\u017eeno: 9x <i class=\"fas fa-hdd ml-3\"><\/i> 409.28 KB<\/div>\n                    <\/div>\n                <\/div>\n            <\/div>\n            <div class=\"ml-3 wpdmdl-btn\">\n                <a class='wpdm-download-link download-on-click btn btn-primary ' rel='nofollow' href='#' data-downloadurl=\"https:\/\/www.junikorn.cz\/domains\/junikorn.cz\/download\/betriebsordnung-ds-junikorn-1-10-2021\/?wpdmdl=2181&refresh=6a07eeb2f36351778904754\">St\u00e1hnout<\/a>\n            <\/div>\n        <\/div>\n    <\/div>\n<\/div>\n\n<\/div><div class='col-lg-4 col-md-6 col-12'><div class=\"link-template-default card mb-2\">\n    <div class=\"card-body\">\n        <div class=\"media stack-xs\">\n            <div class=\"media-body\">\n                <div class=\"media\">\n                    <div class=\"mr-3 img-48\"><img decoding=\"async\" class=\"wpdm_icon\" alt=\"Ikona\" src=\"https:\/\/www.junikorn.cz\/wp-content\/plugins\/download-manager\/assets\/file-type-icons\/pdf.svg\" \/><\/div>\n                    <div class=\"media-body\">\n                        <h3 class=\"package-title\">Bildungs- und Erziehungsplan DS Junikorn<\/h3>\n                        <div class=\"text-muted text-small\"><i class=\"fas fa-copy\"><\/i> Sta\u017eeno: 82x <i class=\"fas fa-hdd ml-3\"><\/i> 784.12 KB<\/div>\n                    <\/div>\n                <\/div>\n            <\/div>\n            <div class=\"ml-3 wpdmdl-btn\">\n                <a class='wpdm-download-link download-on-click btn btn-primary ' rel='nofollow' href='#' data-downloadurl=\"https:\/\/www.junikorn.cz\/domains\/junikorn.cz\/download\/bildungs-und-erziehungsplan-ds-junikorn\/?wpdmdl=2002&refresh=6a07eeb3006831778904755\">St\u00e1hnout<\/a>\n            <\/div>\n        <\/div>\n    <\/div>\n<\/div>\n\n<\/div><div class='col-lg-4 col-md-6 col-12'><div class=\"link-template-default card mb-2\">\n    <div class=\"card-body\">\n        <div class=\"media stack-xs\">\n            <div class=\"media-body\">\n                <div class=\"media\">\n                    <div class=\"mr-3 img-48\"><img decoding=\"async\" class=\"wpdm_icon\" alt=\"Ikona\" src=\"https:\/\/www.junikorn.cz\/wp-content\/plugins\/download-manager\/assets\/file-type-icons\/pdf.svg\" \/><\/div>\n                    <div class=\"media-body\">\n                        <h3 class=\"package-title\">Pl\u00e1n v\u00fdchovy a p\u00e9\u010de - DS Junikorn<\/h3>\n                        <div class=\"text-muted text-small\"><i class=\"fas fa-copy\"><\/i> Sta\u017eeno: 62x <i class=\"fas fa-hdd ml-3\"><\/i> 802.91 KB<\/div>\n                    <\/div>\n                <\/div>\n            <\/div>\n            <div class=\"ml-3 wpdmdl-btn\">\n                <a class='wpdm-download-link download-on-click btn btn-primary ' rel='nofollow' href='#' data-downloadurl=\"https:\/\/www.junikorn.cz\/domains\/junikorn.cz\/download\/plan-vychovy-a-pece-ds-junikorn\/?wpdmdl=1991&refresh=6a07eeb30191d1778904755\">St\u00e1hnout<\/a>\n            <\/div>\n        <\/div>\n    <\/div>\n<\/div>\n\n<\/div><\/div>            <div style='clear:both'><\/div><div class='text-center'><ul class='pagination wpdm-pagination pagination-centered text-center'><\/ul><\/div><div style='clear:both'><\/div>        <\/div>\n\n        <div style='clear:both'><\/div>\n    <\/div>\n<\/div>\n\n","protected":false},"excerpt":{"rendered":"","protected":false},"author":1,"featured_media":0,"parent":1149,"menu_order":4,"comment_status":"closed","ping_status":"closed","template":"","meta":{"_uag_custom_page_level_css":"","advgb_blocks_editor_width":"","advgb_blocks_columns_visual_guide":"","ngg_post_thumbnail":0,"footnotes":""},"class_list":["post-1292","page","type-page","status-publish","hentry"],"aioseo_notices":[],"uagb_featured_image_src":{"full":false,"thumbnail":false,"medium":false,"medium_large":false,"large":false,"1536x1536":false,"2048x2048":false,"psacp-medium":false},"uagb_author_info":{"display_name":"kuldaoo","author_link":"https:\/\/www.junikorn.cz\/domains\/junikorn.cz\/author\/kuldaoo\/"},"uagb_comment_info":0,"uagb_excerpt":null,"coauthors":[],"author_meta":{"author_link":"https:\/\/www.junikorn.cz\/domains\/junikorn.cz\/author\/kuldaoo\/","display_name":"kuldaoo"},"relative_dates":{"created":"Posted 6 roky ago","modified":"Updated 6 roky ago"},"absolute_dates":{"created":"Posted on 24. 4. 2020","modified":"Updated on 24. 4. 2020"},"absolute_dates_time":{"created":"Posted on 24. 4. 2020 22:25","modified":"Updated on 24. 4. 2020 22:25"},"featured_img_caption":"","featured_img":false,"series_order":"","_links":{"self":[{"href":"https:\/\/www.junikorn.cz\/domains\/junikorn.cz\/wp-json\/wp\/v2\/pages\/1292","targetHints":{"allow":["GET"]}}],"collection":[{"href":"https:\/\/www.junikorn.cz\/domains\/junikorn.cz\/wp-json\/wp\/v2\/pages"}],"about":[{"href":"https:\/\/www.junikorn.cz\/domains\/junikorn.cz\/wp-json\/wp\/v2\/types\/page"}],"author":[{"embeddable":true,"href":"https:\/\/www.junikorn.cz\/domains\/junikorn.cz\/wp-json\/wp\/v2\/users\/1"}],"replies":[{"embeddable":true,"href":"https:\/\/www.junikorn.cz\/domains\/junikorn.cz\/wp-json\/wp\/v2\/comments?post=1292"}],"version-history":[{"count":1,"href":"https:\/\/www.junikorn.cz\/domains\/junikorn.cz\/wp-json\/wp\/v2\/pages\/1292\/revisions"}],"predecessor-version":[{"id":1293,"href":"https:\/\/www.junikorn.cz\/domains\/junikorn.cz\/wp-json\/wp\/v2\/pages\/1292\/revisions\/1293"}],"up":[{"embeddable":true,"href":"https:\/\/www.junikorn.cz\/domains\/junikorn.cz\/wp-json\/wp\/v2\/pages\/1149"}],"wp:attachment":[{"href":"https:\/\/www.junikorn.cz\/domains\/junikorn.cz\/wp-json\/wp\/v2\/media?parent=1292"}],"curies":[{"name":"wp","href":"https:\/\/api.w.org\/{rel}","templated":true}]}}