{"id":130,"date":"2020-01-15T19:10:15","date_gmt":"2020-01-15T18:10:15","guid":{"rendered":"http:\/\/junikorn.lkwebs.cz\/?page_id=130"},"modified":"2020-04-25T00:04:22","modified_gmt":"2020-04-24T22:04:22","slug":"ochrana-osobnich-udaju-2","status":"publish","type":"page","link":"https:\/\/www.junikorn.cz\/domains\/junikorn.cz\/ochrana-osobnich-udaju-2\/","title":{"rendered":"Ochrana osobn\u00edch \u00fadaj\u016f"},"content":{"rendered":"\n<p>Tak jako t\u00e9m\u011b\u0159 ka\u017ed\u00e9 webov\u00e9 str\u00e1nky a&nbsp;t\u00e9m\u011b\u0159 ka\u017ed\u00e1 firma, tak i&nbsp;my zpracov\u00e1v\u00e1me osobn\u00ed \u00fadaje. Nemus\u00edte se v\u0161ak \nb\u00e1t, zpracov\u00e1n\u00ed prob\u00edh\u00e1 ve velmi mal\u00e9m m\u011b\u0159\u00edtku a&nbsp;nijak se u\u017eivatele \nnedot\u00fdk\u00e1. Podle na\u0159\u00edzen\u00ed (EU) 2016\/679, neboli zjednodu\u0161en\u00e9 GDPR, jsme \npovinni zpracov\u00e1n\u00ed popsat.<\/p>\n\n\n\n<h2 class=\"wp-block-heading\">Jak\u00e9 \u00fadaje zpracov\u00e1v\u00e1me?<\/h2>\n\n\n\n<h3 class=\"wp-block-heading\">Cookies<\/h3>\n\n\n\n<p>Cookies\n jsou kr\u00e1tk\u00e9 soubory, kter\u00e9 se automaticky p\u0159en\u00e1\u0161ej\u00ed z&nbsp;va\u0161eho po\u010d\u00edta\u010de do&nbsp;webov\u00fdch str\u00e1nek. Z&nbsp;t\u011bchto soubor\u016f m\u016f\u017eeme nap\u0159\u00edklad poznat, kdy jste \notev\u0159eli na\u0161e webov\u00e9 str\u00e1nky, jak dlouho jste si je prohl\u00ed\u017eeli nebo jak\u00fd\n m\u00e1te internetov\u00fd prohl\u00ed\u017ee\u010d. V&nbsp;t\u011bchto souborech nejsou \u017e\u00e1dn\u00e9 \nidentifikuj\u00edc\u00ed osobn\u00ed \u00fadaje, tak\u017ee p\u0159\u00edmo o&nbsp;v\u00e1s jako o&nbsp;\u010dlov\u011bku, nic \nnev\u00edme. Cookies n\u00e1m pom\u00e1haj\u00ed str\u00e1nky zrychlit, zjednodu\u0161it, a&nbsp;nebo \nsledovat jejich n\u00e1v\u0161t\u011bvnost.<\/p>\n\n\n\n<h3 class=\"wp-block-heading\">Kontaktn\u00ed formul\u00e1\u0159<\/h3>\n\n\n\n<p>V\u0161echny \ninformace, kter\u00e9 vypln\u00edte do&nbsp;kontaktn\u00edho formul\u00e1\u0159e, pou\u017eijeme v\u00fdhradn\u011b pro&nbsp;va\u0161e zp\u011btn\u00e9 kontaktov\u00e1n\u00ed. Tyto \u00fadaje nikomu nep\u0159ed\u00e1v\u00e1me a&nbsp;ani je \nnepou\u017e\u00edv\u00e1me k \u017e\u00e1dn\u00fdm reklamn\u00edm \u00fa\u010del\u016fm.<\/p>\n\n\n\n<h3 class=\"wp-block-heading\">Dal\u0161\u00ed zpracov\u00e1n\u00ed<\/h3>\n\n\n\n<p>Pokud s&nbsp;n\u00e1mi nav\u00e1\u017eete spolupr\u00e1ci, pak d\u0159\u00edv nebo pozd\u011bji budeme zpracov\u00e1vat  dal\u0161\u00ed va\u0161e osobn\u00ed informace, a&nbsp;to i&nbsp;mimo webov\u00e9 str\u00e1nky junikorn.cz. Tyto  informace budou slou\u017eit k fakturaci, v\u00fdrob\u011b webov\u00fdch str\u00e1nek nebo k  jak\u00e9koli dal\u0161\u00ed obchodn\u00ed spolupr\u00e1ci, na&nbsp;kter\u00e9 se domluv\u00edme. Tyto \u00fadaje  nikdy nikomu ned\u00e1v\u00e1me a&nbsp;ani je nepou\u017e\u00edv\u00e1me k reklamn\u00edm \u00fa\u010del\u016fm.<\/p>\n\n\n\n<p>Data\n si uchov\u00e1v\u00e1me po dobu spolupr\u00e1ce a&nbsp;d\u00e1le po dobu 4&nbsp;let od zakon\u010den\u00ed \nspolupr\u00e1ce, po tuto dobu je m\u00e1me k dispozici proto, abychom mohli v&nbsp;p\u0159\u00edpadn\u00e9 dal\u0161\u00ed spolupr\u00e1ce pokra\u010dovat tam, kde jsme skon\u010dili. Na&nbsp;va\u0161e \nvy\u017e\u00e1d\u00e1n\u00ed je m\u016f\u017eeme kdykoli smazat.<\/p>\n\n\n\n<h2 class=\"wp-block-heading\">Zpracovatel\u00e9<\/h2>\n\n\n\n<p>Zpracov\u00e1n\u00ed  osobn\u00edch \u00fadaj\u016f z&nbsp;technick\u00fdch d\u016fvod\u016f nem\u016f\u017eeme prov\u00e1d\u011bt sami, a&nbsp;tak  vyu\u017e\u00edv\u00e1me slu\u017eby n\u011bkter\u00fdch zpracovatel\u016f, kte\u0159\u00ed n\u00e1m poskytli dostate\u010dn\u00e9  z\u00e1ruky, \u017ee&nbsp;o va\u0161e osobn\u00ed \u00fadaje bude postar\u00e1no tak, jak na\u0159izuje z\u00e1kon.  Velk\u00fd d\u016fraz klademe na&nbsp;zaji\u0161t\u011bn\u00ed dostupnosti, integrity a&nbsp;p\u0159edev\u0161\u00edm  d\u016fv\u011brnosti t\u011bchto osobn\u00edch \u00fadaj\u016f. Osobn\u00ed \u00fadaje, kter\u00e9 zpracov\u00e1v\u00e1me my  nebo na\u0161i zpracovatel\u00e9, jsou ulo\u017eeny na&nbsp;\u00fazem\u00ed Evropsk\u00e9 unie nebo v&nbsp;tzv.  bezpe\u010dn\u00fdch st\u00e1tech, ve kter\u00fdch se p\u0159\u00edslu\u0161n\u00ed zpracovatel\u00e9 zaru\u010dili, \u017ee&nbsp;budou ochra\u0148ovat osobn\u00ed \u00fadaje s&nbsp;odpov\u00eddaj\u00edc\u00ed p\u00e9\u010di, jakou m\u00e1me my v&nbsp;Evropsk\u00e9 unii. V\u00edce informac\u00ed o&nbsp;na\u0161ich zpracovatel\u00fdch poskytneme po zasl\u00e1n\u00ed po\u017eadavku na&nbsp;adresu <a href=\"mailto:info@junikorn.cz\">info@junikorn.cz<\/a>.<\/p>\n\n\n\n<h2 class=\"wp-block-heading\">Pomoc p\u0159i nakl\u00e1d\u00e1n\u00ed s&nbsp;osobn\u00edmi \u00fadaji a&nbsp;pr\u00e1va subjektu osobn\u00edch \u00fadaj\u016f<\/h2>\n\n\n\n<p>Budete-li\n se domn\u00edvat, \u017ee&nbsp;prov\u00e1d\u00edme zpracov\u00e1n\u00ed va\u0161ich osobn\u00edch \u00fadaj\u016f v&nbsp;rozporu s&nbsp;ochranou va\u0161eho soukrom\u00e9ho a&nbsp;osobn\u00edho \u017eivota nebo v&nbsp;rozporu se z\u00e1konem, \nzejm\u00e9na jsou-li osobn\u00ed \u00fadaje nep\u0159esn\u00e9 s&nbsp;ohledem na&nbsp;\u00fa\u010del jejich \nzpracov\u00e1n\u00ed, m\u016f\u017eete:<\/p>\n\n\n\n<ul class=\"wp-block-list\"><li>Po\u017e\u00e1dat o&nbsp;vysv\u011btlen\u00ed e-mailem zaslan\u00fdm na&nbsp;adresu <a href=\"mailto:info@junikorn.cz\">info@junikorn.cz<\/a>,<\/li><li>Vzn\u00e9st n\u00e1mitku proti zpracov\u00e1n\u00ed za \u00fa\u010delem opr\u00e1vn\u011bn\u00e9ho z\u00e1jmu e-mailem na&nbsp;adresu <a href=\"mailto:kulaty@lkwebs.cz.\"><\/a><a href=\"mailto:info@junikorn.cz\">info@junikorn.cz<\/a>.<\/li><li>Po\u017eadovat e-mailem na&nbsp;adrese <a href=\"mailto:info@junikorn.cz\">info@junikorn.cz<\/a>,&nbsp;abychom v\u00e1m poskytli informaci o&nbsp;rozsahu \u010di&nbsp;zp\u016fsobu zpracov\u00e1n\u00ed va\u0161ich  osobn\u00edch \u00fadaj\u016f, a&nbsp;my v\u00e1m takov\u00e9 informace v&nbsp;p\u0159im\u011b\u0159en\u00e9 lh\u016ft\u011b (nejv\u00fd\u0161e 30 dn\u00ed) poskytneme.<\/li><li>Po\u017e\u00e1dat o&nbsp;v\u00fdmaz v\u0161ech osobn\u00edch \u00fadaj\u016f, kter\u00e9 o&nbsp;v\u00e1s zpracov\u00e1v\u00e1me.<\/li><li>Po\u017e\u00e1dat o&nbsp;poskytnut\u00ed v\u0161ech osobn\u00edch \u00fadaj\u016f, kter\u00e9 o&nbsp;v\u00e1m zpracov\u00e1v\u00e1me.<\/li><li>Tak\u00e9  m\u00e1te pr\u00e1vo obr\u00e1tit se p\u0159\u00edmo na&nbsp;\u00da\u0159ad pro&nbsp;ochranu osobn\u00edch \u00fadaj\u016f  (www.uoou.cz) s&nbsp;jak\u00fdmkoli dotazem t\u00fdkaj\u00edc\u00ed se ochrany osobn\u00edch \u00fadaj\u016f.<\/li><\/ul>\n\n\n\n<h2 class=\"wp-block-heading\">Dal\u0161\u00ed ustanoven\u00ed o&nbsp;ochran\u011b osobn\u00edch \u00fadaj\u016f<\/h2>\n\n\n\n<p>Nezpracov\u00e1v\u00e1me osobn\u00ed \u00fadaje d\u011bt\u00ed ani zvl\u00e1\u0161tn\u00ed kategorie osobn\u00edch \u00fadaj\u016f, tzv. citliv\u00e9 osobn\u00ed \u00fadaje, ve smyslu \u010dl. 9&nbsp;GDPR.<\/p>\n\n\n\n<p>V\u017edy\n vynalo\u017e\u00edme maxim\u00e1ln\u00ed \u00fasil\u00ed, aby nedo\u0161lo k neopr\u00e1vn\u011bn\u00e9mu zpracov\u00e1n\u00ed \nosobn\u00edch \u00fadaj\u016f jin\u00fdmi osobami, nicm\u00e9n\u011b neodpov\u00edd\u00e1me u\u017eivateli ani jin\u00fdm \nsubjekt\u016fm \u00fadaj\u016f za \u00fajmu zp\u016fsobenou neopr\u00e1vn\u011bn\u00fdm zpracov\u00e1n\u00edm osobn\u00edch \n\u00fadaj\u016f t\u0159et\u00ed osobou.<\/p>\n\n\n\n<p>B\u011bhem zpracov\u00e1n\u00ed osobn\u00edch \u00fadaj\u016f db\u00e1me na&nbsp;zaji\u0161t\u011bn\u00ed d\u016fv\u011brnosti a&nbsp;integritu va\u0161ich osobn\u00edch \u00fadaj\u016f. Na\u0161e syst\u00e9my \nvyu\u017e\u00edvaj\u00ed nejmodern\u011bj\u0161\u00ed bezpe\u010dnostn\u00ed algoritmy a&nbsp;jsou pravideln\u011b \nz\u00e1lohov\u00e1ny, nicm\u00e9n\u011b v&nbsp;p\u0159\u00edpad\u011b, \u017ee&nbsp;se dozv\u00edme o&nbsp;bezpe\u010dnostn\u00edm riziku \nspojen\u00fdm s&nbsp;osobn\u00edmi \u00fadaji, bez zbyte\u010dn\u00e9ho odkladu v\u00e1s upozorn\u00edme \ne-mailem.&nbsp;&nbsp;&nbsp;&nbsp;<\/p>\n\n\n\n<p>Zavazujeme se, \u017ee&nbsp;v p\u0159\u00edpad\u011b vzniku \u00fajmy v&nbsp;souvislosti s&nbsp;\u00fanikem osobn\u00edch \u00fadaj\u016f \u010di&nbsp;jin\u00e9 skute\u010dnosti, kter\u00e1 vede ke&nbsp;vzniku \u00fajmy, poskytneme u\u017eivateli sou\u010dinnost a&nbsp;pr\u00e1vn\u00ed asistenci p\u0159i \nvym\u00e1h\u00e1n\u00ed n\u00e1hrady po odpov\u011bdn\u00fdch zpracovatel\u00edch. Sama spole\u010dnost v\u0161ak \nnenese odpov\u011bdnost za pochyben\u00ed j\u00ed pov\u011b\u0159en\u00fdch zpracovatel\u016f.<\/p>\n\n\n\n<p>Osobn\u00ed  \u00fadaje budou zpracov\u00e1v\u00e1ny v&nbsp;elektronick\u00e9 podob\u011b neautomatizovan\u00fdm  zp\u016fsobem. Subjekty \u00fadaj\u016f nebudou p\u0159edm\u011btem individu\u00e1ln\u00edho  automatizovan\u00e9ho rozhodnut\u00ed ve smyslu \u010dl. 22&nbsp;GDPR.<\/p>\n","protected":false},"excerpt":{"rendered":"<p>Tak jako t\u00e9m\u011b\u0159 ka\u017ed\u00e9 webov\u00e9 str\u00e1nky a&nbsp;t\u00e9m\u011b\u0159 ka\u017ed\u00e1 firma, tak i&nbsp;my zpracov\u00e1v\u00e1me osobn\u00ed \u00fadaje. Nemus\u00edte se v\u0161ak b\u00e1t, zpracov\u00e1n\u00ed prob\u00edh\u00e1 ve velmi mal\u00e9m m\u011b\u0159\u00edtku a&nbsp;nijak se u\u017eivatele nedot\u00fdk\u00e1. Podle na\u0159\u00edzen\u00ed (EU) 2016\/679, neboli zjednodu\u0161en\u00e9 GDPR, jsme povinni zpracov\u00e1n\u00ed popsat. Jak\u00e9 \u00fadaje zpracov\u00e1v\u00e1me? Cookies Cookies jsou kr\u00e1tk\u00e9 soubory, kter\u00e9 se automaticky p\u0159en\u00e1\u0161ej\u00ed z&nbsp;va\u0161eho po\u010d\u00edta\u010de do&nbsp;webov\u00fdch str\u00e1nek. [&hellip;]<\/p>\n","protected":false},"author":1,"featured_media":0,"parent":0,"menu_order":0,"comment_status":"closed","ping_status":"closed","template":"","meta":{"_uag_custom_page_level_css":"","advgb_blocks_editor_width":"","advgb_blocks_columns_visual_guide":"","ngg_post_thumbnail":0,"footnotes":""},"class_list":["post-130","page","type-page","status-publish","hentry"],"aioseo_notices":[],"uagb_featured_image_src":{"full":false,"thumbnail":false,"medium":false,"medium_large":false,"large":false,"1536x1536":false,"2048x2048":false,"psacp-medium":false},"uagb_author_info":{"display_name":"kuldaoo","author_link":"https:\/\/www.junikorn.cz\/domains\/junikorn.cz\/author\/kuldaoo\/"},"uagb_comment_info":0,"uagb_excerpt":"Tak jako t\u00e9m\u011b\u0159 ka\u017ed\u00e9 webov\u00e9 str\u00e1nky a&nbsp;t\u00e9m\u011b\u0159 ka\u017ed\u00e1 firma, tak i&nbsp;my zpracov\u00e1v\u00e1me osobn\u00ed \u00fadaje. Nemus\u00edte se v\u0161ak b\u00e1t, zpracov\u00e1n\u00ed prob\u00edh\u00e1 ve velmi mal\u00e9m m\u011b\u0159\u00edtku a&nbsp;nijak se u\u017eivatele nedot\u00fdk\u00e1. Podle na\u0159\u00edzen\u00ed (EU) 2016\/679, neboli zjednodu\u0161en\u00e9 GDPR, jsme povinni zpracov\u00e1n\u00ed popsat. Jak\u00e9 \u00fadaje zpracov\u00e1v\u00e1me? Cookies Cookies jsou kr\u00e1tk\u00e9 soubory, kter\u00e9 se automaticky p\u0159en\u00e1\u0161ej\u00ed z&nbsp;va\u0161eho po\u010d\u00edta\u010de do&nbsp;webov\u00fdch str\u00e1nek.&hellip;","coauthors":[],"author_meta":{"author_link":"https:\/\/www.junikorn.cz\/domains\/junikorn.cz\/author\/kuldaoo\/","display_name":"kuldaoo"},"relative_dates":{"created":"Posted 6 roky ago","modified":"Updated 6 roky ago"},"absolute_dates":{"created":"Posted on 15. 1. 2020","modified":"Updated on 25. 4. 2020"},"absolute_dates_time":{"created":"Posted on 15. 1. 2020 19:10","modified":"Updated on 25. 4. 2020 0:04"},"featured_img_caption":"","featured_img":false,"series_order":"","_links":{"self":[{"href":"https:\/\/www.junikorn.cz\/domains\/junikorn.cz\/wp-json\/wp\/v2\/pages\/130","targetHints":{"allow":["GET"]}}],"collection":[{"href":"https:\/\/www.junikorn.cz\/domains\/junikorn.cz\/wp-json\/wp\/v2\/pages"}],"about":[{"href":"https:\/\/www.junikorn.cz\/domains\/junikorn.cz\/wp-json\/wp\/v2\/types\/page"}],"author":[{"embeddable":true,"href":"https:\/\/www.junikorn.cz\/domains\/junikorn.cz\/wp-json\/wp\/v2\/users\/1"}],"replies":[{"embeddable":true,"href":"https:\/\/www.junikorn.cz\/domains\/junikorn.cz\/wp-json\/wp\/v2\/comments?post=130"}],"version-history":[{"count":2,"href":"https:\/\/www.junikorn.cz\/domains\/junikorn.cz\/wp-json\/wp\/v2\/pages\/130\/revisions"}],"predecessor-version":[{"id":1311,"href":"https:\/\/www.junikorn.cz\/domains\/junikorn.cz\/wp-json\/wp\/v2\/pages\/130\/revisions\/1311"}],"wp:attachment":[{"href":"https:\/\/www.junikorn.cz\/domains\/junikorn.cz\/wp-json\/wp\/v2\/media?parent=130"}],"curies":[{"name":"wp","href":"https:\/\/api.w.org\/{rel}","templated":true}]}}