{"id":133,"date":"2020-01-06T07:30:06","date_gmt":"2020-01-06T06:30:06","guid":{"rendered":"http:\/\/junikorn.lkwebs.cz\/?page_id=133"},"modified":"2020-11-25T16:17:04","modified_gmt":"2020-11-25T15:17:04","slug":"bilingvni-koncept","status":"publish","type":"page","link":"https:\/\/www.junikorn.cz\/domains\/junikorn.cz\/skolicka\/bilingvni-koncept\/","title":{"rendered":"Bilingvn\u00ed koncept"},"content":{"rendered":"\n<p>V&nbsp;na\u0161\u00ed \u0161kolce funguje bilingvn\u00ed koncept na&nbsp;b\u011b\u017en\u00e9 denn\u00ed komunikaci mezi d\u00edt\u011btem a&nbsp;rodil\u00fdm mluv\u010d\u00edm a&nbsp;mezi d\u011btmi z\u00e1rove\u0148, jeliko\u017e \u0161kolku nav\u0161t\u011bvuj\u00ed jak \u010desk\u00e9, tak n\u011bmeck\u00e9 d\u011bti. Skrze spole\u010dn\u00fd program a&nbsp;opakuj\u00edc\u00ed se \u010dinnosti d\u011bti pravideln\u011b vn\u00edmaj\u00ed nov\u00e1 slov\u00ed\u010dka z&nbsp;druh\u00e9ho jazyka \u2013\u00a0v na\u0161em p\u0159\u00edpad\u011b jak z&nbsp;n\u011bmeck\u00e9ho, tak z&nbsp;\u010desk\u00e9ho. K pozn\u00e1n\u00ed jin\u00e9 kultury n\u00e1m pom\u00e1haj\u00ed \u0159\u00edkanky, b\u00e1sni\u010dky a&nbsp;p\u00edsni\u010dky, kter\u00e9 se spole\u010dn\u011b u\u010d\u00edme a&nbsp;doprov\u00e1z\u00ed n\u00e1\u0161 pedagogick\u00fd program. D\u011bti se b\u011bhem dne setk\u00e1vaj\u00ed s&nbsp;\u010desk\u00fdmi a&nbsp;n\u011bmeck\u00fdmi pedagogy, n\u011bmeck\u00fdmi dobrovoln\u00edky v&nbsp;r\u00e1mci programu <a href=\"http:\/\/naerasmusplus.cz\" title=\"naerasmusplus.cz\">Erasmus+<\/a>  nebo praktikanty. D\u011bti p\u0159ed vstupem do&nbsp;d\u011btsk\u00e9 skupiny nepot\u0159ebuj\u00ed znalost n\u011bmeck\u00e9ho jazyka, postupn\u011b si druh\u00fd jazyk naposlouchaj\u00ed a&nbsp;\u010dasem jej samy za\u010dnou pou\u017e\u00edvat. D\u00edky tomu, \u017ee&nbsp;d\u00edt\u011b p\u0159ijde do&nbsp;kontaktu s&nbsp;druh\u00fdm jazykem ji\u017e v&nbsp;ran\u00e9m v\u011bku, m\u016f\u017ee si jej osvojit podobn\u011b snadno jako jazyk mate\u0159sk\u00fd.\u00a0<\/p>\n\n\n\n<p>Co p\u0159esn\u011b bilingvn\u00ed v\u00fdchova je? Jak\u00e9 v\u00fdhody a&nbsp;rizika m\u016f\u017ee m\u00edt?<\/p>\n\n\n\n<p>Doporu\u010dujeme shl\u00e9dnout n\u00e1sleduj\u00edc\u00ed (YouTube) video <a rel=\"noreferrer noopener\" aria-label=\"Bilingvn\u00ed v\u00fdchova: p\u0159in\u00e1\u0161\u00ed d\u011btem jen v\u00fdhody, nebo i&nbsp;rizika (otev\u0159e se na&nbsp;nov\u00e9 z\u00e1lo\u017ece)\" href=\"https:\/\/www.youtube.com\/watch?v=DcXGwbXqs7ghttps:\/\/www.youtube.com\/watch?v=DcXGwbXqs7g\" target=\"_blank\">Bilingvn\u00ed v\u00fdchova: p\u0159in\u00e1\u0161\u00ed d\u011btem jen v\u00fdhody, nebo i&nbsp;rizika<\/a>,&nbsp;kter\u00e9 V\u00e1m pom\u016f\u017ee toto t\u00e9ma objasnit. V&nbsp;p\u0159\u00edpad\u011b dotaz\u016f V\u00e1m r\u00e1di poskytneme konzultaci.&nbsp;<\/p>\n","protected":false},"excerpt":{"rendered":"<p>V&nbsp;na\u0161\u00ed \u0161kolce funguje bilingvn\u00ed koncept na&nbsp;b\u011b\u017en\u00e9 denn\u00ed komunikaci mezi d\u00edt\u011btem a&nbsp;rodil\u00fdm mluv\u010d\u00edm a&nbsp;mezi d\u011btmi z\u00e1rove\u0148, jeliko\u017e \u0161kolku nav\u0161t\u011bvuj\u00ed jak \u010desk\u00e9, tak n\u011bmeck\u00e9 d\u011bti. Skrze spole\u010dn\u00fd program a&nbsp;opakuj\u00edc\u00ed se \u010dinnosti d\u011bti pravideln\u011b vn\u00edmaj\u00ed nov\u00e1 slov\u00ed\u010dka z&nbsp;druh\u00e9ho jazyka \u2013\u00a0v na\u0161em p\u0159\u00edpad\u011b jak z&nbsp;n\u011bmeck\u00e9ho, tak z&nbsp;\u010desk\u00e9ho. K pozn\u00e1n\u00ed jin\u00e9 kultury n\u00e1m pom\u00e1haj\u00ed \u0159\u00edkanky, b\u00e1sni\u010dky a&nbsp;p\u00edsni\u010dky, kter\u00e9 se spole\u010dn\u011b [&hellip;]<\/p>\n","protected":false},"author":1,"featured_media":0,"parent":12,"menu_order":0,"comment_status":"closed","ping_status":"closed","template":"","meta":{"_uag_custom_page_level_css":"","advgb_blocks_editor_width":"","advgb_blocks_columns_visual_guide":"","ngg_post_thumbnail":0,"footnotes":""},"class_list":["post-133","page","type-page","status-publish","hentry"],"aioseo_notices":[],"uagb_featured_image_src":{"full":false,"thumbnail":false,"medium":false,"medium_large":false,"large":false,"1536x1536":false,"2048x2048":false,"psacp-medium":false},"uagb_author_info":{"display_name":"kuldaoo","author_link":"https:\/\/www.junikorn.cz\/domains\/junikorn.cz\/author\/kuldaoo\/"},"uagb_comment_info":0,"uagb_excerpt":"V&nbsp;na\u0161\u00ed \u0161kolce funguje bilingvn\u00ed koncept na&nbsp;b\u011b\u017en\u00e9 denn\u00ed komunikaci mezi d\u00edt\u011btem a&nbsp;rodil\u00fdm mluv\u010d\u00edm a&nbsp;mezi d\u011btmi z\u00e1rove\u0148, jeliko\u017e \u0161kolku nav\u0161t\u011bvuj\u00ed jak \u010desk\u00e9, tak n\u011bmeck\u00e9 d\u011bti. Skrze spole\u010dn\u00fd program a&nbsp;opakuj\u00edc\u00ed se \u010dinnosti d\u011bti pravideln\u011b vn\u00edmaj\u00ed nov\u00e1 slov\u00ed\u010dka z&nbsp;druh\u00e9ho jazyka \u2013\u00a0v na\u0161em p\u0159\u00edpad\u011b jak z&nbsp;n\u011bmeck\u00e9ho, tak z&nbsp;\u010desk\u00e9ho. K pozn\u00e1n\u00ed jin\u00e9 kultury n\u00e1m pom\u00e1haj\u00ed \u0159\u00edkanky, b\u00e1sni\u010dky a&nbsp;p\u00edsni\u010dky, kter\u00e9 se spole\u010dn\u011b&hellip;","coauthors":[],"author_meta":{"author_link":"https:\/\/www.junikorn.cz\/domains\/junikorn.cz\/author\/kuldaoo\/","display_name":"kuldaoo"},"relative_dates":{"created":"Posted 6 roky ago","modified":"Updated 5 roky ago"},"absolute_dates":{"created":"Posted on 6. 1. 2020","modified":"Updated on 25. 11. 2020"},"absolute_dates_time":{"created":"Posted on 6. 1. 2020 7:30","modified":"Updated on 25. 11. 2020 16:17"},"featured_img_caption":"","featured_img":false,"series_order":"","_links":{"self":[{"href":"https:\/\/www.junikorn.cz\/domains\/junikorn.cz\/wp-json\/wp\/v2\/pages\/133","targetHints":{"allow":["GET"]}}],"collection":[{"href":"https:\/\/www.junikorn.cz\/domains\/junikorn.cz\/wp-json\/wp\/v2\/pages"}],"about":[{"href":"https:\/\/www.junikorn.cz\/domains\/junikorn.cz\/wp-json\/wp\/v2\/types\/page"}],"author":[{"embeddable":true,"href":"https:\/\/www.junikorn.cz\/domains\/junikorn.cz\/wp-json\/wp\/v2\/users\/1"}],"replies":[{"embeddable":true,"href":"https:\/\/www.junikorn.cz\/domains\/junikorn.cz\/wp-json\/wp\/v2\/comments?post=133"}],"version-history":[{"count":7,"href":"https:\/\/www.junikorn.cz\/domains\/junikorn.cz\/wp-json\/wp\/v2\/pages\/133\/revisions"}],"predecessor-version":[{"id":1742,"href":"https:\/\/www.junikorn.cz\/domains\/junikorn.cz\/wp-json\/wp\/v2\/pages\/133\/revisions\/1742"}],"up":[{"embeddable":true,"href":"https:\/\/www.junikorn.cz\/domains\/junikorn.cz\/wp-json\/wp\/v2\/pages\/12"}],"wp:attachment":[{"href":"https:\/\/www.junikorn.cz\/domains\/junikorn.cz\/wp-json\/wp\/v2\/media?parent=133"}],"curies":[{"name":"wp","href":"https:\/\/api.w.org\/{rel}","templated":true}]}}