{"id":30,"date":"2020-01-06T17:39:58","date_gmt":"2020-01-06T16:39:58","guid":{"rendered":"http:\/\/junikorn.lkwebs.cz\/?page_id=30"},"modified":"2024-04-02T11:07:32","modified_gmt":"2024-04-02T09:07:32","slug":"proc-my","status":"publish","type":"page","link":"https:\/\/www.junikorn.cz\/domains\/junikorn.cz\/o-nas\/proc-my\/","title":{"rendered":"Pro\u010d my ?"},"content":{"rendered":"\n<ul class=\"wp-block-list\">\n<li><strong>Proto\u017ee jsme od roku 2014 Va\u0161\u00edm partnerem pro&nbsp;slad\u011bn\u00ed rodinn\u00e9ho a&nbsp;pracovn\u00edho \u017eivota. <\/strong><\/li>\n<\/ul>\n\n\n\n<ul class=\"wp-block-list\">\n<li><strong>Proto\u017ee jsme prvn\u00ed \u0161kolka v&nbsp;Plzni, kter\u00e1 se zam\u011b\u0159uje na&nbsp;v\u00fduku n\u011bmeck\u00e9ho jazyka u&nbsp;p\u0159ed\u0161koln\u00edch d\u011bt\u00ed.&nbsp;<\/strong><\/li>\n<\/ul>\n\n\n\n<ul class=\"wp-block-list\">\n<li>Proto\u017ee spolupracujeme se <a aria-label=\" (otev\u0159e se na&nbsp;nov\u00e9 z\u00e1lo\u017ece)\" href=\"https:\/\/www.krizik.eu\/\" target=\"_blank\" rel=\"noreferrer noopener\">Z\u00e1kladn\u00ed \u0161kolou a&nbsp;gymn\u00e1ziem Franti\u0161ka K\u0159i\u017e\u00edka<\/a>,&nbsp;kde skrze na\u0161e jazykov\u00e9 kurzy zaji\u0161\u0165ujeme n\u00e1vaznost na&nbsp;n\u011bm\u010dinu i&nbsp;pro&nbsp;d\u011bti \u0161koln\u00edho v\u011bku.\u00a0\u00a0\u00a0<\/li>\n<\/ul>\n\n\n\n<ul class=\"wp-block-list\">\n<li>Proto\u017ee kolik \u0159e\u010d\u00ed um\u00ed\u0161, tolikr\u00e1t jsi \u010dlov\u011bkem! 61,7 km je vzd\u00e1lenost k n\u011bmeck\u00e9 hranici, na\u0161im soused\u016fm. V\u00fdukou ciz\u00edho jazyka m\u016f\u017eeme na\u0161\u00ed budouc\u00ed generaci otev\u0159\u00edt dve\u0159e do&nbsp;sv\u011bta. Nejen skrze jeho jazykovou znalost, ale&nbsp;tak\u00e9 d\u00edky pozn\u00e1n\u00ed jin\u00e9&nbsp;kultury, tradic a&nbsp;kamar\u00e1d\u016f (dobrovoln\u00edci, praktikanti), se kter\u00fdmi se d\u011bti ve \u0161kolce setk\u00e1vaj\u00ed.&nbsp;&nbsp;&nbsp;<\/li>\n<\/ul>\n\n\n\n<ul class=\"wp-block-list\">\n<li>Proto\u017ee sledujeme aktu\u00e1ln\u00ed trendy a&nbsp;chceme V\u00e1m umo\u017enit flexibilitu b\u011bhem Va\u0161eho pracovn\u00edho dne.&nbsp;Proto jsme <strong>otev\u00edrac\u00ed dobu \u0161kolky zvolili od 7-17 hodin<\/strong>. Krom\u011b pestr\u00e9ho programu v&nbsp;d\u011btsk\u00e9 skupin\u011b jsou v&nbsp;na\u0161\u00ed nab\u00eddce&nbsp;<a href=\"https:\/\/junikorn.webooker.eu\/\" target=\"_blank\" rel=\"noreferrer noopener\" aria-label=\" (otev\u0159e se na&nbsp;nov\u00e9 z\u00e1lo\u017ece)\">voliteln\u00e9 krou\u017eky<\/a>&nbsp;pro \u0161kolkov\u00e9 i&nbsp;extern\u00ed d\u011bti.&nbsp;<\/li>\n<\/ul>\n\n\n\n<ul class=\"wp-block-list\">\n<li>Proto\u017ee i&nbsp;V\u00e1m, rodi\u010d\u016fm, chceme umo\u017enit vlastn\u00ed rozvoj. Nab\u00edz\u00edme jazykov\u00e9 a&nbsp;sportovn\u00ed kurzy, workshopy a&nbsp;semin\u00e1\u0159e, kter\u00e9 n\u00e1m mohou b\u00fdt oporou p\u0159i vychov\u00e1v\u00e1n\u00ed d\u011bt\u00ed.&nbsp;<\/li>\n<\/ul>\n\n\n\n<ul class=\"wp-block-list\">\n<li>Proto\u017ee v\u00edme, \u017ee&nbsp;je t\u0159eba zm\u011bnit p\u0159\u00edstup k na\u0161\u00ed planet\u011b Zemi a&nbsp;b\u00fdt nejen p\u0159\u00edrod\u011b o&nbsp;krok bl\u00ed\u017e. <\/li>\n<\/ul>\n\n\n<div class=\"wp-block-image\">\n<figure class=\"aligncenter size-large is-resized\"><img loading=\"lazy\" decoding=\"async\" width=\"765\" height=\"1024\" src=\"https:\/\/www.junikorn.cz\/domains\/junikorn.cz\/domains\/junikorn.cz\/wp-content\/uploads\/2020\/03\/materska-skolka-junikorn-765x1024.jpg\" alt=\"\u010cesko n\u011bmeck\u00e1 \u0161kolka Junikorn Plze\u0148\" class=\"wp-image-355\" style=\"width:383px;height:512px\" srcset=\"https:\/\/www.junikorn.cz\/wp-content\/uploads\/2020\/03\/materska-skolka-junikorn-765x1024.jpg 765w, https:\/\/www.junikorn.cz\/wp-content\/uploads\/2020\/03\/materska-skolka-junikorn-224x300.jpg 224w, https:\/\/www.junikorn.cz\/wp-content\/uploads\/2020\/03\/materska-skolka-junikorn-768x1028.jpg 768w, https:\/\/www.junikorn.cz\/wp-content\/uploads\/2020\/03\/materska-skolka-junikorn.jpg 877w\" sizes=\"auto, (max-width: 765px) 100vw, 765px\" \/><\/figure>\n<\/div>","protected":false},"excerpt":{"rendered":"","protected":false},"author":1,"featured_media":0,"parent":10,"menu_order":0,"comment_status":"closed","ping_status":"closed","template":"","meta":{"_uag_custom_page_level_css":"","advgb_blocks_editor_width":"","advgb_blocks_columns_visual_guide":"","ngg_post_thumbnail":0,"footnotes":""},"class_list":["post-30","page","type-page","status-publish","hentry"],"aioseo_notices":[],"uagb_featured_image_src":{"full":false,"thumbnail":false,"medium":false,"medium_large":false,"large":false,"1536x1536":false,"2048x2048":false,"psacp-medium":false},"uagb_author_info":{"display_name":"kuldaoo","author_link":"https:\/\/www.junikorn.cz\/domains\/junikorn.cz\/author\/kuldaoo\/"},"uagb_comment_info":0,"uagb_excerpt":null,"coauthors":[],"author_meta":{"author_link":"https:\/\/www.junikorn.cz\/domains\/junikorn.cz\/author\/kuldaoo\/","display_name":"kuldaoo"},"relative_dates":{"created":"Posted 6 roky ago","modified":"Updated 2 roky ago"},"absolute_dates":{"created":"Posted on 6. 1. 2020","modified":"Updated on 2. 4. 2024"},"absolute_dates_time":{"created":"Posted on 6. 1. 2020 17:39","modified":"Updated on 2. 4. 2024 11:07"},"featured_img_caption":"","featured_img":false,"series_order":"","_links":{"self":[{"href":"https:\/\/www.junikorn.cz\/domains\/junikorn.cz\/wp-json\/wp\/v2\/pages\/30","targetHints":{"allow":["GET"]}}],"collection":[{"href":"https:\/\/www.junikorn.cz\/domains\/junikorn.cz\/wp-json\/wp\/v2\/pages"}],"about":[{"href":"https:\/\/www.junikorn.cz\/domains\/junikorn.cz\/wp-json\/wp\/v2\/types\/page"}],"author":[{"embeddable":true,"href":"https:\/\/www.junikorn.cz\/domains\/junikorn.cz\/wp-json\/wp\/v2\/users\/1"}],"replies":[{"embeddable":true,"href":"https:\/\/www.junikorn.cz\/domains\/junikorn.cz\/wp-json\/wp\/v2\/comments?post=30"}],"version-history":[{"count":13,"href":"https:\/\/www.junikorn.cz\/domains\/junikorn.cz\/wp-json\/wp\/v2\/pages\/30\/revisions"}],"predecessor-version":[{"id":3992,"href":"https:\/\/www.junikorn.cz\/domains\/junikorn.cz\/wp-json\/wp\/v2\/pages\/30\/revisions\/3992"}],"up":[{"embeddable":true,"href":"https:\/\/www.junikorn.cz\/domains\/junikorn.cz\/wp-json\/wp\/v2\/pages\/10"}],"wp:attachment":[{"href":"https:\/\/www.junikorn.cz\/domains\/junikorn.cz\/wp-json\/wp\/v2\/media?parent=30"}],"curies":[{"name":"wp","href":"https:\/\/api.w.org\/{rel}","templated":true}]}}