{"id":32,"date":"2020-01-06T17:40:06","date_gmt":"2020-01-06T16:40:06","guid":{"rendered":"http:\/\/junikorn.lkwebs.cz\/?page_id=32"},"modified":"2020-05-06T21:25:55","modified_gmt":"2020-05-06T19:25:55","slug":"napsali-o-nas","status":"publish","type":"page","link":"https:\/\/www.junikorn.cz\/domains\/junikorn.cz\/o-nas\/napsali-o-nas\/","title":{"rendered":"Napsali o n\u00e1s"},"content":{"rendered":"\n<p><\/p>\n\n\n\n<div class=\"wp-block-columns is-layout-flex wp-container-core-columns-is-layout-9d6595d7 wp-block-columns-is-layout-flex\">\n<div class=\"wp-block-column is-layout-flow wp-block-column-is-layout-flow\">\n<iframe loading=\"lazy\" src=\"https:\/\/www.youtube.com\/embed\/lzlqVupLs6Y\" allow=\"accelerometer; autoplay; encrypted-media; gyroscope; picture-in-picture\" allowfullscreen=\"\" width=\"560\" height=\"315\" frameborder=\"0\"><\/iframe>\n<\/div>\n\n\n\n<div class=\"wp-block-column is-layout-flow wp-block-column-is-layout-flow\">\n<iframe loading=\"lazy\" src=\"https:\/\/www.youtube.com\/embed\/kU1EoucEuvk\" allow=\"accelerometer; autoplay; encrypted-media; gyroscope; picture-in-picture\" allowfullscreen=\"\" width=\"560\" height=\"315\" frameborder=\"0\"><\/iframe>\n<\/div>\n<\/div>\n\n\n\n<h3 class=\"wp-block-heading\">Presse &#8211; und&nbsp;\u00d6ffentlichkeitsarbeit von&nbsp;Junikorn<\/h3>\n\n\n\n<p><strong>landesecho.cz<br><\/strong><a href=\"http:\/\/landesecho.cz\/index.php\/forum\/1129-mehr-als-ein-kindergarten-junikorn-feiert-seinen-5-geburtstag\" target=\"_blank\" rel=\"noreferrer noopener\" aria-label=\"Mehr Als&nbsp;Ein Kindergarten - Junikorn Feiert Seinen 5. Geburtstag (otev\u0159e se na&nbsp;nov\u00e9 z\u00e1lo\u017ece)\">Mehr Als&nbsp;Ein Kindergarten &#8211; Junikorn Feiert Seinen 5. Geburtstag<\/a><\/p>\n\n\n\n<p><strong>www.plzen.eu<\/strong><br><a href=\"https:\/\/www.plzen.eu\/o-meste\/aktuality\/aktuality-z-mesta\/bilingvni-materska-skolka-v-plzni-oslavila-pate-narozeniny.aspx?fbclid=IwAR10kZYzZ34Vyz4cc4kz9biZHjHMjq956LarbxYOUvs4_CUYh1JUE5FgiFU\">Bilingvn\u00ed mate\u0159sk\u00e1 \u0161kolka v&nbsp;Plzni oslavila p\u00e1t\u00e9 narozeniny<\/a><\/p>\n\n\n\n<p><strong>www.iDnes.cz<\/strong><br><a href=\"http:\/\/plzen.idnes.cz\/materska-skola-skola-cesko-nemecka-plzen-nova-volna-mista-pmo-\/plzen-zpravy.aspx?c=A140807_141543_plzen-zpravy_pp\">\u010cesko-n\u011bmeck\u00e1 \u0161kolka v&nbsp;Plzni nab\u00eddne d\u011btem plav\u00e1n\u00ed i&nbsp;j\u00f3gu<\/a><\/p>\n\n\n\n<p><strong>\u010cesk\u00fd rozhlas<\/strong>&nbsp;(www.rozhlas.cz)<br><a href=\"http:\/\/www.rozhlas.cz\/plzen\/zpravodajstvi\/_zprava\/v-plzni-vznika-ceskonemecka-skolka-deti-by-se-mely-naucit-oba-jazyky--1379197\">V&nbsp;Plzni vznik\u00e1 \u010desko-n\u011bmeck\u00e1 \u0161kolka, d\u011bti by se m\u011bly nau\u010dit oba jazyky<\/a><\/p>\n\n\n\n<p><strong>Koordina\u010dn\u00ed centrum \u010cesko-n\u011bmeck\u00e9 v\u00fdm\u011bny ml\u00e1de\u017ee Tandem<\/strong><br><a href=\"http:\/\/www.tandem.adam.cz\/aktuality\/v-plzni-vznika-nove-cesko-nemecke-rodinne-centrum-junikorn\">Pozv\u00e1nka na&nbsp;den otev\u0159en\u00fdch dve\u0159\u00ed do&nbsp;\u010desko-n\u011bmeck\u00e9 \u0161kolky Junikorn<\/a><\/p>\n\n\n\n<p><strong>\u010cesk\u00fd rozhlas Plze\u0148<\/strong><br><a href=\"http:\/\/prehravac.rozhlas.cz\/audio\/3145375\">Rozhovor s&nbsp;Janou Kone\u010dnou<\/a>&nbsp;na t\u00e9ma bilingu\u00e1ln\u00ed \u0161kolky a&nbsp;jejich pot\u0159eba v&nbsp;plze\u0148sk\u00e9m regionu<\/p>\n\n\n\n<p><strong>AHK \u2013 \u010cesko-n\u011bmeck\u00e1&nbsp;obchodn\u00ed a&nbsp;pr\u016fmyslov\u00e1 komora<\/strong><br><a href=\"http:\/\/www.ahk-plzen.cz\/aktuelles\/news-einzelansicht\/artikel\/deutsch-tschechischer-kindergarten-in-pilsen\/?cHash=313f60ce6114457141e375515fc594fd\">Informace o&nbsp;otev\u0159en\u00ed \u0161kolky a&nbsp;p\u0159\u00edtomnosti na&nbsp;Bavorsk\u00fdch dnech<\/a><\/p>\n\n\n\n<div class=\"wp-block-columns is-layout-flex wp-container-core-columns-is-layout-9d6595d7 wp-block-columns-is-layout-flex\">\n<div class=\"wp-block-column is-layout-flow wp-block-column-is-layout-flow\" style=\"flex-basis:33.33%\">\n<p><strong>Mlad\u00e1 Fronta DNES<\/strong><\/p>\n<p><a href=\"https:\/\/www.junikorn.cz\/domains\/junikorn.cz\/domains\/junikorn.cz\/wp-content\/uploads\/2020\/03\/dodmfd.jpg\"><img loading=\"lazy\" decoding=\"async\" class=\"alignnone size-medium wp-image-457\" src=\"https:\/\/www.junikorn.cz\/domains\/junikorn.cz\/domains\/junikorn.cz\/wp-content\/uploads\/2020\/03\/dodmfd-283x300.jpg\" alt=\"\" width=\"283\" height=\"300\" srcset=\"https:\/\/www.junikorn.cz\/wp-content\/uploads\/2020\/03\/dodmfd-283x300.jpg 283w, https:\/\/www.junikorn.cz\/wp-content\/uploads\/2020\/03\/dodmfd.jpg 642w\" sizes=\"auto, (max-width: 283px) 100vw, 283px\" \/><\/a><\/p>\n<\/div>\n\n\n\n<div class=\"wp-block-column is-layout-flow wp-block-column-is-layout-flow\" style=\"flex-basis:66.66%\">\n<p><strong>Plze\u0148sk\u00e1 1<\/strong><\/p>\n<iframe loading=\"lazy\" src=\"https:\/\/www.youtube.com\/embed\/xYNXGya46DI\" allow=\"accelerometer; autoplay; encrypted-media; gyroscope; picture-in-picture\" allowfullscreen=\"\" width=\"560\" height=\"295\" frameborder=\"0\"><\/iframe>\n<\/div>\n<\/div>\n\n\n<p><strong>Ostatn\u00ed zpr\u00e1vy<\/strong><\/p>\n<p><a href=\"https:\/\/www.junikorn.cz\/domains\/junikorn.cz\/domains\/junikorn.cz\/wp-content\/uploads\/2020\/03\/Junikorn-oslava-5-let-tiskov\u00e1-zpr\u00e1va-14.10.2019.pdf\">Junikorn &#8211; oslava 5&nbsp;let &#8211; tiskov\u00e1 zpr\u00e1va 14.10.2019 (pdf)<\/a><\/p>\n<p><a href=\"https:\/\/www.junikorn.cz\/domains\/junikorn.cz\/domains\/junikorn.cz\/wp-content\/uploads\/2020\/03\/Oslava-5-let-\u0161kolky-Plze\u0148sk\u00e1-jedni\u010dka.pdf\">Oslava 5&nbsp;let \u0161kolky &#8211; Plze\u0148sk\u00e1 jedni\u010dka (pdf)<\/a><\/p>","protected":false},"excerpt":{"rendered":"<p>Presse &#8211; und&nbsp;\u00d6ffentlichkeitsarbeit von&nbsp;Junikorn landesecho.czMehr Als&nbsp;Ein Kindergarten &#8211; Junikorn Feiert Seinen 5. Geburtstag www.plzen.euBilingvn\u00ed mate\u0159sk\u00e1 \u0161kolka v&nbsp;Plzni oslavila p\u00e1t\u00e9 narozeniny www.iDnes.cz\u010cesko-n\u011bmeck\u00e1 \u0161kolka v&nbsp;Plzni nab\u00eddne d\u011btem plav\u00e1n\u00ed i&nbsp;j\u00f3gu \u010cesk\u00fd rozhlas&nbsp;(www.rozhlas.cz)V&nbsp;Plzni vznik\u00e1 \u010desko-n\u011bmeck\u00e1 \u0161kolka, d\u011bti by se m\u011bly nau\u010dit oba jazyky Koordina\u010dn\u00ed centrum \u010cesko-n\u011bmeck\u00e9 v\u00fdm\u011bny ml\u00e1de\u017ee TandemPozv\u00e1nka na&nbsp;den otev\u0159en\u00fdch dve\u0159\u00ed do&nbsp;\u010desko-n\u011bmeck\u00e9 \u0161kolky Junikorn \u010cesk\u00fd rozhlas Plze\u0148Rozhovor s&nbsp;Janou [&hellip;]<\/p>\n","protected":false},"author":1,"featured_media":0,"parent":10,"menu_order":0,"comment_status":"closed","ping_status":"closed","template":"","meta":{"_uag_custom_page_level_css":"","advgb_blocks_editor_width":"","advgb_blocks_columns_visual_guide":"","ngg_post_thumbnail":0,"footnotes":""},"class_list":["post-32","page","type-page","status-publish","hentry"],"aioseo_notices":[],"uagb_featured_image_src":{"full":false,"thumbnail":false,"medium":false,"medium_large":false,"large":false,"1536x1536":false,"2048x2048":false,"psacp-medium":false},"uagb_author_info":{"display_name":"kuldaoo","author_link":"https:\/\/www.junikorn.cz\/domains\/junikorn.cz\/author\/kuldaoo\/"},"uagb_comment_info":0,"uagb_excerpt":"Presse &#8211; und&nbsp;\u00d6ffentlichkeitsarbeit von&nbsp;Junikorn landesecho.czMehr Als&nbsp;Ein Kindergarten &#8211; Junikorn Feiert Seinen 5. Geburtstag www.plzen.euBilingvn\u00ed mate\u0159sk\u00e1 \u0161kolka v&nbsp;Plzni oslavila p\u00e1t\u00e9 narozeniny www.iDnes.cz\u010cesko-n\u011bmeck\u00e1 \u0161kolka v&nbsp;Plzni nab\u00eddne d\u011btem plav\u00e1n\u00ed i&nbsp;j\u00f3gu \u010cesk\u00fd rozhlas&nbsp;(www.rozhlas.cz)V&nbsp;Plzni vznik\u00e1 \u010desko-n\u011bmeck\u00e1 \u0161kolka, d\u011bti by se m\u011bly nau\u010dit oba jazyky Koordina\u010dn\u00ed centrum \u010cesko-n\u011bmeck\u00e9 v\u00fdm\u011bny ml\u00e1de\u017ee TandemPozv\u00e1nka na&nbsp;den otev\u0159en\u00fdch dve\u0159\u00ed do&nbsp;\u010desko-n\u011bmeck\u00e9 \u0161kolky Junikorn \u010cesk\u00fd rozhlas Plze\u0148Rozhovor s&nbsp;Janou&hellip;","coauthors":[],"author_meta":{"author_link":"https:\/\/www.junikorn.cz\/domains\/junikorn.cz\/author\/kuldaoo\/","display_name":"kuldaoo"},"relative_dates":{"created":"Posted 6 roky ago","modified":"Updated 6 roky ago"},"absolute_dates":{"created":"Posted on 6. 1. 2020","modified":"Updated on 6. 5. 2020"},"absolute_dates_time":{"created":"Posted on 6. 1. 2020 17:40","modified":"Updated on 6. 5. 2020 21:25"},"featured_img_caption":"","featured_img":false,"series_order":"","_links":{"self":[{"href":"https:\/\/www.junikorn.cz\/domains\/junikorn.cz\/wp-json\/wp\/v2\/pages\/32","targetHints":{"allow":["GET"]}}],"collection":[{"href":"https:\/\/www.junikorn.cz\/domains\/junikorn.cz\/wp-json\/wp\/v2\/pages"}],"about":[{"href":"https:\/\/www.junikorn.cz\/domains\/junikorn.cz\/wp-json\/wp\/v2\/types\/page"}],"author":[{"embeddable":true,"href":"https:\/\/www.junikorn.cz\/domains\/junikorn.cz\/wp-json\/wp\/v2\/users\/1"}],"replies":[{"embeddable":true,"href":"https:\/\/www.junikorn.cz\/domains\/junikorn.cz\/wp-json\/wp\/v2\/comments?post=32"}],"version-history":[{"count":24,"href":"https:\/\/www.junikorn.cz\/domains\/junikorn.cz\/wp-json\/wp\/v2\/pages\/32\/revisions"}],"predecessor-version":[{"id":1418,"href":"https:\/\/www.junikorn.cz\/domains\/junikorn.cz\/wp-json\/wp\/v2\/pages\/32\/revisions\/1418"}],"up":[{"embeddable":true,"href":"https:\/\/www.junikorn.cz\/domains\/junikorn.cz\/wp-json\/wp\/v2\/pages\/10"}],"wp:attachment":[{"href":"https:\/\/www.junikorn.cz\/domains\/junikorn.cz\/wp-json\/wp\/v2\/media?parent=32"}],"curies":[{"name":"wp","href":"https:\/\/api.w.org\/{rel}","templated":true}]}}