{"id":36,"date":"2020-01-06T17:40:31","date_gmt":"2020-01-06T16:40:31","guid":{"rendered":"http:\/\/junikorn.lkwebs.cz\/?page_id=36"},"modified":"2023-09-26T13:39:59","modified_gmt":"2023-09-26T11:39:59","slug":"volna-mista","status":"publish","type":"page","link":"https:\/\/www.junikorn.cz\/domains\/junikorn.cz\/o-nas\/volna-mista\/","title":{"rendered":"Voln\u00e1 m\u00edsta"},"content":{"rendered":"\n<p>Aktu\u00e1ln\u011b jsou v\u0161echny pracovn\u00ed pozice obsazeny. <\/p>\n\n\n\n<p><\/p>\n","protected":false},"excerpt":{"rendered":"<p>Aktu\u00e1ln\u011b jsou v\u0161echny pracovn\u00ed pozice obsazeny.<\/p>\n","protected":false},"author":1,"featured_media":0,"parent":10,"menu_order":0,"comment_status":"closed","ping_status":"closed","template":"","meta":{"_uag_custom_page_level_css":"","advgb_blocks_editor_width":"","advgb_blocks_columns_visual_guide":"","ngg_post_thumbnail":0,"footnotes":""},"class_list":["post-36","page","type-page","status-publish","hentry"],"aioseo_notices":[],"uagb_featured_image_src":{"full":false,"thumbnail":false,"medium":false,"medium_large":false,"large":false,"1536x1536":false,"2048x2048":false,"psacp-medium":false},"uagb_author_info":{"display_name":"kuldaoo","author_link":"https:\/\/www.junikorn.cz\/domains\/junikorn.cz\/author\/kuldaoo\/"},"uagb_comment_info":0,"uagb_excerpt":"Aktu\u00e1ln\u011b jsou v\u0161echny pracovn\u00ed pozice obsazeny.","coauthors":[],"author_meta":{"author_link":"https:\/\/www.junikorn.cz\/domains\/junikorn.cz\/author\/kuldaoo\/","display_name":"kuldaoo"},"relative_dates":{"created":"Posted 6 roky ago","modified":"Updated 3 roky ago"},"absolute_dates":{"created":"Posted on 6. 1. 2020","modified":"Updated on 26. 9. 2023"},"absolute_dates_time":{"created":"Posted on 6. 1. 2020 17:40","modified":"Updated on 26. 9. 2023 13:39"},"featured_img_caption":"","featured_img":false,"series_order":"","_links":{"self":[{"href":"https:\/\/www.junikorn.cz\/domains\/junikorn.cz\/wp-json\/wp\/v2\/pages\/36","targetHints":{"allow":["GET"]}}],"collection":[{"href":"https:\/\/www.junikorn.cz\/domains\/junikorn.cz\/wp-json\/wp\/v2\/pages"}],"about":[{"href":"https:\/\/www.junikorn.cz\/domains\/junikorn.cz\/wp-json\/wp\/v2\/types\/page"}],"author":[{"embeddable":true,"href":"https:\/\/www.junikorn.cz\/domains\/junikorn.cz\/wp-json\/wp\/v2\/users\/1"}],"replies":[{"embeddable":true,"href":"https:\/\/www.junikorn.cz\/domains\/junikorn.cz\/wp-json\/wp\/v2\/comments?post=36"}],"version-history":[{"count":25,"href":"https:\/\/www.junikorn.cz\/domains\/junikorn.cz\/wp-json\/wp\/v2\/pages\/36\/revisions"}],"predecessor-version":[{"id":3669,"href":"https:\/\/www.junikorn.cz\/domains\/junikorn.cz\/wp-json\/wp\/v2\/pages\/36\/revisions\/3669"}],"up":[{"embeddable":true,"href":"https:\/\/www.junikorn.cz\/domains\/junikorn.cz\/wp-json\/wp\/v2\/pages\/10"}],"wp:attachment":[{"href":"https:\/\/www.junikorn.cz\/domains\/junikorn.cz\/wp-json\/wp\/v2\/media?parent=36"}],"curies":[{"name":"wp","href":"https:\/\/api.w.org\/{rel}","templated":true}]}}