{"id":38,"date":"2020-01-06T17:40:46","date_gmt":"2020-01-06T16:40:46","guid":{"rendered":"http:\/\/junikorn.lkwebs.cz\/?page_id=38"},"modified":"2026-01-07T12:38:34","modified_gmt":"2026-01-07T11:38:34","slug":"trida-hvezdicek","status":"publish","type":"page","link":"https:\/\/www.junikorn.cz\/domains\/junikorn.cz\/skolicka\/trida-hvezdicek\/","title":{"rendered":"T\u0159\u00eddy"},"content":{"rendered":"\n<p>Kapacita DS Junikorn je 24 d\u011bt\u00ed. Fungujeme ve dvou t\u0159\u00edd\u00e1ch:&nbsp;<\/p>\n\n\n\n<div class=\"wp-block-uagb-info-box uagb-block-5cdb8755 uagb-infobox__content-wrap  uagb-infobox-icon-above-title uagb-infobox-image-valign-top\"><div class=\"uagb-ifb-content\"><div class=\"uagb-ifb-image-content\"><img decoding=\"async\" src=\"https:\/\/www.junikorn.cz\/wp-content\/uploads\/2026\/01\/junikorn-tridy.jpeg\" alt=\"T\u0159\u00edda Slun\u00ed\u010dek\" width=\"120\" height=\"110\" loading=\"lazy\"\/><\/div><div class=\"uagb-ifb-title-wrap\"><h3 class=\"uagb-ifb-title\"><strong>T\u0159\u00edda Slun\u00ed\u010dek (2,5 &#8211; 3,5 let)<\/strong><\/h3><\/div><div class=\"uagb-ifb-separator\"><\/div><p class=\"uagb-ifb-desc\">Ve t\u0159\u00edd\u011b se nach\u00e1z\u00ed maxim\u00e1ln\u011b 8&nbsp;d\u011bt\u00ed. D\u011btem se v\u011bnuje \u010desk\u00e1 pedago\u017eka a&nbsp;n\u011bmeck\u00e1 rodil\u00e1 mluv\u010d\u00ed. D\u011bti t\u00edmto zp\u016fsobem zcela p\u0159irozen\u011b p\u0159ich\u00e1z\u00ed do&nbsp;prvn\u00edho kontaktu s&nbsp;n\u011bm\u010dinou a&nbsp;socializuj\u00ed se. D\u00edky mal\u00e9 kapacit\u011b skupiny je zaji\u0161t\u011bn individu\u00e1ln\u00ed p\u0159\u00edstup. Db\u00e1me na&nbsp;samostatnost d\u00edt\u011bte. D\u011btem pom\u00e1h\u00e1me osvojovat si spr\u00e1vn\u00e9 n\u00e1vyky sebeobsluhy &#8211; p\u0159i stravov\u00e1n\u00ed, obl\u00e9k\u00e1n\u00ed, vykon\u00e1v\u00e1n\u00ed pot\u0159eby. U\u010d\u00edme d\u011bti, aby se um\u011bly vyj\u00e1d\u0159it a&nbsp;definovat sv\u00e9 pot\u0159eby a&nbsp;pocity. T\u0159\u00edda Slun\u00ed\u010dek je \u201cp\u0159\u00edpravkou\u201d pro&nbsp;nav\u00e1z\u00e1n\u00ed na&nbsp;t\u0159\u00eddu Hv\u011bzdi\u010dek.<\/p><\/div><\/div>\n\n\n\n<figure class=\"wp-block-image size-large\"><img loading=\"lazy\" decoding=\"async\" width=\"1024\" height=\"683\" src=\"https:\/\/www.junikorn.cz\/domains\/junikorn.cz\/wp-content\/uploads\/2024\/06\/13-ks-MS-Junikorn-jaro2024-026-1-1024x683.jpg\" alt=\"\" class=\"wp-image-4097\" srcset=\"https:\/\/www.junikorn.cz\/wp-content\/uploads\/2024\/06\/13-ks-MS-Junikorn-jaro2024-026-1-1024x683.jpg 1024w, https:\/\/www.junikorn.cz\/wp-content\/uploads\/2024\/06\/13-ks-MS-Junikorn-jaro2024-026-1-300x200.jpg 300w, https:\/\/www.junikorn.cz\/wp-content\/uploads\/2024\/06\/13-ks-MS-Junikorn-jaro2024-026-1-768x512.jpg 768w, https:\/\/www.junikorn.cz\/wp-content\/uploads\/2024\/06\/13-ks-MS-Junikorn-jaro2024-026-1-1536x1024.jpg 1536w, https:\/\/www.junikorn.cz\/wp-content\/uploads\/2024\/06\/13-ks-MS-Junikorn-jaro2024-026-1-2048x1366.jpg 2048w\" sizes=\"auto, (max-width: 1024px) 100vw, 1024px\" \/><\/figure>\n\n\n\n<div class=\"wp-block-uagb-info-box uagb-block-2a70be08 uagb-infobox__content-wrap  uagb-infobox-icon-above-title uagb-infobox-image-valign-top\"><div class=\"uagb-ifb-content\"><div class=\"uagb-ifb-image-content\"><img decoding=\"async\" src=\"https:\/\/www.junikorn.cz\/wp-content\/uploads\/2026\/01\/junikorn-trida-hvezdicek.png\" alt=\"T\u0159\u00edda Hv\u011bzdi\u010dek\" width=\"120\" height=\"120\" loading=\"lazy\"\/><\/div><div class=\"uagb-ifb-title-wrap\"><h3 class=\"uagb-ifb-title\">T\u0159\u00edda Hv\u011bzdi\u010dek (3,5 &#8211; 6&nbsp;let)<\/h3><\/div><div class=\"uagb-ifb-separator\"><\/div><p class=\"uagb-ifb-desc\"> Kapacita t\u0159\u00eddy Hv\u011bzdi\u010dek je 16 d\u011bt\u00ed, kter\u00e9 b\u00fdvaj\u00ed b\u011bhem dne rozd\u011blov\u00e1ny na&nbsp;men\u0161\u00ed skupiny dle v\u011bku &#8211; nap\u0159. p\u0159ed\u0161kol\u00e1ci maj\u00ed vlastn\u00ed p\u0159\u00edpravu na&nbsp;n\u00e1stup do&nbsp;Z\u0160.&nbsp; Pedagogick\u00fd program je sestaven tak, aby rozv\u00edjel d\u00edt\u011b v\u0161estrann\u011b a&nbsp;d\u00e1val mu pot\u0159ebn\u00e9 podn\u011bty, u\u010dil jej fungovat ve skupin\u011b a&nbsp;navazovat kontakty s&nbsp;ostatn\u00edmi d\u011btmi. Z\u00e1rove\u0148 db\u00e1me na&nbsp;individu\u00e1ln\u00ed pot\u0159eby jednotlivce a&nbsp;jeho rozvoj. B\u011bhem roku se v\u011bnujeme tematick\u00fdm okruh\u016fm, kter\u00e9 spojuje celoro\u010dn\u00ed p\u0159\u00edb\u011bh. Ve v\u011bkov\u011b heterogenn\u00ed skupin\u011b se star\u0161\u00ed d\u011bti p\u0159irozen\u011b u\u010d\u00ed pom\u00e1hat mlad\u0161\u00edm a&nbsp;star\u0161\u00ed d\u011bti b\u00fdvaj\u00ed vzorem pro&nbsp;sv\u00e9 mal\u00e9 kamar\u00e1dy.&nbsp;<br> O&nbsp;d\u011bti se denn\u011b staraj\u00ed \u010de\u0161t\u00ed a&nbsp;n\u011bme\u010dt\u00ed rodil\u00ed mluv\u010d\u00ed. Cel\u00fd den&nbsp;hovo\u0159\u00edme ob\u011bma jazyky, t\u00edm rozv\u00edj\u00edme jazykov\u00e9 kompetence d\u011bt\u00ed ji\u017e od ran\u00e9ho v\u011bku, v&nbsp;p\u0159irozen\u00fdch situac\u00edch. Z\u00e1rove\u0148 d\u00edt\u011b vyr\u016fstaj\u00edc\u00ed v&nbsp;internacion\u00e1ln\u00edm prost\u0159ed\u00ed, m\u00e1 p\u0159\u00edle\u017eitost sezn\u00e1mit se s&nbsp;d\u011btmi z&nbsp;jin\u00fdch kultur.  <\/p><\/div><\/div>\n\n\n\n<figure class=\"wp-block-image size-large\"><img loading=\"lazy\" decoding=\"async\" width=\"1024\" height=\"683\" src=\"https:\/\/www.junikorn.cz\/domains\/junikorn.cz\/wp-content\/uploads\/2024\/06\/27ks-MS-Junikorn-jaro2024-043-2-1024x683.jpg\" alt=\"\" class=\"wp-image-4098\" srcset=\"https:\/\/www.junikorn.cz\/wp-content\/uploads\/2024\/06\/27ks-MS-Junikorn-jaro2024-043-2-1024x683.jpg 1024w, https:\/\/www.junikorn.cz\/wp-content\/uploads\/2024\/06\/27ks-MS-Junikorn-jaro2024-043-2-300x200.jpg 300w, https:\/\/www.junikorn.cz\/wp-content\/uploads\/2024\/06\/27ks-MS-Junikorn-jaro2024-043-2-768x512.jpg 768w, https:\/\/www.junikorn.cz\/wp-content\/uploads\/2024\/06\/27ks-MS-Junikorn-jaro2024-043-2-1536x1025.jpg 1536w, https:\/\/www.junikorn.cz\/wp-content\/uploads\/2024\/06\/27ks-MS-Junikorn-jaro2024-043-2-2048x1366.jpg 2048w\" sizes=\"auto, (max-width: 1024px) 100vw, 1024px\" \/><\/figure>\n\n\n\n<p><\/p>\n","protected":false},"excerpt":{"rendered":"<p>Kapacita DS Junikorn je 24 d\u011bt\u00ed. Fungujeme ve dvou t\u0159\u00edd\u00e1ch:&nbsp;<\/p>\n","protected":false},"author":1,"featured_media":0,"parent":12,"menu_order":2,"comment_status":"closed","ping_status":"closed","template":"","meta":{"_uag_custom_page_level_css":"","advgb_blocks_editor_width":"","advgb_blocks_columns_visual_guide":"","ngg_post_thumbnail":0,"footnotes":""},"class_list":["post-38","page","type-page","status-publish","hentry"],"aioseo_notices":[],"uagb_featured_image_src":{"full":false,"thumbnail":false,"medium":false,"medium_large":false,"large":false,"1536x1536":false,"2048x2048":false,"psacp-medium":false},"uagb_author_info":{"display_name":"kuldaoo","author_link":"https:\/\/www.junikorn.cz\/domains\/junikorn.cz\/author\/kuldaoo\/"},"uagb_comment_info":0,"uagb_excerpt":"Kapacita DS Junikorn je 24 d\u011bt\u00ed. Fungujeme ve dvou t\u0159\u00edd\u00e1ch:&nbsp;","coauthors":[],"author_meta":{"author_link":"https:\/\/www.junikorn.cz\/domains\/junikorn.cz\/author\/kuldaoo\/","display_name":"kuldaoo"},"relative_dates":{"created":"Posted 6 roky ago","modified":"Updated 4 m\u011bs\u00edce ago"},"absolute_dates":{"created":"Posted on 6. 1. 2020","modified":"Updated on 7. 1. 2026"},"absolute_dates_time":{"created":"Posted on 6. 1. 2020 17:40","modified":"Updated on 7. 1. 2026 12:38"},"featured_img_caption":"","featured_img":false,"series_order":"","_links":{"self":[{"href":"https:\/\/www.junikorn.cz\/domains\/junikorn.cz\/wp-json\/wp\/v2\/pages\/38","targetHints":{"allow":["GET"]}}],"collection":[{"href":"https:\/\/www.junikorn.cz\/domains\/junikorn.cz\/wp-json\/wp\/v2\/pages"}],"about":[{"href":"https:\/\/www.junikorn.cz\/domains\/junikorn.cz\/wp-json\/wp\/v2\/types\/page"}],"author":[{"embeddable":true,"href":"https:\/\/www.junikorn.cz\/domains\/junikorn.cz\/wp-json\/wp\/v2\/users\/1"}],"replies":[{"embeddable":true,"href":"https:\/\/www.junikorn.cz\/domains\/junikorn.cz\/wp-json\/wp\/v2\/comments?post=38"}],"version-history":[{"count":20,"href":"https:\/\/www.junikorn.cz\/domains\/junikorn.cz\/wp-json\/wp\/v2\/pages\/38\/revisions"}],"predecessor-version":[{"id":4919,"href":"https:\/\/www.junikorn.cz\/domains\/junikorn.cz\/wp-json\/wp\/v2\/pages\/38\/revisions\/4919"}],"up":[{"embeddable":true,"href":"https:\/\/www.junikorn.cz\/domains\/junikorn.cz\/wp-json\/wp\/v2\/pages\/12"}],"wp:attachment":[{"href":"https:\/\/www.junikorn.cz\/domains\/junikorn.cz\/wp-json\/wp\/v2\/media?parent=38"}],"curies":[{"name":"wp","href":"https:\/\/api.w.org\/{rel}","templated":true}]}}