{"id":42,"date":"2020-01-06T17:41:10","date_gmt":"2020-01-06T16:41:10","guid":{"rendered":"http:\/\/junikorn.lkwebs.cz\/?page_id=42"},"modified":"2026-01-07T12:43:19","modified_gmt":"2026-01-07T11:43:19","slug":"stravovani","status":"publish","type":"page","link":"https:\/\/www.junikorn.cz\/domains\/junikorn.cz\/skolicka\/stravovani\/","title":{"rendered":"Strava"},"content":{"rendered":"\n<p>V&nbsp;r\u00e1mci v\u00fdchovy vn\u00edm\u00e1me jako podstatn\u00e9 v\u011bnovat se spole\u010dn\u011b s&nbsp;d\u011btmi ot\u00e1zce zdrav\u00e9ho stravov\u00e1n\u00ed. Mluv\u00edme s&nbsp;nimi o&nbsp;tom, kde a&nbsp;jak plodiny a&nbsp;suroviny vznikaj\u00ed, jak se s&nbsp;nimi zach\u00e1z\u00ed, pravideln\u011b za\u0159azujeme do&nbsp;programu aktivity, kdy si d\u011bti za pomoci pedagoga chystaj\u00ed sva\u010dinu, ozdob\u00ed si j\u00ed, u\u010d\u00ed se namazat chleba nebo si jej rovnou upe\u010deme. B\u011bhem roku pozorujeme na&nbsp;zahrad\u011b z\u00e1honek, kde p\u011bstujeme \u010derstv\u00e9 bylinky, raj\u010data, hr\u00e1\u0161ek, jahody aj. <\/p>\n\n\n<div class=\"wp-block-image\">\n<figure class=\"aligncenter size-medium\"><img loading=\"lazy\" decoding=\"async\" width=\"300\" height=\"273\" src=\"https:\/\/www.junikorn.cz\/domains\/junikorn.cz\/domains\/junikorn.cz\/wp-content\/uploads\/2020\/03\/junikorn-stravovani-300x273.jpeg\" alt=\"\" class=\"wp-image-380\" srcset=\"https:\/\/www.junikorn.cz\/wp-content\/uploads\/2020\/03\/junikorn-stravovani-300x273.jpeg 300w, https:\/\/www.junikorn.cz\/wp-content\/uploads\/2020\/03\/junikorn-stravovani-768x700.jpeg 768w, https:\/\/www.junikorn.cz\/wp-content\/uploads\/2020\/03\/junikorn-stravovani.jpeg 800w\" sizes=\"auto, (max-width: 300px) 100vw, 300px\" \/><\/figure>\n<\/div>\n\n\n<p>Dopoledn\u00ed i&nbsp;odpoledn\u00ed sva\u010dina se skl\u00e1d\u00e1 ze dvou chod\u016f &#8211; ovocn\u00e9ho\/zeleninov\u00e9ho tal\u00ed\u0159e a&nbsp;sva\u010dinov\u00e9ho pokrmu (r\u016fzn\u00e9 ka\u0161e, jogurty, m\u00fcsli, r\u016fzn\u00e9 druhy pe\u010diva s&nbsp;pomaz\u00e1nkami). Se sestavov\u00e1n\u00edm zdrav\u00e9ho j\u00eddeln\u00ed\u010dku a&nbsp;jeho pravidelnou obm\u011bnou n\u00e1m pom\u00e1h\u00e1 na\u0161e <a href=\"https:\/\/www.pani-dyne.cz\/vseobecne-podminky\/zakladni-udaje\/2\/\">foodmentorka Mgr. Lenka Roj\u00edkov\u00e1, DiS. &#8211; alias Pan\u00ed D\u00fdn\u011b<\/a>. <\/p>\n\n\n\n<div class=\"wp-block-uagb-team uagb-team__image-position-left uagb-team__align-center uagb-team__stack-tablet uagb-block-3c244108-382c-4791-b805-836e66c1c851\"><img decoding=\"async\" class=\"uagb-team__image-crop-circle\" src=\"https:\/\/www.junikorn.cz\/wp-content\/uploads\/2026\/01\/pani-dyne.jpg\" alt=\"junikorn pan\u00ed D\u00fdn\u011b\" height=\"350\" width=\"350\" loading=\"lazy\"\/><div class=\"uagb-team__content\"><h3 class=\"uagb-team__title\">Mgr. Lenka Roj\u00edkov\u00e1, DiS<\/h3><span class=\"uagb-team__prefix\">&#8222;Frau K\u00fcrbis&#8220; &#8211; &#8222;pan\u00ed D\u00fdn\u011b&#8220;<\/span><p class=\"uagb-team__desc\">&#8222;Cht\u011bla bych V\u00e1m uk\u00e1zat, \u017ee&nbsp;zdrav\u00e1 v\u00fd\u017eiva m\u016f\u017ee b\u00fdt pestr\u00e1, chutn\u00e1 a&nbsp;vyv\u00e1\u017een\u00e1. Cht\u011bla bych V\u00e1m to uleh\u010dit, proto s&nbsp;V\u00e1mi sd\u00edl\u00edm sv\u00e9 dlouholet\u00e9 zku\u0161enosti a&nbsp;praktick\u00e9 rady, kter\u00e9 jsem na&nbsp;sv\u00e9 profesn\u00ed cest\u011b z\u00edskala.&#8220;<\/p><\/div><\/div>\n\n\n\n<p>Ob\u011bdy odeb\u00edr\u00e1me z<a aria-label=\" (otev\u0159e se na&nbsp;nov\u00e9 z\u00e1lo\u017ece)\" href=\"https:\/\/www.obchodulidusky.cz\/bistro\/\" target=\"_blank\" rel=\"noreferrer noopener\"> Bistra U&nbsp;Lidu\u0161ky<\/a>,&nbsp;kter\u00e9 va\u0159\u00ed z&nbsp;region\u00e1ln\u00edch potravin. <\/p>\n\n\n\n<div class=\"wp-block-uagb-team uagb-team__image-position-right uagb-team__align-center uagb-team__stack-tablet uagb-block-eaa67d38\"><div class=\"uagb-team__content\"><h3 class=\"uagb-team__title\">Bistro U&nbsp;Lidu\u0161ky<\/h3><span class=\"uagb-team__prefix\">Iveta Churav\u00e1<\/span><p class=\"uagb-team__desc\">\u201cNab\u00edz\u00edme zdrav\u00e9 potraviny, podporujeme rodinn\u00e9 farm\u00e1\u0159e a&nbsp;lok\u00e1ln\u00ed v\u00fdrobce. Prod\u00e1v\u00e1me kvalitn\u00ed \u010desk\u00e9 v\u00fdrobky &#8211; pe\u010divo, ml\u00e9\u010dn\u00e9 v\u00fdrobky, maso, ryby, uzeniny, mo\u0161ty, v\u00edna, v\u00fdrobky pro&nbsp;alergiky &#8230; U&nbsp;n\u00e1s nakoup\u00edte v\u0161e pro&nbsp;celou rodinu.\u201d<\/p><\/div><img decoding=\"async\" class=\"uagb-team__image-crop-circle\" src=\"https:\/\/www.junikorn.cz\/wp-content\/uploads\/2026\/01\/junikorn-stravovani-u-lidusky.jpg\" alt=\"Junikornt Stravov\u00e1n\u00ed u&nbsp;Lidu\u0161ky\" height=\"350\" width=\"350\" loading=\"lazy\"\/><\/div>\n\n\n\n<p>Dietn\u00edm stravovac\u00edm n\u00e1vyk\u016fm u&nbsp;d\u011bt\u00ed jsme schopni vyj\u00edt vst\u0159\u00edc. V\u0161e z\u00e1le\u017e\u00ed na&nbsp;na\u0161\u00ed individu\u00e1ln\u00ed domluv\u011b. <br><\/p>\n","protected":false},"excerpt":{"rendered":"<p>V&nbsp;r\u00e1mci v\u00fdchovy vn\u00edm\u00e1me jako podstatn\u00e9 v\u011bnovat se spole\u010dn\u011b s&nbsp;d\u011btmi ot\u00e1zce zdrav\u00e9ho stravov\u00e1n\u00ed. Mluv\u00edme s&nbsp;nimi o&nbsp;tom, kde a&nbsp;jak plodiny a&nbsp;suroviny vznikaj\u00ed, jak se s&nbsp;nimi zach\u00e1z\u00ed, pravideln\u011b za\u0159azujeme do&nbsp;programu aktivity, kdy si d\u011bti za pomoci pedagoga chystaj\u00ed sva\u010dinu, ozdob\u00ed si j\u00ed, u\u010d\u00ed se namazat chleba nebo si jej rovnou upe\u010deme. B\u011bhem roku pozorujeme na&nbsp;zahrad\u011b z\u00e1honek, kde p\u011bstujeme [&hellip;]<\/p>\n","protected":false},"author":32,"featured_media":0,"parent":12,"menu_order":3,"comment_status":"closed","ping_status":"closed","template":"","meta":{"_uag_custom_page_level_css":"","advgb_blocks_editor_width":"","advgb_blocks_columns_visual_guide":"","ngg_post_thumbnail":0,"footnotes":""},"class_list":["post-42","page","type-page","status-publish","hentry"],"aioseo_notices":[],"uagb_featured_image_src":{"full":false,"thumbnail":false,"medium":false,"medium_large":false,"large":false,"1536x1536":false,"2048x2048":false,"psacp-medium":false},"uagb_author_info":{"display_name":"Kurzy Junikorn","author_link":"https:\/\/www.junikorn.cz\/domains\/junikorn.cz\/author\/kurzy\/"},"uagb_comment_info":0,"uagb_excerpt":"V&nbsp;r\u00e1mci v\u00fdchovy vn\u00edm\u00e1me jako podstatn\u00e9 v\u011bnovat se spole\u010dn\u011b s&nbsp;d\u011btmi ot\u00e1zce zdrav\u00e9ho stravov\u00e1n\u00ed. Mluv\u00edme s&nbsp;nimi o&nbsp;tom, kde a&nbsp;jak plodiny a&nbsp;suroviny vznikaj\u00ed, jak se s&nbsp;nimi zach\u00e1z\u00ed, pravideln\u011b za\u0159azujeme do&nbsp;programu aktivity, kdy si d\u011bti za pomoci pedagoga chystaj\u00ed sva\u010dinu, ozdob\u00ed si j\u00ed, u\u010d\u00ed se namazat chleba nebo si jej rovnou upe\u010deme. B\u011bhem roku pozorujeme na&nbsp;zahrad\u011b z\u00e1honek, kde p\u011bstujeme&hellip;","coauthors":[],"author_meta":{"author_link":"https:\/\/www.junikorn.cz\/domains\/junikorn.cz\/author\/kurzy\/","display_name":"Kurzy Junikorn"},"relative_dates":{"created":"Posted 6 roky ago","modified":"Updated 4 m\u011bs\u00edce ago"},"absolute_dates":{"created":"Posted on 6. 1. 2020","modified":"Updated on 7. 1. 2026"},"absolute_dates_time":{"created":"Posted on 6. 1. 2020 17:41","modified":"Updated on 7. 1. 2026 12:43"},"featured_img_caption":"","featured_img":false,"series_order":"","_links":{"self":[{"href":"https:\/\/www.junikorn.cz\/domains\/junikorn.cz\/wp-json\/wp\/v2\/pages\/42","targetHints":{"allow":["GET"]}}],"collection":[{"href":"https:\/\/www.junikorn.cz\/domains\/junikorn.cz\/wp-json\/wp\/v2\/pages"}],"about":[{"href":"https:\/\/www.junikorn.cz\/domains\/junikorn.cz\/wp-json\/wp\/v2\/types\/page"}],"author":[{"embeddable":true,"href":"https:\/\/www.junikorn.cz\/domains\/junikorn.cz\/wp-json\/wp\/v2\/users\/32"}],"replies":[{"embeddable":true,"href":"https:\/\/www.junikorn.cz\/domains\/junikorn.cz\/wp-json\/wp\/v2\/comments?post=42"}],"version-history":[{"count":21,"href":"https:\/\/www.junikorn.cz\/domains\/junikorn.cz\/wp-json\/wp\/v2\/pages\/42\/revisions"}],"predecessor-version":[{"id":4925,"href":"https:\/\/www.junikorn.cz\/domains\/junikorn.cz\/wp-json\/wp\/v2\/pages\/42\/revisions\/4925"}],"up":[{"embeddable":true,"href":"https:\/\/www.junikorn.cz\/domains\/junikorn.cz\/wp-json\/wp\/v2\/pages\/12"}],"wp:attachment":[{"href":"https:\/\/www.junikorn.cz\/domains\/junikorn.cz\/wp-json\/wp\/v2\/media?parent=42"}],"curies":[{"name":"wp","href":"https:\/\/api.w.org\/{rel}","templated":true}]}}